{"id":8342,"date":"2024-12-20T19:39:05","date_gmt":"2024-12-20T19:39:05","guid":{"rendered":"https:\/\/whitelip.com\/velo-ruby-berry\/"},"modified":"2026-05-06T10:11:36","modified_gmt":"2026-05-06T10:11:36","slug":"velo-ruby-berry","status":"publish","type":"product","link":"https:\/\/whitelip.com\/cs\/velo\/velo-ruby-berry\/","title":{"rendered":"VELO Ruby Berry"},"content":{"rendered":"<h2><strong>VELO Ruby Berry<\/strong><\/h2>\n<p><span style=\"font-weight: 400;\">VELO Ruby Berry p\u0159edstavuje rafinovan\u00e9 spojen\u00ed \u0161\u0165avnat\u00fdch jahod vyv\u00e1\u017een\u00fdch t\u00f3ny \u010derven\u00fdch bobul\u00ed, kter\u00e9 nab\u00edz\u00ed ovocn\u00fd a sofistikovan\u00fd nikotinov\u00fd z\u00e1\u017eitek, jen\u017e pot\u011b\u0161\u00ed chu\u0165ov\u00e9 poh\u00e1rky. Tyto tenk\u00e9, zcela b\u00edl\u00e9 nikotinov\u00e9 s\u00e1\u010dky neobsahuj\u00ed tab\u00e1k a jsou navr\u017eeny pro diskr\u00e9tn\u00ed a pohodln\u00e9 no\u0161en\u00ed, co\u017e zaji\u0161\u0165uje minim\u00e1ln\u00ed odkap\u00e1v\u00e1n\u00ed a konzistentn\u00ed uvol\u0148ov\u00e1n\u00ed chuti a nikotinu.<\/span><\/p>\n<table>\n<tbody>\n<tr>\n<td><b>Atribut<\/b><\/td>\n<td><b>Podrobnosti na<\/b><\/td>\n<\/tr>\n<tr>\n<td><span style=\"font-weight: 400;\">Zna\u010dka<\/span><\/td>\n<td><span style=\"font-weight: 400;\">VELO<\/span><\/td>\n<\/tr>\n<tr>\n<td><span style=\"font-weight: 400;\">Typ v\u00fdrobku<\/span><\/td>\n<td><span style=\"font-weight: 400;\">V\u0161echny b\u00edl\u00e9 nikotinov\u00e9 s\u00e1\u010dky<\/span><\/td>\n<\/tr>\n<tr>\n<td><span style=\"font-weight: 400;\">Form\u00e1t<\/span><\/td>\n<td><span style=\"font-weight: 400;\">Slim<\/span><\/td>\n<\/tr>\n<tr>\n<td><span style=\"font-weight: 400;\">P\u0159\u00edchu\u0165<\/span><\/td>\n<td><span style=\"font-weight: 400;\">Jahody a \u010derven\u00e9 bobule<\/span><\/td>\n<\/tr>\n<tr>\n<td><span style=\"font-weight: 400;\">S\u00edla nikotinu<\/span><\/td>\n<td><span style=\"font-weight: 400;\">8 mg\/g (6 mg na s\u00e1\u010dek)<\/span><\/td>\n<\/tr>\n<tr>\n<td><span style=\"font-weight: 400;\">Hmotnost porce<\/span><\/td>\n<td><span style=\"font-weight: 400;\">0,7 gramu<\/span><\/td>\n<\/tr>\n<tr>\n<td><span style=\"font-weight: 400;\">Po\u010det porc\u00ed<\/span><\/td>\n<td><span style=\"font-weight: 400;\">20 za plechovku<\/span><\/td>\n<\/tr>\n<tr>\n<td><span style=\"font-weight: 400;\">Celkov\u00e1 hmotnost plechovky<\/span><\/td>\n<td><span style=\"font-weight: 400;\">14 gram\u016f<\/span><\/td>\n<\/tr>\n<tr>\n<td><span style=\"font-weight: 400;\">V\u00fdrobce<\/span><\/td>\n<td><span style=\"font-weight: 400;\">BAT<\/span><\/td>\n<\/tr>\n<tr>\n<td><span style=\"font-weight: 400;\">Pozoruhodn\u00e9 funkce<\/span><\/td>\n<td><span style=\"font-weight: 400;\">Bez tab\u00e1ku, diskr\u00e9tn\u00ed tenk\u00e9 porce, minim\u00e1ln\u00ed kap\u00e1n\u00ed<\/span><\/td>\n<\/tr>\n<\/tbody>\n<\/table>","protected":false},"excerpt":{"rendered":"<p>VELO Nikotinov\u00e9 s\u00e1\u010dky Ruby Berry p\u0159in\u00e1\u0161ej\u00ed rafinovanou ovocnou chu\u0165. <strong data-start=\"59\" data-end=\"73\">Ruby Berry<\/strong> chu\u0165 se \u0161\u0165avnat\u00fdmi jahodami a \u010derven\u00fdmi jahodami. <strong data-start=\"124\" data-end=\"132\">Slim<\/strong>, zcela b\u00edl\u00fd form\u00e1t pro diskr\u00e9tn\u00ed a pohodln\u00e9 pou\u017e\u00edv\u00e1n\u00ed s minim\u00e1ln\u00edm kap\u00e1n\u00edm a konzistentn\u00edm uvol\u0148ov\u00e1n\u00edm. Ka\u017ed\u00fd s\u00e1\u010dek obsahuje <strong data-start=\"245\" data-end=\"262\">6 mg nikotinu<\/strong>.<\/p>","protected":false},"featured_media":8343,"comment_status":"open","ping_status":"closed","template":"","format":[206],"meta":{"_acf_changed":false},"product_brand":[],"product_cat":[48],"product_tag":[16559],"flavours":[196],"nicotine":[230,236],"class_list":{"0":"post-8342","1":"product","2":"type-product","3":"status-publish","4":"has-post-thumbnail","6":"product_cat-velo","7":"product_tag-6-mg-pouch","8":"pa_quantity-1-pack","9":"pa_quantity-10-pack","10":"pa_quantity-3-pack","11":"pa_quantity-30-pack","12":"pa_quantity-5-pack","13":"pa_quantity-60-pack","14":"flavours-fruits-berries","15":"format-slim","16":"nicotine-8-mg-g","17":"nicotine-strong","19":"first","20":"instock","21":"taxable","22":"shipping-taxable","23":"purchasable","24":"product-type-variable"},"acf":[],"_links":{"self":[{"href":"https:\/\/whitelip.com\/cs\/wp-json\/wp\/v2\/product\/8342","targetHints":{"allow":["GET"]}}],"collection":[{"href":"https:\/\/whitelip.com\/cs\/wp-json\/wp\/v2\/product"}],"about":[{"href":"https:\/\/whitelip.com\/cs\/wp-json\/wp\/v2\/types\/product"}],"replies":[{"embeddable":true,"href":"https:\/\/whitelip.com\/cs\/wp-json\/wp\/v2\/comments?post=8342"}],"wp:featuredmedia":[{"embeddable":true,"href":"https:\/\/whitelip.com\/cs\/wp-json\/wp\/v2\/media\/8343"}],"wp:attachment":[{"href":"https:\/\/whitelip.com\/cs\/wp-json\/wp\/v2\/media?parent=8342"}],"wp:term":[{"taxonomy":"product_brand","embeddable":true,"href":"https:\/\/whitelip.com\/cs\/wp-json\/wp\/v2\/product_brand?post=8342"},{"taxonomy":"product_cat","embeddable":true,"href":"https:\/\/whitelip.com\/cs\/wp-json\/wp\/v2\/product_cat?post=8342"},{"taxonomy":"product_tag","embeddable":true,"href":"https:\/\/whitelip.com\/cs\/wp-json\/wp\/v2\/product_tag?post=8342"},{"taxonomy":"flavours","embeddable":true,"href":"https:\/\/whitelip.com\/cs\/wp-json\/wp\/v2\/flavours?post=8342"},{"taxonomy":"format","embeddable":true,"href":"https:\/\/whitelip.com\/cs\/wp-json\/wp\/v2\/format?post=8342"},{"taxonomy":"nicotine","embeddable":true,"href":"https:\/\/whitelip.com\/cs\/wp-json\/wp\/v2\/nicotine?post=8342"}],"curies":[{"name":"wp","href":"https:\/\/api.w.org\/{rel}","templated":true}]}}