{"id":8337,"date":"2024-12-20T19:39:05","date_gmt":"2024-12-20T19:39:05","guid":{"rendered":"https:\/\/whitelip.com\/velo-bright-spearmint-mini\/"},"modified":"2026-05-14T10:11:43","modified_gmt":"2026-05-14T10:11:43","slug":"velo-bright-spearmint-mini","status":"publish","type":"product","link":"https:\/\/whitelip.com\/cs\/velo\/velo-bright-spearmint-mini\/","title":{"rendered":"VELO Bright Spearmint Mini"},"content":{"rendered":"<h2><strong>VELO Bright Spearmint Mini<\/strong><\/h2>\n<p><span style=\"font-weight: 400;\">VELO Bright Spearmint Mini nab\u00edz\u00ed osv\u011b\u017euj\u00edc\u00ed a povzbuzuj\u00edc\u00ed m\u00e1tovou p\u0159\u00edchu\u0165, kter\u00e1 p\u0159in\u00e1\u0161\u00ed \u010dist\u00fd a chladiv\u00fd m\u00e1tov\u00fd z\u00e1\u017eitek, jen\u017e probouz\u00ed smysly. Tyto miniaturn\u00ed, celob\u00edl\u00e9 nikotinov\u00e9 s\u00e1\u010dky jsou navr\u017eeny pro diskr\u00e9tn\u00ed a pohodln\u00e9 pou\u017eit\u00ed, hod\u00ed se t\u011bsn\u011b pod ret, ani\u017e by byly n\u00e1padn\u00e9. Vyv\u00e1\u017een\u00e1 sladkost m\u00e1ty peprn\u00e9 v kombinaci s jemn\u00fdm mentolov\u00fdm podt\u00f3nem poskytuje p\u0159\u00edjemnou chu\u0165 bez p\u0159ehnan\u00e9ho p\u00e1len\u00ed, kter\u00e9 je \u010dasto spojov\u00e1no se siln\u011bj\u0161\u00edmi m\u00e1tov\u00fdmi produkty. VELO Bright Spearmint Mini je ide\u00e1ln\u00ed pro ty, kte\u0159\u00ed hledaj\u00ed jemn\u00fd a uspokojiv\u00fd nikotinov\u00fd z\u00e1\u017eitek, zaji\u0161\u0165uje konzistentn\u00ed uvol\u0148ov\u00e1n\u00ed chuti a nikotinu, co\u017e z n\u011bj \u010din\u00ed vhodnou volbu pro nov\u00e9 i zku\u0161en\u00e9 u\u017eivatele.<\/span><\/p>\n<table>\n<tbody>\n<tr>\n<td><b>Atribut<\/b><\/td>\n<td><b>Podrobnosti na<\/b><\/td>\n<\/tr>\n<tr>\n<td><span style=\"font-weight: 400;\">Zna\u010dka<\/span><\/td>\n<td><span style=\"font-weight: 400;\">VELO<\/span><\/td>\n<\/tr>\n<tr>\n<td><span style=\"font-weight: 400;\">Typ v\u00fdrobku<\/span><\/td>\n<td><span style=\"font-weight: 400;\">V\u0161echny b\u00edl\u00e9 nikotinov\u00e9 s\u00e1\u010dky<\/span><\/td>\n<\/tr>\n<tr>\n<td><span style=\"font-weight: 400;\">Form\u00e1t<\/span><\/td>\n<td><span style=\"font-weight: 400;\">Mini<\/span><\/td>\n<\/tr>\n<tr>\n<td><span style=\"font-weight: 400;\">P\u0159\u00edchu\u0165<\/span><\/td>\n<td><span style=\"font-weight: 400;\">M\u00e1ta s n\u00e1dechem mentolu<\/span><\/td>\n<\/tr>\n<tr>\n<td><span style=\"font-weight: 400;\">S\u00edla nikotinu<\/span><\/td>\n<td><span style=\"font-weight: 400;\">8 mg\/g (4 mg na s\u00e1\u010dek)<\/span><\/td>\n<\/tr>\n<tr>\n<td><span style=\"font-weight: 400;\">Hmotnost porce<\/span><\/td>\n<td><span style=\"font-weight: 400;\">0,5 gramu<\/span><\/td>\n<\/tr>\n<tr>\n<td><span style=\"font-weight: 400;\">Po\u010det porc\u00ed<\/span><\/td>\n<td><span style=\"font-weight: 400;\">20 za plechovku<\/span><\/td>\n<\/tr>\n<tr>\n<td><span style=\"font-weight: 400;\">Celkov\u00e1 hmotnost plechovky<\/span><\/td>\n<td><span style=\"font-weight: 400;\">10 gram\u016f<\/span><\/td>\n<\/tr>\n<tr>\n<td><span style=\"font-weight: 400;\">V\u00fdrobce<\/span><\/td>\n<td><span style=\"font-weight: 400;\">BAT<\/span><\/td>\n<\/tr>\n<tr>\n<td><span style=\"font-weight: 400;\">Pozoruhodn\u00e9 funkce<\/span><\/td>\n<td><span style=\"font-weight: 400;\">Bez tab\u00e1ku, diskr\u00e9tn\u00ed mini porce, vyv\u00e1\u017een\u00e1 m\u00e1tov\u00e1 chu\u0165, minim\u00e1ln\u00ed kap\u00e1n\u00ed<\/span><\/td>\n<\/tr>\n<\/tbody>\n<\/table>","protected":false},"excerpt":{"rendered":"<p>VELO Bright Spearmint Mini nikotinov\u00e9 s\u00e1\u010dky dod\u00e1vaj\u00ed osv\u011b\u017euj\u00edc\u00ed <strong data-start=\"65\" data-end=\"85\">Jasn\u00e1 m\u00e1ta<\/strong> ochu\u0165 s ostrou, chladivou m\u00e1tovou p\u0159\u00edchut\u00ed. Mini, <strong data-start=\"132\" data-end=\"140\">slim<\/strong>, celob\u00edl\u00fd form\u00e1t pro diskr\u00e9tn\u00ed, pohodln\u00e9 pou\u017eit\u00ed a konzistentn\u00ed uvol\u0148ov\u00e1n\u00ed. Ka\u017ed\u00e9 s\u00e1\u010dek obsahuje <strong data-start=\"235\" data-end=\"252\">4 mg nikotinu<\/strong>.<\/p>","protected":false},"featured_media":8338,"comment_status":"open","ping_status":"closed","template":"","format":[205],"meta":{"_acf_changed":false},"product_brand":[],"product_cat":[48],"product_tag":[16585],"flavours":[199],"nicotine":[230,236],"class_list":{"0":"post-8337","1":"product","2":"type-product","3":"status-publish","4":"has-post-thumbnail","6":"product_cat-velo","7":"product_tag-4-mg-pouch","8":"pa_quantity-1-pack","9":"pa_quantity-10-pack","10":"pa_quantity-3-pack","11":"pa_quantity-30-pack","12":"pa_quantity-5-pack","13":"pa_quantity-60-pack","14":"flavours-mint","15":"format-mini","16":"nicotine-8-mg-g","17":"nicotine-strong","19":"first","20":"instock","21":"taxable","22":"shipping-taxable","23":"purchasable","24":"product-type-variable"},"acf":[],"_links":{"self":[{"href":"https:\/\/whitelip.com\/cs\/wp-json\/wp\/v2\/product\/8337","targetHints":{"allow":["GET"]}}],"collection":[{"href":"https:\/\/whitelip.com\/cs\/wp-json\/wp\/v2\/product"}],"about":[{"href":"https:\/\/whitelip.com\/cs\/wp-json\/wp\/v2\/types\/product"}],"replies":[{"embeddable":true,"href":"https:\/\/whitelip.com\/cs\/wp-json\/wp\/v2\/comments?post=8337"}],"wp:featuredmedia":[{"embeddable":true,"href":"https:\/\/whitelip.com\/cs\/wp-json\/wp\/v2\/media\/8338"}],"wp:attachment":[{"href":"https:\/\/whitelip.com\/cs\/wp-json\/wp\/v2\/media?parent=8337"}],"wp:term":[{"taxonomy":"product_brand","embeddable":true,"href":"https:\/\/whitelip.com\/cs\/wp-json\/wp\/v2\/product_brand?post=8337"},{"taxonomy":"product_cat","embeddable":true,"href":"https:\/\/whitelip.com\/cs\/wp-json\/wp\/v2\/product_cat?post=8337"},{"taxonomy":"product_tag","embeddable":true,"href":"https:\/\/whitelip.com\/cs\/wp-json\/wp\/v2\/product_tag?post=8337"},{"taxonomy":"flavours","embeddable":true,"href":"https:\/\/whitelip.com\/cs\/wp-json\/wp\/v2\/flavours?post=8337"},{"taxonomy":"format","embeddable":true,"href":"https:\/\/whitelip.com\/cs\/wp-json\/wp\/v2\/format?post=8337"},{"taxonomy":"nicotine","embeddable":true,"href":"https:\/\/whitelip.com\/cs\/wp-json\/wp\/v2\/nicotine?post=8337"}],"curies":[{"name":"wp","href":"https:\/\/api.w.org\/{rel}","templated":true}]}}