{"id":8331,"date":"2024-11-28T12:42:44","date_gmt":"2024-11-28T12:42:44","guid":{"rendered":"https:\/\/whitelip.com\/zxs-melon-rush-large\/"},"modified":"2026-05-06T10:11:13","modified_gmt":"2026-05-06T10:11:13","slug":"zxs-melon-rush-large","status":"publish","type":"product","link":"https:\/\/whitelip.com\/cs\/zxs\/zxs-melon-rush-large\/","title":{"rendered":"Z!XS Melon Rush Large"},"content":{"rendered":"<h2><b>Z!XS Melon Rush Large<\/b><\/h2>\n<p><span style=\"font-weight: 400;\">Z!XS Melon Rush Large p\u0159in\u00e1\u0161\u00ed <\/span><b>sladk\u00e1 a \u0161\u0165avnat\u00e1 melounov\u00e1 p\u0159\u00edchu\u0165<\/b><span style=\"font-weight: 400;\">, a nab\u00edz\u00ed osv\u011b\u017euj\u00edc\u00ed a ovocn\u00fd z\u00e1\u017eitek s ka\u017ed\u00fdm s\u00e1\u010dkem. P\u0159irozen\u00e1 sladkost melounu vytv\u00e1\u0159\u00ed jemnou a uspokojivou chu\u0165, ide\u00e1ln\u00ed pro u\u017eivatele, kte\u0159\u00ed maj\u00ed r\u00e1di lehk\u00fd a \u017eiv\u00fd chu\u0165ov\u00fd profil. Ka\u017ed\u00fd velk\u00fd, zcela b\u00edl\u00fd s\u00e1\u010dek obsahuje <\/span><b>12 mg nikotinu<\/b><span style=\"font-weight: 400;\">, kter\u00e1 poskytuje siln\u00e9 a stabiln\u00ed uvoln\u011bn\u00ed pro ty, kte\u0159\u00ed hledaj\u00ed odv\u00e1\u017en\u00fd nikotinov\u00fd n\u00e1boj.<\/span><\/p>\n<p><span style=\"font-weight: 400;\">Velk\u00fd form\u00e1t zaji\u0161\u0165uje pln\u011bj\u0161\u00ed p\u0159ilnut\u00ed pod rty p\u0159i zachov\u00e1n\u00ed pohodl\u00ed a diskr\u00e9tnosti, tak\u017ee je ide\u00e1ln\u00ed pro \u010dist\u00e9 pou\u017eit\u00ed beze skvrn kdykoli a kdekoli. Z!XS Melon Rush Large, vyroben\u00fd zcela bez tab\u00e1ku a z vysoce kvalitn\u00edch rostlinn\u00fdch materi\u00e1l\u016f, je modern\u00ed nikotinovou alternativou pro ty, kte\u0159\u00ed hledaj\u00ed ovocnou p\u0159\u00edchu\u0165 ve spojen\u00ed se spolehlivou silou.<\/span><\/p>\n<table>\n<tbody>\n<tr>\n<td><b>Atribut<\/b><\/td>\n<td><b>Podrobnosti na<\/b><\/td>\n<\/tr>\n<tr>\n<td><b>Zna\u010dka<\/b><\/td>\n<td><span style=\"font-weight: 400;\">Z!XS<\/span><\/td>\n<\/tr>\n<tr>\n<td><b>Typ v\u00fdrobku<\/b><\/td>\n<td><span style=\"font-weight: 400;\">V\u0161echny b\u00edl\u00e9 nikotinov\u00e9 s\u00e1\u010dky<\/span><\/td>\n<\/tr>\n<tr>\n<td><b>Form\u00e1t<\/b><\/td>\n<td><span style=\"font-weight: 400;\">Velk\u00e9<\/span><\/td>\n<\/tr>\n<tr>\n<td><b>P\u0159\u00edchu\u0165<\/b><\/td>\n<td><span style=\"font-weight: 400;\">Meloun<\/span><\/td>\n<\/tr>\n<tr>\n<td><b>S\u00edla nikotinu<\/b><\/td>\n<td><span style=\"font-weight: 400;\">12 mg na s\u00e1\u010dek<\/span><\/td>\n<\/tr>\n<tr>\n<td><b>Hmotnost porce<\/b><\/td>\n<td><span style=\"font-weight: 400;\">1,0 gram\u016f<\/span><\/td>\n<\/tr>\n<tr>\n<td><b>Po\u010det porc\u00ed<\/b><\/td>\n<td><span style=\"font-weight: 400;\">20 za plechovku<\/span><\/td>\n<\/tr>\n<tr>\n<td><b>Celkov\u00e1 hmotnost plechovky<\/b><\/td>\n<td><span style=\"font-weight: 400;\">20 gram\u016f<\/span><\/td>\n<\/tr>\n<tr>\n<td><b>V\u00fdrobce<\/b><\/td>\n<td><span style=\"font-weight: 400;\">Z!XS International<\/span><\/td>\n<\/tr>\n<tr>\n<td><b>Pozoruhodn\u00e9 funkce<\/b><\/td>\n<td><span style=\"font-weight: 400;\">Bez tab\u00e1ku, velk\u00fd form\u00e1t, sladk\u00e1 a osv\u011b\u017euj\u00edc\u00ed melounov\u00e1 p\u0159\u00edchu\u0165<\/span><\/td>\n<\/tr>\n<\/tbody>\n<\/table>","protected":false},"excerpt":{"rendered":"<p>Z!XS <strong data-start=\"5\" data-end=\"19\">Melounov\u00e1 hore\u010dka<\/strong> <strong data-start=\"20\" data-end=\"29\">Velk\u00e9<\/strong> p\u0159in\u00e1\u0161\u00ed sladk\u00fd, \u0161\u0165avnat\u00fd meloun s osv\u011b\u017euj\u00edc\u00edm ovocn\u00fdm profilem. Zcela b\u00edl\u00fd <strong data-start=\"106\" data-end=\"115\">Velk\u00e9<\/strong> s\u00e1\u010dky jsou diskr\u00e9tn\u00ed a pohodln\u00e9. Ka\u017ed\u00fd s\u00e1\u010dek obsahuje <strong data-start=\"174\" data-end=\"192\">12 mg nikotinu<\/strong>, a poskytuje siln\u00e9 a stabiln\u00ed uvoln\u011bn\u00ed.<\/p>","protected":false},"featured_media":8332,"comment_status":"open","ping_status":"closed","template":"","format":[206],"meta":{"_acf_changed":false},"product_brand":[],"product_cat":[39],"product_tag":[16561],"flavours":[196],"nicotine":[230,236],"class_list":{"0":"post-8331","1":"product","2":"type-product","3":"status-publish","4":"has-post-thumbnail","6":"product_cat-zxs","7":"product_tag-12-mg-pouch","8":"pa_quantity-1-pack","9":"pa_quantity-10-pack","10":"pa_quantity-3-pack","11":"pa_quantity-30-pack","12":"pa_quantity-5-pack","13":"pa_quantity-60-pack","14":"flavours-fruits-berries","15":"format-slim","16":"nicotine-8-mg-g","17":"nicotine-strong","19":"first","20":"instock","21":"taxable","22":"shipping-taxable","23":"purchasable","24":"product-type-variable"},"acf":[],"_links":{"self":[{"href":"https:\/\/whitelip.com\/cs\/wp-json\/wp\/v2\/product\/8331","targetHints":{"allow":["GET"]}}],"collection":[{"href":"https:\/\/whitelip.com\/cs\/wp-json\/wp\/v2\/product"}],"about":[{"href":"https:\/\/whitelip.com\/cs\/wp-json\/wp\/v2\/types\/product"}],"replies":[{"embeddable":true,"href":"https:\/\/whitelip.com\/cs\/wp-json\/wp\/v2\/comments?post=8331"}],"wp:featuredmedia":[{"embeddable":true,"href":"https:\/\/whitelip.com\/cs\/wp-json\/wp\/v2\/media\/8332"}],"wp:attachment":[{"href":"https:\/\/whitelip.com\/cs\/wp-json\/wp\/v2\/media?parent=8331"}],"wp:term":[{"taxonomy":"product_brand","embeddable":true,"href":"https:\/\/whitelip.com\/cs\/wp-json\/wp\/v2\/product_brand?post=8331"},{"taxonomy":"product_cat","embeddable":true,"href":"https:\/\/whitelip.com\/cs\/wp-json\/wp\/v2\/product_cat?post=8331"},{"taxonomy":"product_tag","embeddable":true,"href":"https:\/\/whitelip.com\/cs\/wp-json\/wp\/v2\/product_tag?post=8331"},{"taxonomy":"flavours","embeddable":true,"href":"https:\/\/whitelip.com\/cs\/wp-json\/wp\/v2\/flavours?post=8331"},{"taxonomy":"format","embeddable":true,"href":"https:\/\/whitelip.com\/cs\/wp-json\/wp\/v2\/format?post=8331"},{"taxonomy":"nicotine","embeddable":true,"href":"https:\/\/whitelip.com\/cs\/wp-json\/wp\/v2\/nicotine?post=8331"}],"curies":[{"name":"wp","href":"https:\/\/api.w.org\/{rel}","templated":true}]}}