{"id":8329,"date":"2024-11-28T12:42:44","date_gmt":"2024-11-28T12:42:44","guid":{"rendered":"https:\/\/whitelip.com\/zxs-salmiak-large\/"},"modified":"2026-05-06T10:11:13","modified_gmt":"2026-05-06T10:11:13","slug":"zxs-salmiak-large","status":"publish","type":"product","link":"https:\/\/whitelip.com\/cs\/zxs\/zxs-salmiak-large\/","title":{"rendered":"Z!XS Salmiak Large"},"content":{"rendered":"<h2><b>Z!XS Salmiak Large<\/b><\/h2>\n<p><span style=\"font-weight: 400;\">Z!XS Salmiak Large p\u0159in\u00e1\u0161\u00ed odv\u00e1\u017en\u00fd a v\u00fdrazn\u00fd vzhled. <\/span><b>slan\u00e1 l\u00e9ko\u0159icov\u00e1 p\u0159\u00edchu\u0165<\/b><span style=\"font-weight: 400;\">, kter\u00fd nab\u00edz\u00ed bohat\u00fd a m\u00edrn\u011b slan\u00fd profil pro u\u017eivatele, kte\u0159\u00ed maj\u00ed r\u00e1di jedine\u010dn\u00e9 a tradi\u010dn\u00ed chut\u011b. Tato nezam\u011bniteln\u00e1 p\u0159\u00edchu\u0165 poskytuje hladk\u00fd a uspokojiv\u00fd z\u00e1\u017eitek, spojen\u00fd se stabiln\u00edm a siln\u00fdm uvol\u0148ov\u00e1n\u00edm nikotinu. Ka\u017ed\u00fd velk\u00fd, zcela b\u00edl\u00fd s\u00e1\u010dek obsahuje <\/span><b>12 mg nikotinu<\/b><span style=\"font-weight: 400;\">, tak\u017ee je ide\u00e1ln\u00ed pro u\u017eivatele, kte\u0159\u00ed hledaj\u00ed robustn\u00ed n\u00e1\u0159ez s klasick\u00fdm skandin\u00e1vsk\u00fdm n\u00e1dechem.<\/span><\/p>\n<p><span style=\"font-weight: 400;\">Velk\u00fd form\u00e1t zaji\u0161\u0165uje pln\u011bj\u0161\u00ed p\u0159ilnut\u00ed pod rty a z\u00e1rove\u0148 zachov\u00e1v\u00e1 pohodl\u00ed a diskr\u00e9tnost, tak\u017ee je ide\u00e1ln\u00ed pro \u010dist\u00e9 pou\u017eit\u00ed bez skvrn. Z!XS Salmiak Large je zcela bez tab\u00e1ku a je vyroben z vysoce kvalitn\u00edch rostlinn\u00fdch materi\u00e1l\u016f a p\u0159edstavuje modern\u00ed nikotinovou alternativu pro ty, kte\u0159\u00ed ocen\u00ed nezam\u011bnitelnou chu\u0165 slan\u00e9 l\u00e9ko\u0159ice v kombinaci se spolehlivou silou.<\/span><\/p>\n<table>\n<tbody>\n<tr>\n<td><b>Atribut<\/b><\/td>\n<td><b>Podrobnosti na<\/b><\/td>\n<\/tr>\n<tr>\n<td><b>Zna\u010dka<\/b><\/td>\n<td><span style=\"font-weight: 400;\">Z!XS<\/span><\/td>\n<\/tr>\n<tr>\n<td><b>Typ v\u00fdrobku<\/b><\/td>\n<td><span style=\"font-weight: 400;\">V\u0161echny b\u00edl\u00e9 nikotinov\u00e9 s\u00e1\u010dky<\/span><\/td>\n<\/tr>\n<tr>\n<td><b>Form\u00e1t<\/b><\/td>\n<td><span style=\"font-weight: 400;\">Velk\u00e9<\/span><\/td>\n<\/tr>\n<tr>\n<td><b>P\u0159\u00edchu\u0165<\/b><\/td>\n<td><span style=\"font-weight: 400;\">Slan\u00e1 l\u00e9ko\u0159ice (Salmiak)<\/span><\/td>\n<\/tr>\n<tr>\n<td><b>S\u00edla nikotinu<\/b><\/td>\n<td><span style=\"font-weight: 400;\">12 mg na s\u00e1\u010dek<\/span><\/td>\n<\/tr>\n<tr>\n<td><b>Hmotnost porce<\/b><\/td>\n<td><span style=\"font-weight: 400;\">1,0 gram\u016f<\/span><\/td>\n<\/tr>\n<tr>\n<td><b>Po\u010det porc\u00ed<\/b><\/td>\n<td><span style=\"font-weight: 400;\">20 za plechovku<\/span><\/td>\n<\/tr>\n<tr>\n<td><b>Celkov\u00e1 hmotnost plechovky<\/b><\/td>\n<td><span style=\"font-weight: 400;\">20 gram\u016f<\/span><\/td>\n<\/tr>\n<tr>\n<td><b>V\u00fdrobce<\/b><\/td>\n<td><span style=\"font-weight: 400;\">Z!XS International<\/span><\/td>\n<\/tr>\n<tr>\n<td><b>Pozoruhodn\u00e9 funkce<\/b><\/td>\n<td><span style=\"font-weight: 400;\">Bez tab\u00e1ku, velk\u00fd form\u00e1t, bohat\u00e1 a slan\u00e1 p\u0159\u00edchu\u0165 l\u00e9ko\u0159ice<\/span><\/td>\n<\/tr>\n<\/tbody>\n<\/table>","protected":false},"excerpt":{"rendered":"<p>Z!XS <strong data-start=\"5\" data-end=\"16\">Salmiak<\/strong> <strong data-start=\"17\" data-end=\"26\">Velk\u00e9<\/strong> p\u0159in\u00e1\u0161\u00ed v\u00fdraznou slanou l\u00e9ko\u0159ici s hladk\u00fdm, uspokojiv\u00fdm z\u00e1v\u011brem. Zcela b\u00edl\u00fd <strong data-start=\"114\" data-end=\"123\">Velk\u00e9<\/strong> s\u00e1\u010dky maj\u00ed klasick\u00fd skandin\u00e1vsk\u00fd profil. Ka\u017ed\u00fd s\u00e1\u010dek obsahuje <strong data-start=\"190\" data-end=\"208\">12 mg nikotinu<\/strong> pro siln\u00e9 a stabiln\u00ed uvoln\u011bn\u00ed.<\/p>","protected":false},"featured_media":8330,"comment_status":"open","ping_status":"closed","template":"","format":[206],"meta":{"_acf_changed":false},"product_brand":[],"product_cat":[39],"product_tag":[16561],"flavours":[198],"nicotine":[230,236],"class_list":{"0":"post-8329","1":"product","2":"type-product","3":"status-publish","4":"has-post-thumbnail","6":"product_cat-zxs","7":"product_tag-12-mg-pouch","8":"pa_quantity-1-pack","9":"pa_quantity-10-pack","10":"pa_quantity-3-pack","11":"pa_quantity-30-pack","12":"pa_quantity-5-pack","13":"pa_quantity-60-pack","14":"flavours-licorice","15":"format-slim","16":"nicotine-8-mg-g","17":"nicotine-strong","19":"first","20":"instock","21":"taxable","22":"shipping-taxable","23":"purchasable","24":"product-type-variable"},"acf":[],"_links":{"self":[{"href":"https:\/\/whitelip.com\/cs\/wp-json\/wp\/v2\/product\/8329","targetHints":{"allow":["GET"]}}],"collection":[{"href":"https:\/\/whitelip.com\/cs\/wp-json\/wp\/v2\/product"}],"about":[{"href":"https:\/\/whitelip.com\/cs\/wp-json\/wp\/v2\/types\/product"}],"replies":[{"embeddable":true,"href":"https:\/\/whitelip.com\/cs\/wp-json\/wp\/v2\/comments?post=8329"}],"wp:featuredmedia":[{"embeddable":true,"href":"https:\/\/whitelip.com\/cs\/wp-json\/wp\/v2\/media\/8330"}],"wp:attachment":[{"href":"https:\/\/whitelip.com\/cs\/wp-json\/wp\/v2\/media?parent=8329"}],"wp:term":[{"taxonomy":"product_brand","embeddable":true,"href":"https:\/\/whitelip.com\/cs\/wp-json\/wp\/v2\/product_brand?post=8329"},{"taxonomy":"product_cat","embeddable":true,"href":"https:\/\/whitelip.com\/cs\/wp-json\/wp\/v2\/product_cat?post=8329"},{"taxonomy":"product_tag","embeddable":true,"href":"https:\/\/whitelip.com\/cs\/wp-json\/wp\/v2\/product_tag?post=8329"},{"taxonomy":"flavours","embeddable":true,"href":"https:\/\/whitelip.com\/cs\/wp-json\/wp\/v2\/flavours?post=8329"},{"taxonomy":"format","embeddable":true,"href":"https:\/\/whitelip.com\/cs\/wp-json\/wp\/v2\/format?post=8329"},{"taxonomy":"nicotine","embeddable":true,"href":"https:\/\/whitelip.com\/cs\/wp-json\/wp\/v2\/nicotine?post=8329"}],"curies":[{"name":"wp","href":"https:\/\/api.w.org\/{rel}","templated":true}]}}