{"id":8327,"date":"2024-11-28T12:42:44","date_gmt":"2024-11-28T12:42:44","guid":{"rendered":"https:\/\/whitelip.com\/zxs-bergamot-large\/"},"modified":"2026-04-16T09:12:02","modified_gmt":"2026-04-16T09:12:02","slug":"zxs-bergamot-large","status":"publish","type":"product","link":"https:\/\/whitelip.com\/cs\/zxs\/zxs-bergamot-large\/","title":{"rendered":"Z!XS Bergamot Large"},"content":{"rendered":"<h2><b>Z!XS Bergamot Large<\/b><\/h2>\n<p><span style=\"font-weight: 400;\">Z!XS Bergamot Large p\u0159in\u00e1\u0161\u00ed <\/span><b>rafinovan\u00e1 a citrusov\u00e1 p\u0159\u00edchu\u0165 bergamotu<\/b><span style=\"font-weight: 400;\">, kter\u00e1 nab\u00edz\u00ed jemn\u00fd a lehce kv\u011btinov\u00fd z\u00e1\u017eitek s n\u00e1dechem pikantn\u00ed sv\u011b\u017eesti. Tento klasick\u00fd chu\u0165ov\u00fd profil, inspirovan\u00fd tradi\u010dn\u00edmi sm\u011bsmi s p\u0159\u00edchut\u00ed bergamotu, je ide\u00e1ln\u00ed pro u\u017eivatele, kte\u0159\u00ed hledaj\u00ed \u010distou a sofistikovanou nikotinovou variantu. Ka\u017ed\u00fd velk\u00fd, zcela b\u00edl\u00fd s\u00e1\u010dek obsahuje <\/span><b>12 mg nikotinu<\/b><span style=\"font-weight: 400;\">, kter\u00fd poskytuje siln\u00e9 a stabiln\u00ed uvoln\u011bn\u00ed ide\u00e1ln\u00ed pro ty, kte\u0159\u00ed d\u00e1vaj\u00ed p\u0159ednost odv\u00e1\u017en\u00e9mu kopnut\u00ed.<\/span><\/p>\n<p><span style=\"font-weight: 400;\">Velk\u00fd form\u00e1t zaji\u0161\u0165uje pln\u011bj\u0161\u00ed a uspokojiv\u011bj\u0161\u00ed usazen\u00ed pod rty a z\u00e1rove\u0148 z\u016fst\u00e1v\u00e1 diskr\u00e9tn\u00ed a pohodln\u00fd. Z!XS Bergamot Large je vyroben zcela bez tab\u00e1ku a z vysoce kvalitn\u00edch rostlinn\u00fdch materi\u00e1l\u016f a p\u0159edstavuje modern\u00ed nikotinovou alternativu se sv\u011b\u017e\u00ed citrusovou chut\u00ed a spolehlivou silou.<\/span><\/p>\n<table>\n<tbody>\n<tr>\n<td><b>Atribut<\/b><\/td>\n<td><b>Podrobnosti na<\/b><\/td>\n<\/tr>\n<tr>\n<td><b>Zna\u010dka<\/b><\/td>\n<td><span style=\"font-weight: 400;\">Z!XS<\/span><\/td>\n<\/tr>\n<tr>\n<td><b>Typ v\u00fdrobku<\/b><\/td>\n<td><span style=\"font-weight: 400;\">V\u0161echny b\u00edl\u00e9 nikotinov\u00e9 s\u00e1\u010dky<\/span><\/td>\n<\/tr>\n<tr>\n<td><b>Form\u00e1t<\/b><\/td>\n<td><span style=\"font-weight: 400;\">Velk\u00e9<\/span><\/td>\n<\/tr>\n<tr>\n<td><b>P\u0159\u00edchu\u0165<\/b><\/td>\n<td><span style=\"font-weight: 400;\">Bergamot<\/span><\/td>\n<\/tr>\n<tr>\n<td><b>S\u00edla nikotinu<\/b><\/td>\n<td><span style=\"font-weight: 400;\">12 mg na s\u00e1\u010dek<\/span><\/td>\n<\/tr>\n<tr>\n<td><b>Hmotnost porce<\/b><\/td>\n<td><span style=\"font-weight: 400;\">1,0 gram\u016f<\/span><\/td>\n<\/tr>\n<tr>\n<td><b>Po\u010det porc\u00ed<\/b><\/td>\n<td><span style=\"font-weight: 400;\">20 za plechovku<\/span><\/td>\n<\/tr>\n<tr>\n<td><b>Celkov\u00e1 hmotnost plechovky<\/b><\/td>\n<td><span style=\"font-weight: 400;\">20 gram\u016f<\/span><\/td>\n<\/tr>\n<tr>\n<td><b>V\u00fdrobce<\/b><\/td>\n<td><span style=\"font-weight: 400;\">Z!XS International<\/span><\/td>\n<\/tr>\n<tr>\n<td><b>Pozoruhodn\u00e9 funkce<\/b><\/td>\n<td><span style=\"font-weight: 400;\">Bez tab\u00e1ku, velk\u00fd form\u00e1t, klasick\u00e1 citrusov\u00e1 p\u0159\u00edchu\u0165 bergamotu<\/span><\/td>\n<\/tr>\n<\/tbody>\n<\/table>","protected":false},"excerpt":{"rendered":"<p>Z!XS <strong data-start=\"5\" data-end=\"17\">Bergamot<\/strong> <strong data-start=\"18\" data-end=\"27\">Velk\u00e9<\/strong> p\u0159in\u00e1\u0161\u00ed jemn\u00fd, citrusov\u00fd bergamot s jemn\u00fdm, lehce kv\u011btinov\u00fdm, pikantn\u00edm z\u00e1v\u011brem. Zcela b\u00edl\u00fd <strong data-start=\"123\" data-end=\"132\">Velk\u00e9<\/strong> s\u00e1\u010dky maj\u00ed \u010dist\u00fd a sofistikovan\u00fd profil. Ka\u017ed\u00fd s\u00e1\u010dek obsahuje <strong data-start=\"199\" data-end=\"217\">12 mg nikotinu<\/strong>, kter\u00fd poskytuje siln\u00e9 a stabiln\u00ed uvoln\u011bn\u00ed pro odv\u00e1\u017en\u00fd kopanec.<\/p>","protected":false},"featured_media":8328,"comment_status":"open","ping_status":"closed","template":"","format":[206],"meta":{"_acf_changed":false},"product_brand":[],"product_cat":[39],"product_tag":[16561],"flavours":[184],"nicotine":[230,236],"class_list":{"0":"post-8327","1":"product","2":"type-product","3":"status-publish","4":"has-post-thumbnail","6":"product_cat-zxs","7":"product_tag-12-mg-pouch","8":"pa_quantity-1-pack","9":"pa_quantity-10-pack","10":"pa_quantity-3-pack","11":"pa_quantity-30-pack","12":"pa_quantity-5-pack","13":"pa_quantity-60-pack","14":"flavours-bergamot","15":"format-slim","16":"nicotine-8-mg-g","17":"nicotine-strong","19":"first","20":"instock","21":"taxable","22":"shipping-taxable","23":"purchasable","24":"product-type-variable"},"acf":[],"_links":{"self":[{"href":"https:\/\/whitelip.com\/cs\/wp-json\/wp\/v2\/product\/8327","targetHints":{"allow":["GET"]}}],"collection":[{"href":"https:\/\/whitelip.com\/cs\/wp-json\/wp\/v2\/product"}],"about":[{"href":"https:\/\/whitelip.com\/cs\/wp-json\/wp\/v2\/types\/product"}],"replies":[{"embeddable":true,"href":"https:\/\/whitelip.com\/cs\/wp-json\/wp\/v2\/comments?post=8327"}],"wp:featuredmedia":[{"embeddable":true,"href":"https:\/\/whitelip.com\/cs\/wp-json\/wp\/v2\/media\/8328"}],"wp:attachment":[{"href":"https:\/\/whitelip.com\/cs\/wp-json\/wp\/v2\/media?parent=8327"}],"wp:term":[{"taxonomy":"product_brand","embeddable":true,"href":"https:\/\/whitelip.com\/cs\/wp-json\/wp\/v2\/product_brand?post=8327"},{"taxonomy":"product_cat","embeddable":true,"href":"https:\/\/whitelip.com\/cs\/wp-json\/wp\/v2\/product_cat?post=8327"},{"taxonomy":"product_tag","embeddable":true,"href":"https:\/\/whitelip.com\/cs\/wp-json\/wp\/v2\/product_tag?post=8327"},{"taxonomy":"flavours","embeddable":true,"href":"https:\/\/whitelip.com\/cs\/wp-json\/wp\/v2\/flavours?post=8327"},{"taxonomy":"format","embeddable":true,"href":"https:\/\/whitelip.com\/cs\/wp-json\/wp\/v2\/format?post=8327"},{"taxonomy":"nicotine","embeddable":true,"href":"https:\/\/whitelip.com\/cs\/wp-json\/wp\/v2\/nicotine?post=8327"}],"curies":[{"name":"wp","href":"https:\/\/api.w.org\/{rel}","templated":true}]}}