{"id":8313,"date":"2024-11-28T12:42:20","date_gmt":"2024-11-28T12:42:20","guid":{"rendered":"https:\/\/whitelip.com\/77-fresh-mint-medium\/"},"modified":"2026-04-13T17:32:57","modified_gmt":"2026-04-13T17:32:57","slug":"77-fresh-mint-medium","status":"publish","type":"product","link":"https:\/\/whitelip.com\/cs\/77\/77-fresh-mint-medium\/","title":{"rendered":"77 Sv\u011b\u017e\u00ed m\u00e1ta st\u0159edn\u00ed"},"content":{"rendered":"<h2><strong>77 Sv\u011b\u017e\u00ed m\u00e1ta st\u0159edn\u00ed<\/strong><\/h2>\n<p><span style=\"font-weight: 400;\">77 Nikotinov\u00fdch s\u00e1\u010dk\u016f Fresh Mint Medium p\u0159in\u00e1\u0161\u00ed osv\u011b\u017euj\u00edc\u00ed a chladivou m\u00e1tovou p\u0159\u00edchu\u0165, ide\u00e1ln\u00ed pro ty, kte\u0159\u00ed hledaj\u00ed povzbuzuj\u00edc\u00ed pocit. Ka\u017ed\u00fd tenk\u00fd, celob\u00edl\u00fd s\u00e1\u010dek obsahuje 10 mg nikotinu, co\u017e poskytuje siln\u00fd \u00fa\u010dinek vhodn\u00fd pro zku\u0161en\u00e9 u\u017eivatele. Diskr\u00e9tn\u00ed design zaji\u0161\u0165uje pohodln\u00e9 uchycen\u00ed pod rty, co\u017e umo\u017e\u0148uje pou\u017eit\u00ed kdykoli bez pot\u0159\u00edsn\u011bn\u00ed zub\u016f. Tyto beztab\u00e1kov\u00e9 s\u00e1\u010dky, vyr\u00e1b\u011bn\u00e9 spole\u010dnost\u00ed 77 Group, jsou p\u0159\u00edkladem vysoce kvalitn\u00edch standard\u016f a inovativn\u00edch kombinac\u00ed p\u0159\u00edchut\u00ed.<\/span><\/p>\n<table>\n<tbody>\n<tr>\n<td><b>Atribut<\/b><\/td>\n<td><b>Podrobnosti na<\/b><\/td>\n<\/tr>\n<tr>\n<td><b>Obsah na plechovku<\/b><\/td>\n<td><span style=\"font-weight: 400;\">10 g (20 s\u00e1\u010dk\u016f)<\/span><\/td>\n<\/tr>\n<tr>\n<td><b>Obsah nikotinu<\/b><\/td>\n<td><span style=\"font-weight: 400;\">20 mg\/g (10 mg na s\u00e1\u010dek)<\/span><\/td>\n<\/tr>\n<tr>\n<td><b>Form\u00e1t pouzdra<\/b><\/td>\n<td><span style=\"font-weight: 400;\">Slim<\/span><\/td>\n<\/tr>\n<tr>\n<td><b>V\u00fdrobce<\/b><\/td>\n<td><span style=\"font-weight: 400;\">77 Skupina<\/span><\/td>\n<\/tr>\n<tr>\n<td><b>P\u0159\u00edchu\u0165<\/b><\/td>\n<td><span style=\"font-weight: 400;\">\u010cerstv\u00e1 m\u00e1ta<\/span><\/td>\n<\/tr>\n<tr>\n<td><b>Typ<\/b><\/td>\n<td><span style=\"font-weight: 400;\">Celob\u00edl\u00e9 pouzdro<\/span><\/td>\n<\/tr>\n<\/tbody>\n<\/table>","protected":false},"excerpt":{"rendered":"<p>Osv\u011b\u017euj\u00edc\u00ed, chladiv\u00fd <strong data-start=\"20\" data-end=\"34\">\u010derstv\u00e1 m\u00e1ta<\/strong> pro osv\u011b\u017euj\u00edc\u00ed chu\u0165. Na <strong data-start=\"66\" data-end=\"85\">\u0161t\u00edhl\u00fd,<\/strong> celob\u00edl\u00e9 s\u00e1\u010dky diskr\u00e9tn\u011b a pohodln\u011b sed\u00ed pod rty a umo\u017e\u0148uj\u00ed \u010dist\u00e9 a kdykoli pou\u017eiteln\u00e9 pou\u017eit\u00ed. Ka\u017ed\u00fd s\u00e1\u010dek obsahuje <strong data-start=\"183\" data-end=\"201\">10 mg nikotinu<\/strong>, kter\u00e9 p\u0159in\u00e1\u0161ej\u00ed stabiln\u00ed st\u0159edn\u011b siln\u00fd z\u00e1\u017eitek ze skupiny 77.<\/p>","protected":false},"featured_media":8314,"comment_status":"open","ping_status":"closed","template":"","format":[206],"meta":{"_acf_changed":false},"product_brand":[],"product_cat":[23],"product_tag":[16543],"flavours":[199],"nicotine":[218,232],"class_list":{"0":"post-8313","1":"product","2":"type-product","3":"status-publish","4":"has-post-thumbnail","6":"product_cat-23","7":"product_tag-10-4-mg-pouch","8":"pa_quantity-1-pack","9":"pa_quantity-10-pack","10":"pa_quantity-3-pack","11":"pa_quantity-30-pack","12":"pa_quantity-5-pack","13":"pa_quantity-60-pack","14":"flavours-mint","15":"format-slim","16":"nicotine-20-mg-g","17":"nicotine-extra-strong","19":"first","20":"instock","21":"taxable","22":"shipping-taxable","23":"purchasable","24":"product-type-variable"},"acf":[],"_links":{"self":[{"href":"https:\/\/whitelip.com\/cs\/wp-json\/wp\/v2\/product\/8313","targetHints":{"allow":["GET"]}}],"collection":[{"href":"https:\/\/whitelip.com\/cs\/wp-json\/wp\/v2\/product"}],"about":[{"href":"https:\/\/whitelip.com\/cs\/wp-json\/wp\/v2\/types\/product"}],"replies":[{"embeddable":true,"href":"https:\/\/whitelip.com\/cs\/wp-json\/wp\/v2\/comments?post=8313"}],"wp:featuredmedia":[{"embeddable":true,"href":"https:\/\/whitelip.com\/cs\/wp-json\/wp\/v2\/media\/8314"}],"wp:attachment":[{"href":"https:\/\/whitelip.com\/cs\/wp-json\/wp\/v2\/media?parent=8313"}],"wp:term":[{"taxonomy":"product_brand","embeddable":true,"href":"https:\/\/whitelip.com\/cs\/wp-json\/wp\/v2\/product_brand?post=8313"},{"taxonomy":"product_cat","embeddable":true,"href":"https:\/\/whitelip.com\/cs\/wp-json\/wp\/v2\/product_cat?post=8313"},{"taxonomy":"product_tag","embeddable":true,"href":"https:\/\/whitelip.com\/cs\/wp-json\/wp\/v2\/product_tag?post=8313"},{"taxonomy":"flavours","embeddable":true,"href":"https:\/\/whitelip.com\/cs\/wp-json\/wp\/v2\/flavours?post=8313"},{"taxonomy":"format","embeddable":true,"href":"https:\/\/whitelip.com\/cs\/wp-json\/wp\/v2\/format?post=8313"},{"taxonomy":"nicotine","embeddable":true,"href":"https:\/\/whitelip.com\/cs\/wp-json\/wp\/v2\/nicotine?post=8313"}],"curies":[{"name":"wp","href":"https:\/\/api.w.org\/{rel}","templated":true}]}}