{"id":8294,"date":"2024-11-28T12:41:35","date_gmt":"2024-11-28T12:41:35","guid":{"rendered":"https:\/\/whitelip.com\/cuba-white-cola\/"},"modified":"2026-04-30T10:10:56","modified_gmt":"2026-04-30T10:10:56","slug":"cuba-white-cola","status":"publish","type":"product","link":"https:\/\/whitelip.com\/cs\/cuba\/cuba-white-cola\/","title":{"rendered":"CUBA White Cola"},"content":{"rendered":"<h2><b>CUBA White Cola<\/b><\/h2>\n<p><span style=\"font-weight: 400;\">Nikotinov\u00e9 s\u00e1\u010dky CUBA White Cola nab\u00edzej\u00ed osv\u011b\u017euj\u00edc\u00ed kolovou p\u0159\u00edchu\u0165 v kombinaci s nikotinem o s\u00edle 16 mg na s\u00e1\u010dek, co\u017e poskytuje vyv\u00e1\u017een\u00fd a uspokojiv\u00fd z\u00e1\u017eitek. Ka\u017ed\u00e1 plechovka obsahuje 20 s\u00e1\u010dk\u016f tenk\u00e9ho form\u00e1tu, kter\u00e9 jsou navr\u017eeny tak, aby se pohodln\u011b a diskr\u00e9tn\u011b ve\u0161ly pod ret. S\u00e1\u010dky neobsahuj\u00ed tab\u00e1k a vyu\u017e\u00edvaj\u00ed st\u0159edn\u00ed vlhkost, kter\u00e1 usnad\u0148uje rychl\u00e9 vst\u0159eb\u00e1v\u00e1n\u00ed nikotinu i chuti, tak\u017ee si m\u016f\u017eete vychutn\u00e1vat odv\u00e1\u017enou kolovou esenci a\u017e 40 minut.<\/span><\/p>\n<table>\n<tbody>\n<tr>\n<td><b>Atribut<\/b><\/td>\n<td><b>Podrobnosti na<\/b><\/td>\n<\/tr>\n<tr>\n<td><b>Obsah na plechovku<\/b><\/td>\n<td><span style=\"font-weight: 400;\">13 g (20 s\u00e1\u010dk\u016f)<\/span><\/td>\n<\/tr>\n<tr>\n<td><b>Obsah nikotinu<\/b><\/td>\n<td><span style=\"font-weight: 400;\">16 mg\/g (16 mg na s\u00e1\u010dek)<\/span><\/td>\n<\/tr>\n<tr>\n<td><b>Form\u00e1t pouzdra<\/b><\/td>\n<td><span style=\"font-weight: 400;\">Slim<\/span><\/td>\n<\/tr>\n<tr>\n<td><b>V\u00fdrobce<\/b><\/td>\n<td><span style=\"font-weight: 400;\">CUBA<\/span><\/td>\n<\/tr>\n<tr>\n<td><b>P\u0159\u00edchu\u0165<\/b><\/td>\n<td><span style=\"font-weight: 400;\">Cola<\/span><\/td>\n<\/tr>\n<tr>\n<td><b>Typ<\/b><\/td>\n<td><span style=\"font-weight: 400;\">Celob\u00edl\u00e9 pouzdro<\/span><\/td>\n<\/tr>\n<\/tbody>\n<\/table>","protected":false},"excerpt":{"rendered":"<p>Osv\u011b\u017euj\u00edc\u00ed <strong data-start=\"11\" data-end=\"19\">cola<\/strong> s \u010distou a v\u00fdraznou chut\u00ed. Na <strong data-start=\"50\" data-end=\"58\">slim<\/strong> s\u00e1\u010dky se diskr\u00e9tn\u011b a pohodln\u011b usad\u00ed pod rty a pou\u017e\u00edvaj\u00ed st\u0159edn\u00ed \u00farove\u0148 vlhkosti pro rychl\u00e9 uvoln\u011bn\u00ed chuti a nikotinu. Ka\u017ed\u00fd s\u00e1\u010dek obsahuje <strong data-start=\"203\" data-end=\"231\">16 mg nikotinu v jednom s\u00e1\u010dku<\/strong>, bez tab\u00e1ku a trvaj\u00edc\u00ed a\u017e 40 minut. Ka\u017ed\u00e1 plechovka obsahuje 20 s\u00e1\u010dk\u016f.<\/p>","protected":false},"featured_media":8295,"comment_status":"open","ping_status":"closed","template":"","format":[206],"meta":{"_acf_changed":false},"product_brand":[],"product_cat":[46],"product_tag":[16569],"flavours":[193],"nicotine":[213,232],"class_list":{"0":"post-8294","1":"product","2":"type-product","3":"status-publish","4":"has-post-thumbnail","6":"product_cat-cuba","7":"product_tag-16-mg-pouch","8":"pa_quantity-1-pack","9":"pa_quantity-10-pack","10":"pa_quantity-3-pack","11":"pa_quantity-30-pack","12":"pa_quantity-5-pack","13":"pa_quantity-60-pack","14":"flavours-cola","15":"format-slim","16":"nicotine-16-mg-g","17":"nicotine-extra-strong","19":"first","20":"outofstock","21":"taxable","22":"shipping-taxable","23":"purchasable","24":"product-type-variable"},"acf":[],"_links":{"self":[{"href":"https:\/\/whitelip.com\/cs\/wp-json\/wp\/v2\/product\/8294","targetHints":{"allow":["GET"]}}],"collection":[{"href":"https:\/\/whitelip.com\/cs\/wp-json\/wp\/v2\/product"}],"about":[{"href":"https:\/\/whitelip.com\/cs\/wp-json\/wp\/v2\/types\/product"}],"replies":[{"embeddable":true,"href":"https:\/\/whitelip.com\/cs\/wp-json\/wp\/v2\/comments?post=8294"}],"wp:featuredmedia":[{"embeddable":true,"href":"https:\/\/whitelip.com\/cs\/wp-json\/wp\/v2\/media\/8295"}],"wp:attachment":[{"href":"https:\/\/whitelip.com\/cs\/wp-json\/wp\/v2\/media?parent=8294"}],"wp:term":[{"taxonomy":"product_brand","embeddable":true,"href":"https:\/\/whitelip.com\/cs\/wp-json\/wp\/v2\/product_brand?post=8294"},{"taxonomy":"product_cat","embeddable":true,"href":"https:\/\/whitelip.com\/cs\/wp-json\/wp\/v2\/product_cat?post=8294"},{"taxonomy":"product_tag","embeddable":true,"href":"https:\/\/whitelip.com\/cs\/wp-json\/wp\/v2\/product_tag?post=8294"},{"taxonomy":"flavours","embeddable":true,"href":"https:\/\/whitelip.com\/cs\/wp-json\/wp\/v2\/flavours?post=8294"},{"taxonomy":"format","embeddable":true,"href":"https:\/\/whitelip.com\/cs\/wp-json\/wp\/v2\/format?post=8294"},{"taxonomy":"nicotine","embeddable":true,"href":"https:\/\/whitelip.com\/cs\/wp-json\/wp\/v2\/nicotine?post=8294"}],"curies":[{"name":"wp","href":"https:\/\/api.w.org\/{rel}","templated":true}]}}