{"id":8284,"date":"2024-11-28T12:41:34","date_gmt":"2024-11-28T12:41:34","guid":{"rendered":"https:\/\/whitelip.com\/zxs-cola-buzz-slim\/"},"modified":"2026-04-13T17:45:31","modified_gmt":"2026-04-13T17:45:31","slug":"zxs-cola-buzz-slim","status":"publish","type":"product","link":"https:\/\/whitelip.com\/cs\/zxs\/zxs-cola-buzz-slim\/","title":{"rendered":"Z!XS Cola Buzz Slim"},"content":{"rendered":"<h2><b>Z!XS Cola Buzz Slim<\/b><\/h2>\n<p><span style=\"font-weight: 400;\">Z!XS Cola Buzz Slim p\u0159in\u00e1\u0161\u00ed <\/span><b>klasick\u00e1 kolov\u00e1 p\u0159\u00edchu\u0165<\/b><span style=\"font-weight: 400;\"> s jemn\u00fdm n\u00e1dechem \u0161umivosti, kter\u00e1 nab\u00edz\u00ed nostalgick\u00fd a osv\u011b\u017euj\u00edc\u00ed nikotinov\u00fd z\u00e1\u017eitek. Kombinace sladk\u00fdch a pikantn\u00edch t\u00f3n\u016f zachycuje podstatu \u0161umiv\u00e9ho kolov\u00e9ho n\u00e1poje, tak\u017ee je ide\u00e1ln\u00ed pro u\u017eivatele, kte\u0159\u00ed maj\u00ed r\u00e1di hrav\u00fd, ale vyv\u00e1\u017een\u00fd chu\u0165ov\u00fd profil. Ka\u017ed\u00fd tenk\u00fd, zcela b\u00edl\u00fd s\u00e1\u010dek obsahuje <\/span><b>10 mg nikotinu<\/b><span style=\"font-weight: 400;\">, co\u017e zaji\u0161\u0165uje siln\u00e9 a stabiln\u00ed uvoln\u011bn\u00ed pro uspokojiv\u00e9 pou\u017e\u00edv\u00e1n\u00ed.<\/span><\/p>\n<p><span style=\"font-weight: 400;\">Tenk\u00fd form\u00e1t zaji\u0161\u0165uje diskr\u00e9tn\u00ed a pohodln\u00e9 ulo\u017een\u00ed pod rty a umo\u017e\u0148uje \u010dist\u00fd po\u017eitek beze skvrn, a\u0165 jste kdekoli. Z!XS Cola Buzz Slim je vyroben zcela bez tab\u00e1ku a z vysoce kvalitn\u00edch rostlinn\u00fdch materi\u00e1l\u016f a nab\u00edz\u00ed modern\u00ed a aromatickou nikotinovou alternativu s nad\u010dasov\u00fdm kolov\u00fdm n\u00e1dechem.<\/span><\/p>\n<table>\n<tbody>\n<tr>\n<td><b>Atribut<\/b><\/td>\n<td><b>Podrobnosti na<\/b><\/td>\n<\/tr>\n<tr>\n<td><b>Zna\u010dka<\/b><\/td>\n<td><span style=\"font-weight: 400;\">Z!XS<\/span><\/td>\n<\/tr>\n<tr>\n<td><b>Typ v\u00fdrobku<\/b><\/td>\n<td><span style=\"font-weight: 400;\">V\u0161echny b\u00edl\u00e9 nikotinov\u00e9 s\u00e1\u010dky<\/span><\/td>\n<\/tr>\n<tr>\n<td><b>Form\u00e1t<\/b><\/td>\n<td><span style=\"font-weight: 400;\">Slim<\/span><\/td>\n<\/tr>\n<tr>\n<td><b>P\u0159\u00edchu\u0165<\/b><\/td>\n<td><span style=\"font-weight: 400;\">Cola<\/span><\/td>\n<\/tr>\n<tr>\n<td><b>S\u00edla nikotinu<\/b><\/td>\n<td><span style=\"font-weight: 400;\">10 mg na s\u00e1\u010dek<\/span><\/td>\n<\/tr>\n<tr>\n<td><b>Hmotnost porce<\/b><\/td>\n<td><span style=\"font-weight: 400;\">0,7 gramu<\/span><\/td>\n<\/tr>\n<tr>\n<td><b>Po\u010det porc\u00ed<\/b><\/td>\n<td><span style=\"font-weight: 400;\">20 za plechovku<\/span><\/td>\n<\/tr>\n<tr>\n<td><b>Celkov\u00e1 hmotnost plechovky<\/b><\/td>\n<td><span style=\"font-weight: 400;\">14 gram\u016f<\/span><\/td>\n<\/tr>\n<tr>\n<td><b>V\u00fdrobce<\/b><\/td>\n<td><span style=\"font-weight: 400;\">Z!XS International<\/span><\/td>\n<\/tr>\n<tr>\n<td><b>Pozoruhodn\u00e9 funkce<\/b><\/td>\n<td><span style=\"font-weight: 400;\">Bez tab\u00e1ku, tenk\u00fd form\u00e1t, klasick\u00e1 kolov\u00e1 p\u0159\u00edchu\u0165 s perlivou p\u0159\u00edchut\u00ed<\/span><\/td>\n<\/tr>\n<\/tbody>\n<\/table>","protected":false},"excerpt":{"rendered":"<div id=\"tw-container\" class=\"YQaNob\" data-cp=\"1\" data-is-ver=\"false\" data-nnttsvi=\"1\" data-sm=\"1\" data-sugg-time=\"500\" data-sugg-url=\"https:\/\/clients1.google.com\/complete\/search\" data-uilc=\"sv\">\n<div id=\"tw-ob\" class=\"tw-src-ltr\">\n<div class=\"oSioSc\">\n<div id=\"tw-target\">\n<div id=\"kAz1tf\" class=\"g9WsWb\">\n<div id=\"tw-target-text-container\" class=\"tw-ta-container F0azHf tw-nfl\">\n<div id=\"tw-container\" class=\"YQaNob\" data-cp=\"1\" data-is-ver=\"false\" data-nnttsvi=\"1\" data-sm=\"1\" data-sugg-time=\"500\" data-sugg-url=\"https:\/\/clients1.google.com\/complete\/search\" data-uilc=\"sv\">\n<div id=\"tw-ob\" class=\"tw-src-ltr\">\n<div class=\"oSioSc\">\n<div id=\"tw-target\">\n<div id=\"kAz1tf\" class=\"g9WsWb\">\n<div id=\"tw-target-text-container\" class=\"tw-ta-container F0azHf tw-nfl\">\n<p>Z!XS <strong data-start=\"5\" data-end=\"18\">Cola Buzz<\/strong> <strong data-start=\"19\" data-end=\"27\">slim<\/strong> p\u0159in\u00e1\u0161\u00ed klasickou kolu s jemn\u00fdm perlen\u00edm, kter\u00e1 p\u016fsob\u00ed nostalgicky a osv\u011b\u017euj\u00edc\u00edm dojmem. Celob\u00edl\u00e9 s\u00e1\u010dky jsou diskr\u00e9tn\u00ed a pohodln\u00e9. Ka\u017ed\u00fd s\u00e1\u010dek obsahuje <strong data-start=\"178\" data-end=\"196\">10 mg nikotinu<\/strong> pro siln\u00e9 a stabiln\u00ed uvoln\u011bn\u00ed.<\/p>\n<\/div>\n<\/div>\n<\/div>\n<\/div>\n<\/div>\n<\/div>\n<\/div>\n<\/div>\n<\/div>\n<\/div>\n<\/div>\n<\/div>","protected":false},"featured_media":8285,"comment_status":"open","ping_status":"closed","template":"","format":[206],"meta":{"_acf_changed":false},"product_brand":[],"product_cat":[39],"product_tag":[16587],"flavours":[193],"nicotine":[213,232],"class_list":{"0":"post-8284","1":"product","2":"type-product","3":"status-publish","4":"has-post-thumbnail","6":"product_cat-zxs","7":"product_tag-10-mg-pouch","8":"pa_quantity-1-pack","9":"pa_quantity-10-pack","10":"pa_quantity-3-pack","11":"pa_quantity-30-pack","12":"pa_quantity-5-pack","13":"pa_quantity-60-pack","14":"flavours-cola","15":"format-slim","16":"nicotine-16-mg-g","17":"nicotine-extra-strong","19":"first","20":"instock","21":"taxable","22":"shipping-taxable","23":"purchasable","24":"product-type-variable"},"acf":[],"_links":{"self":[{"href":"https:\/\/whitelip.com\/cs\/wp-json\/wp\/v2\/product\/8284","targetHints":{"allow":["GET"]}}],"collection":[{"href":"https:\/\/whitelip.com\/cs\/wp-json\/wp\/v2\/product"}],"about":[{"href":"https:\/\/whitelip.com\/cs\/wp-json\/wp\/v2\/types\/product"}],"replies":[{"embeddable":true,"href":"https:\/\/whitelip.com\/cs\/wp-json\/wp\/v2\/comments?post=8284"}],"wp:featuredmedia":[{"embeddable":true,"href":"https:\/\/whitelip.com\/cs\/wp-json\/wp\/v2\/media\/8285"}],"wp:attachment":[{"href":"https:\/\/whitelip.com\/cs\/wp-json\/wp\/v2\/media?parent=8284"}],"wp:term":[{"taxonomy":"product_brand","embeddable":true,"href":"https:\/\/whitelip.com\/cs\/wp-json\/wp\/v2\/product_brand?post=8284"},{"taxonomy":"product_cat","embeddable":true,"href":"https:\/\/whitelip.com\/cs\/wp-json\/wp\/v2\/product_cat?post=8284"},{"taxonomy":"product_tag","embeddable":true,"href":"https:\/\/whitelip.com\/cs\/wp-json\/wp\/v2\/product_tag?post=8284"},{"taxonomy":"flavours","embeddable":true,"href":"https:\/\/whitelip.com\/cs\/wp-json\/wp\/v2\/flavours?post=8284"},{"taxonomy":"format","embeddable":true,"href":"https:\/\/whitelip.com\/cs\/wp-json\/wp\/v2\/format?post=8284"},{"taxonomy":"nicotine","embeddable":true,"href":"https:\/\/whitelip.com\/cs\/wp-json\/wp\/v2\/nicotine?post=8284"}],"curies":[{"name":"wp","href":"https:\/\/api.w.org\/{rel}","templated":true}]}}