{"id":8282,"date":"2024-11-28T12:41:10","date_gmt":"2024-11-28T12:41:10","guid":{"rendered":"https:\/\/whitelip.com\/siberia-80-all-white-long\/"},"modified":"2026-05-06T11:31:23","modified_gmt":"2026-05-06T11:31:23","slug":"siberia-80-all-white-long","status":"publish","type":"product","link":"https:\/\/whitelip.com\/cs\/siberia\/siberia-80-all-white-long\/","title":{"rendered":"Siberia -80 All White Long"},"content":{"rendered":"<h2><b>Siberia -80 All White Long<\/b><\/h2>\n<p><span style=\"font-weight: 400;\">Nikotinov\u00e9 s\u00e1\u010dky Siberia -80 All White Long p\u0159in\u00e1\u0161ej\u00ed velmi siln\u00fd nikotinov\u00fd z\u00e1\u017eitek v kombinaci s osv\u011b\u017euj\u00edc\u00ed ledov\u011b m\u00e1tovou p\u0159\u00edchut\u00ed. Tyto dlouh\u00e9 beztab\u00e1kov\u00e9 s\u00e1\u010dky jsou ur\u010deny pro ty, kte\u0159\u00ed hledaj\u00ed odv\u00e1\u017en\u00fd a siln\u00fd nikotinov\u00fd n\u00e1boj, a nab\u00edzej\u00ed diskr\u00e9tn\u00ed a pohodln\u00e9 ulo\u017een\u00ed pod rty. Siberia -80 All White Long zaji\u0161\u0165uje \u010dist\u00e9 a povzbuzuj\u00edc\u00ed uvol\u0148ov\u00e1n\u00ed chuti a nikotinu, co\u017e z n\u011bj \u010din\u00ed vynikaj\u00edc\u00ed volbu pro zku\u0161en\u00e9 u\u017eivatele.<\/span><\/p>\n<table>\n<tbody>\n<tr>\n<td><b>Atribut<\/b><\/td>\n<td><b>Podrobnosti na<\/b><\/td>\n<\/tr>\n<tr>\n<td><span style=\"font-weight: 400;\">Obsah na plechovku<\/span><\/td>\n<td><span style=\"font-weight: 400;\">15 g (20 s\u00e1\u010dk\u016f)<\/span><\/td>\n<\/tr>\n<tr>\n<td><span style=\"font-weight: 400;\">Obsah nikotinu<\/span><\/td>\n<td><span style=\"font-weight: 400;\">33 mg\/g (25 mg na s\u00e1\u010dek)<\/span><\/td>\n<\/tr>\n<tr>\n<td><span style=\"font-weight: 400;\">Form\u00e1t pouzdra<\/span><\/td>\n<td><span style=\"font-weight: 400;\">Long<\/span><\/td>\n<\/tr>\n<tr>\n<td><span style=\"font-weight: 400;\">V\u00fdrobce<\/span><\/td>\n<td><span style=\"font-weight: 400;\">SIBERIA<\/span><\/td>\n<\/tr>\n<tr>\n<td><span style=\"font-weight: 400;\">P\u0159\u00edchu\u0165<\/span><\/td>\n<td><span style=\"font-weight: 400;\">Icy Mint<\/span><\/td>\n<\/tr>\n<tr>\n<td><span style=\"font-weight: 400;\">Typ<\/span><\/td>\n<td><span style=\"font-weight: 400;\">Celob\u00edl\u00fd s\u00e1\u010dek, bez tab\u00e1ku<\/span><\/td>\n<\/tr>\n<\/tbody>\n<\/table>","protected":false},"excerpt":{"rendered":"<p>Siberia -80 All White Long nikotinov\u00e9 s\u00e1\u010dky p\u0159in\u00e1\u0161ej\u00ed velmi siln\u00fd <strong data-start=\"68\" data-end=\"80\">Icy Mint<\/strong> s v\u00fdraznou, osv\u011b\u017euj\u00edc\u00ed chut\u00ed. Dlouh\u00e9 s\u00e1\u010dky bez tab\u00e1ku se diskr\u00e9tn\u011b vejdou pod ret a zajist\u00ed \u010dist\u00e9 a osv\u011b\u017euj\u00edc\u00ed uvoln\u011bn\u00ed. Ka\u017ed\u00fd s\u00e1\u010dek obsahuje <strong data-start=\"230\" data-end=\"248\">25 mg nikotinu<\/strong>.<\/p>","protected":false},"featured_media":8283,"comment_status":"open","ping_status":"closed","template":"","format":[206],"meta":{"_acf_changed":false},"product_brand":[],"product_cat":[61],"product_tag":[16589],"flavours":[199],"nicotine":[222,233],"class_list":{"0":"post-8282","1":"product","2":"type-product","3":"status-publish","4":"has-post-thumbnail","6":"product_cat-siberia","7":"product_tag-25-mg-pouch","8":"pa_quantity-1-pack","9":"pa_quantity-10-pack","10":"pa_quantity-3-pack","11":"pa_quantity-30-pack","12":"pa_quantity-5-pack","13":"pa_quantity-60-pack","14":"flavours-mint","15":"format-slim","16":"nicotine-33-mg-g","17":"nicotine-extreme","19":"first","20":"instock","21":"taxable","22":"shipping-taxable","23":"purchasable","24":"product-type-variable"},"acf":[],"_links":{"self":[{"href":"https:\/\/whitelip.com\/cs\/wp-json\/wp\/v2\/product\/8282","targetHints":{"allow":["GET"]}}],"collection":[{"href":"https:\/\/whitelip.com\/cs\/wp-json\/wp\/v2\/product"}],"about":[{"href":"https:\/\/whitelip.com\/cs\/wp-json\/wp\/v2\/types\/product"}],"replies":[{"embeddable":true,"href":"https:\/\/whitelip.com\/cs\/wp-json\/wp\/v2\/comments?post=8282"}],"wp:featuredmedia":[{"embeddable":true,"href":"https:\/\/whitelip.com\/cs\/wp-json\/wp\/v2\/media\/8283"}],"wp:attachment":[{"href":"https:\/\/whitelip.com\/cs\/wp-json\/wp\/v2\/media?parent=8282"}],"wp:term":[{"taxonomy":"product_brand","embeddable":true,"href":"https:\/\/whitelip.com\/cs\/wp-json\/wp\/v2\/product_brand?post=8282"},{"taxonomy":"product_cat","embeddable":true,"href":"https:\/\/whitelip.com\/cs\/wp-json\/wp\/v2\/product_cat?post=8282"},{"taxonomy":"product_tag","embeddable":true,"href":"https:\/\/whitelip.com\/cs\/wp-json\/wp\/v2\/product_tag?post=8282"},{"taxonomy":"flavours","embeddable":true,"href":"https:\/\/whitelip.com\/cs\/wp-json\/wp\/v2\/flavours?post=8282"},{"taxonomy":"format","embeddable":true,"href":"https:\/\/whitelip.com\/cs\/wp-json\/wp\/v2\/format?post=8282"},{"taxonomy":"nicotine","embeddable":true,"href":"https:\/\/whitelip.com\/cs\/wp-json\/wp\/v2\/nicotine?post=8282"}],"curies":[{"name":"wp","href":"https:\/\/api.w.org\/{rel}","templated":true}]}}