{"id":8280,"date":"2024-11-28T12:41:10","date_gmt":"2024-11-28T12:41:10","guid":{"rendered":"https:\/\/whitelip.com\/siberia-80-all-white-maxi\/"},"modified":"2026-04-29T16:53:41","modified_gmt":"2026-04-29T16:53:41","slug":"siberia-80-all-white-maxi","status":"publish","type":"product","link":"https:\/\/whitelip.com\/cs\/siberia\/siberia-80-all-white-maxi\/","title":{"rendered":"Siberia -80 All White Maxi"},"content":{"rendered":"<h2><b>Siberia -80 All White Maxi<\/b><\/h2>\n<p><span style=\"font-weight: 400;\">Nikotinov\u00e9 s\u00e1\u010dky Siberia -80 All White Maxi nab\u00edzej\u00ed intenzivn\u00ed nikotinov\u00fd z\u00e1\u017eitek spojen\u00fd s k\u0159upavou a ledovou m\u00e1tovou p\u0159\u00edchut\u00ed, speci\u00e1ln\u011b navr\u017een\u00e9 pro ty, kte\u0159\u00ed hledaj\u00ed maxim\u00e1ln\u00ed s\u00edlu a v\u011bt\u0161\u00ed s\u00e1\u010dky. Tyto beztab\u00e1kov\u00e9 s\u00e1\u010dky poskytuj\u00ed v\u00fdrazn\u00e9 a povzbuzuj\u00edc\u00ed uvol\u0148ov\u00e1n\u00ed nikotinu a z\u00e1rove\u0148 zaji\u0161\u0165uj\u00ed pohodln\u00e9 ulo\u017een\u00ed pod rty. Siberia -80 All White Maxi je p\u0159izp\u016fsobena zku\u0161en\u00fdm u\u017eivatel\u016fm, kte\u0159\u00ed d\u00e1vaj\u00ed p\u0159ednost siln\u00e9mu nikotinov\u00e9mu n\u00e1dechu v kombinaci s osv\u011b\u017euj\u00edc\u00ed m\u00e1tou.<\/span><\/p>\n<table>\n<tbody>\n<tr>\n<td><b>Atribut<\/b><\/td>\n<td><b>Podrobnosti na<\/b><\/td>\n<\/tr>\n<tr>\n<td><span style=\"font-weight: 400;\">Obsah na plechovku<\/span><\/td>\n<td><span style=\"font-weight: 400;\">20 g (15 s\u00e1\u010dk\u016f)<\/span><\/td>\n<\/tr>\n<tr>\n<td><span style=\"font-weight: 400;\">Obsah nikotinu<\/span><\/td>\n<td><span style=\"font-weight: 400;\">33 mg\/g (44 mg na s\u00e1\u010dek)<\/span><\/td>\n<\/tr>\n<tr>\n<td><span style=\"font-weight: 400;\">Form\u00e1t pouzdra<\/span><\/td>\n<td><span style=\"font-weight: 400;\">Maxi<\/span><\/td>\n<\/tr>\n<tr>\n<td><span style=\"font-weight: 400;\">V\u00fdrobce<\/span><\/td>\n<td><span style=\"font-weight: 400;\">SIBERIA<\/span><\/td>\n<\/tr>\n<tr>\n<td><span style=\"font-weight: 400;\">P\u0159\u00edchu\u0165<\/span><\/td>\n<td><span style=\"font-weight: 400;\">Icy Mint<\/span><\/td>\n<\/tr>\n<tr>\n<td><span style=\"font-weight: 400;\">Typ<\/span><\/td>\n<td><span style=\"font-weight: 400;\">Celob\u00edl\u00fd s\u00e1\u010dek, bez tab\u00e1ku<\/span><\/td>\n<\/tr>\n<\/tbody>\n<\/table>","protected":false},"excerpt":{"rendered":"<p>Siberia -80 All White Maxi nikotinov\u00e9 s\u00e1\u010dky p\u0159in\u00e1\u0161ej\u00ed intenzivn\u00ed <strong data-start=\"63\" data-end=\"75\">Icy Mint<\/strong> chu\u0165 s maxim\u00e1ln\u00ed silou a v\u011bt\u0161\u00ed velikost\u00ed s\u00e1\u010dku. <strong data-start=\"128\" data-end=\"136\">Slim<\/strong>, beztab\u00e1kov\u00fd form\u00e1t pro pohodln\u00e9 a osv\u011b\u017euj\u00edc\u00ed no\u0161en\u00ed pod rty. Ka\u017ed\u00fd s\u00e1\u010dek obsahuje <strong data-start=\"229\" data-end=\"247\">44 mg nikotinu<\/strong>.<\/p>","protected":false},"featured_media":8281,"comment_status":"open","ping_status":"closed","template":"","format":[204],"meta":{"_acf_changed":false},"product_brand":[],"product_cat":[61],"product_tag":[17000],"flavours":[199],"nicotine":[222,233],"class_list":{"0":"post-8280","1":"product","2":"type-product","3":"status-publish","4":"has-post-thumbnail","6":"product_cat-siberia","7":"product_tag-44-mg-pouch","8":"pa_quantity-1-pack","9":"pa_quantity-10-pack","10":"pa_quantity-3-pack","11":"pa_quantity-30-pack","12":"pa_quantity-5-pack","13":"pa_quantity-60-pack","14":"flavours-mint","15":"format-large","16":"nicotine-33-mg-g","17":"nicotine-extreme","19":"first","20":"instock","21":"taxable","22":"shipping-taxable","23":"purchasable","24":"product-type-variable"},"acf":[],"_links":{"self":[{"href":"https:\/\/whitelip.com\/cs\/wp-json\/wp\/v2\/product\/8280","targetHints":{"allow":["GET"]}}],"collection":[{"href":"https:\/\/whitelip.com\/cs\/wp-json\/wp\/v2\/product"}],"about":[{"href":"https:\/\/whitelip.com\/cs\/wp-json\/wp\/v2\/types\/product"}],"replies":[{"embeddable":true,"href":"https:\/\/whitelip.com\/cs\/wp-json\/wp\/v2\/comments?post=8280"}],"wp:featuredmedia":[{"embeddable":true,"href":"https:\/\/whitelip.com\/cs\/wp-json\/wp\/v2\/media\/8281"}],"wp:attachment":[{"href":"https:\/\/whitelip.com\/cs\/wp-json\/wp\/v2\/media?parent=8280"}],"wp:term":[{"taxonomy":"product_brand","embeddable":true,"href":"https:\/\/whitelip.com\/cs\/wp-json\/wp\/v2\/product_brand?post=8280"},{"taxonomy":"product_cat","embeddable":true,"href":"https:\/\/whitelip.com\/cs\/wp-json\/wp\/v2\/product_cat?post=8280"},{"taxonomy":"product_tag","embeddable":true,"href":"https:\/\/whitelip.com\/cs\/wp-json\/wp\/v2\/product_tag?post=8280"},{"taxonomy":"flavours","embeddable":true,"href":"https:\/\/whitelip.com\/cs\/wp-json\/wp\/v2\/flavours?post=8280"},{"taxonomy":"format","embeddable":true,"href":"https:\/\/whitelip.com\/cs\/wp-json\/wp\/v2\/format?post=8280"},{"taxonomy":"nicotine","embeddable":true,"href":"https:\/\/whitelip.com\/cs\/wp-json\/wp\/v2\/nicotine?post=8280"}],"curies":[{"name":"wp","href":"https:\/\/api.w.org\/{rel}","templated":true}]}}