{"id":8276,"date":"2024-11-28T12:41:10","date_gmt":"2024-11-28T12:41:10","guid":{"rendered":"https:\/\/whitelip.com\/cuba-black-forest-berries\/"},"modified":"2026-04-28T10:11:18","modified_gmt":"2026-04-28T10:11:18","slug":"cuba-black-forest-berries","status":"publish","type":"product","link":"https:\/\/whitelip.com\/cs\/cuba\/cuba-black-forest-berries\/","title":{"rendered":"CUBA \u010cern\u00e9 lesn\u00ed plody"},"content":{"rendered":"<h2><b>CUBA \u010cern\u00e9 lesn\u00ed plody<\/b><\/h2>\n<p><span style=\"font-weight: 400;\">Nikotinov\u00e9 s\u00e1\u010dky CUBA Black Forest Berries nab\u00edzej\u00ed bohatou sm\u011bs p\u0159\u00edchut\u00ed lesn\u00edch plod\u016f, v\u010detn\u011b malin, bor\u016fvek, ostru\u017ein a jahod, kter\u00e9 p\u0159in\u00e1\u0161ej\u00ed osv\u011b\u017euj\u00edc\u00ed a uspokojuj\u00edc\u00ed chu\u0165ov\u00fd z\u00e1\u017eitek. Ka\u017ed\u00fd tenk\u00fd, celob\u00edl\u00fd s\u00e1\u010dek obsahuje 43 mg nikotinu, co\u017e poskytuje siln\u00fd pocit vhodn\u00fd pro zku\u0161en\u00e9 u\u017eivatele. \u010cern\u011b zbarven\u00e9 s\u00e1\u010dky jsou navr\u017eeny tak, aby byly diskr\u00e9tn\u00ed a ne\u0161pinily zuby. Ka\u017ed\u00e1 plechovka obsahuje 20 s\u00e1\u010dk\u016f, co\u017e nab\u00edz\u00ed dostate\u010dnou z\u00e1sobu pro v\u00e1\u0161 po\u017eitek. Tyto s\u00e1\u010dky, vyr\u00e1b\u011bn\u00e9 polsk\u00fdm v\u00fdrobcem CUBA, kter\u00fd je zn\u00e1m\u00fd spojen\u00edm modern\u00edch postup\u016f s tradi\u010dn\u00ed kvalitou, jsou p\u0159\u00edkladem vysok\u00fdch standard\u016f a inovativn\u00edch kombinac\u00ed chut\u00ed.<\/span><\/p>\n<p><b>Specifikace<\/b><\/p>\n<table>\n<tbody>\n<tr>\n<td><b>Atribut<\/b><\/td>\n<td><b>Podrobnosti na<\/b><\/td>\n<\/tr>\n<tr>\n<td><b>Obsah na plechovku<\/b><\/td>\n<td><span style=\"font-weight: 400;\">13 g (20 s\u00e1\u010dk\u016f)<\/span><\/td>\n<\/tr>\n<tr>\n<td><b>Obsah nikotinu<\/b><\/td>\n<td><span style=\"font-weight: 400;\">43 mg\/g (43 mg na s\u00e1\u010dek)<\/span><\/td>\n<\/tr>\n<tr>\n<td><b>Form\u00e1t pouzdra<\/b><\/td>\n<td><span style=\"font-weight: 400;\">Slim<\/span><\/td>\n<\/tr>\n<tr>\n<td><b>V\u00fdrobce<\/b><\/td>\n<td><span style=\"font-weight: 400;\">CUBA<\/span><\/td>\n<\/tr>\n<tr>\n<td><b>P\u0159\u00edchu\u0165<\/b><\/td>\n<td><span style=\"font-weight: 400;\">Lesn\u00ed plody<\/span><\/td>\n<\/tr>\n<tr>\n<td><b>Typ<\/b><\/td>\n<td><span style=\"font-weight: 400;\">Celob\u00edl\u00e9 pouzdro<\/span><\/td>\n<\/tr>\n<\/tbody>\n<\/table>\n<p>\u00a0<\/p>","protected":false},"excerpt":{"rendered":"<p><span style=\"font-weight: 400;\">Nikotinov\u00e9 s\u00e1\u010dky CUBA Black Forest Berries nab\u00edzej\u00ed bohatou sm\u011bs p\u0159\u00edchut\u00ed lesn\u00edch plod\u016f, v\u010detn\u011b malin, bor\u016fvek, ostru\u017ein a jahod, kter\u00e9 p\u0159in\u00e1\u0161ej\u00ed osv\u011b\u017euj\u00edc\u00ed a uspokojuj\u00edc\u00ed chu\u0165ov\u00fd z\u00e1\u017eitek. Ka\u017ed\u00fd tenk\u00fd, celob\u00edl\u00fd s\u00e1\u010dek obsahuje 43 mg nikotinu, co\u017e poskytuje siln\u00fd pocit vhodn\u00fd pro zku\u0161en\u00e9 u\u017eivatele. \u010cern\u011b zbarven\u00e9 s\u00e1\u010dky jsou navr\u017eeny tak, aby byly diskr\u00e9tn\u00ed a ne\u0161pinily zuby. Ka\u017ed\u00e1 plechovka obsahuje 20 s\u00e1\u010dk\u016f, co\u017e nab\u00edz\u00ed dostate\u010dnou z\u00e1sobu pro v\u00e1\u0161 po\u017eitek. Tyto s\u00e1\u010dky, vyr\u00e1b\u011bn\u00e9 polsk\u00fdm v\u00fdrobcem CUBA, kter\u00fd je zn\u00e1m\u00fd spojen\u00edm modern\u00edch postup\u016f s tradi\u010dn\u00ed kvalitou, jsou p\u0159\u00edkladem vysok\u00fdch standard\u016f a inovativn\u00edch kombinac\u00ed chut\u00ed.<\/span><\/p>","protected":false},"featured_media":8277,"comment_status":"open","ping_status":"closed","template":"","format":[206],"meta":{"_acf_changed":false},"product_brand":[],"product_cat":[46],"product_tag":[16567],"flavours":[196],"nicotine":[227,233],"class_list":{"0":"post-8276","1":"product","2":"type-product","3":"status-publish","4":"has-post-thumbnail","6":"product_cat-cuba","7":"product_tag-43-mg-pouch","8":"pa_quantity-1-pack","9":"pa_quantity-10-pack","10":"pa_quantity-3-pack","11":"pa_quantity-30-pack","12":"pa_quantity-5-pack","13":"pa_quantity-60-pack","14":"flavours-fruits-berries","15":"format-slim","16":"nicotine-43-mg-g","17":"nicotine-extreme","19":"first","20":"outofstock","21":"taxable","22":"shipping-taxable","23":"purchasable","24":"product-type-variable"},"acf":[],"_links":{"self":[{"href":"https:\/\/whitelip.com\/cs\/wp-json\/wp\/v2\/product\/8276","targetHints":{"allow":["GET"]}}],"collection":[{"href":"https:\/\/whitelip.com\/cs\/wp-json\/wp\/v2\/product"}],"about":[{"href":"https:\/\/whitelip.com\/cs\/wp-json\/wp\/v2\/types\/product"}],"replies":[{"embeddable":true,"href":"https:\/\/whitelip.com\/cs\/wp-json\/wp\/v2\/comments?post=8276"}],"wp:featuredmedia":[{"embeddable":true,"href":"https:\/\/whitelip.com\/cs\/wp-json\/wp\/v2\/media\/8277"}],"wp:attachment":[{"href":"https:\/\/whitelip.com\/cs\/wp-json\/wp\/v2\/media?parent=8276"}],"wp:term":[{"taxonomy":"product_brand","embeddable":true,"href":"https:\/\/whitelip.com\/cs\/wp-json\/wp\/v2\/product_brand?post=8276"},{"taxonomy":"product_cat","embeddable":true,"href":"https:\/\/whitelip.com\/cs\/wp-json\/wp\/v2\/product_cat?post=8276"},{"taxonomy":"product_tag","embeddable":true,"href":"https:\/\/whitelip.com\/cs\/wp-json\/wp\/v2\/product_tag?post=8276"},{"taxonomy":"flavours","embeddable":true,"href":"https:\/\/whitelip.com\/cs\/wp-json\/wp\/v2\/flavours?post=8276"},{"taxonomy":"format","embeddable":true,"href":"https:\/\/whitelip.com\/cs\/wp-json\/wp\/v2\/format?post=8276"},{"taxonomy":"nicotine","embeddable":true,"href":"https:\/\/whitelip.com\/cs\/wp-json\/wp\/v2\/nicotine?post=8276"}],"curies":[{"name":"wp","href":"https:\/\/api.w.org\/{rel}","templated":true}]}}