{"id":8242,"date":"2024-12-20T19:39:04","date_gmt":"2024-12-20T19:39:04","guid":{"rendered":"https:\/\/whitelip.com\/velo-zesty-elderflower\/"},"modified":"2026-05-07T10:11:47","modified_gmt":"2026-05-07T10:11:47","slug":"velo-zesty-elderflower","status":"publish","type":"product","link":"https:\/\/whitelip.com\/cs\/velo\/velo-zesty-elderflower\/","title":{"rendered":"VELO Zesty Elderflower"},"content":{"rendered":"<h2><b>VELO Zesty Elderflower<\/b><\/h2>\n<p><span style=\"font-weight: 400;\">VELO Zesty Elderflower nab\u00edz\u00ed sofistikovanou sm\u011bs sladk\u00e9ho bezinku a zesty limetky, kter\u00e1 poskytuje osv\u011b\u017euj\u00edc\u00ed a kv\u011btinov\u00fd z\u00e1\u017eitek s nikotinem p\u0159ipom\u00ednaj\u00edc\u00ed \u010dist\u00fd letn\u00ed den. Tyto \u0161t\u00edhl\u00e9, b\u00edl\u00e9 pytl\u00edky s nikotinem jsou ur\u010deny pro diskr\u00e9tn\u00ed a pohodln\u00e9 pou\u017eit\u00ed a bez probl\u00e9m\u016f se vejdou pod ret bez toho, aby byly viditeln\u00e9. Vyv\u00e1\u017een\u00e1 kombinace kv\u011btinov\u00e9 sladkosti bezinku a citr\u00f3nov\u00e9 chuti limetky vytv\u00e1\u0159\u00ed harmonickou paletu chut\u00ed, kter\u00e1 zaujme ty, kte\u0159\u00ed hledaj\u00ed jedine\u010dnou a elegantn\u00ed chu\u0165. Bez tab\u00e1ku a s vyu\u017eit\u00edm vysoce kvalitn\u00edch rostlinn\u00fdch vl\u00e1ken VELO Zesty Elderflower zaji\u0161\u0165uje konzistentn\u00ed uvoln\u011bn\u00ed chuti a nikotinu, co\u017e z n\u011bj \u010din\u00ed vynikaj\u00edc\u00ed volbu pro u\u017eivatele, kte\u0159\u00ed si p\u0159ej\u00ed rafinovan\u00fd a povzbuzuj\u00edc\u00ed pytl\u00edk s nikotinem.<\/span><\/p>\n<table>\n<tbody>\n<tr>\n<td><b>Atribut<\/b><\/td>\n<td><b>Podrobnosti na<\/b><\/td>\n<\/tr>\n<tr>\n<td><span style=\"font-weight: 400;\">Zna\u010dka<\/span><\/td>\n<td><span style=\"font-weight: 400;\">VELO<\/span><\/td>\n<\/tr>\n<tr>\n<td><span style=\"font-weight: 400;\">Typ v\u00fdrobku<\/span><\/td>\n<td><span style=\"font-weight: 400;\">V\u0161echny b\u00edl\u00e9 nikotinov\u00e9 s\u00e1\u010dky<\/span><\/td>\n<\/tr>\n<tr>\n<td><span style=\"font-weight: 400;\">Form\u00e1t<\/span><\/td>\n<td><span style=\"font-weight: 400;\">Slim<\/span><\/td>\n<\/tr>\n<tr>\n<td><span style=\"font-weight: 400;\">P\u0159\u00edchu\u0165<\/span><\/td>\n<td><span style=\"font-weight: 400;\">Bezinek a limetka<\/span><\/td>\n<\/tr>\n<tr>\n<td><span style=\"font-weight: 400;\">S\u00edla nikotinu<\/span><\/td>\n<td><span style=\"font-weight: 400;\">14,3 mg\/g (10 mg na s\u00e1\u010dek)<\/span><\/td>\n<\/tr>\n<tr>\n<td><span style=\"font-weight: 400;\">Hmotnost porce<\/span><\/td>\n<td><span style=\"font-weight: 400;\">0,7 gramu<\/span><\/td>\n<\/tr>\n<tr>\n<td><span style=\"font-weight: 400;\">Po\u010det porc\u00ed<\/span><\/td>\n<td><span style=\"font-weight: 400;\">20 za plechovku<\/span><\/td>\n<\/tr>\n<tr>\n<td><span style=\"font-weight: 400;\">Celkov\u00e1 hmotnost plechovky<\/span><\/td>\n<td><span style=\"font-weight: 400;\">14 gram\u016f<\/span><\/td>\n<\/tr>\n<tr>\n<td><span style=\"font-weight: 400;\">V\u00fdrobce<\/span><\/td>\n<td><span style=\"font-weight: 400;\">BAT<\/span><\/td>\n<\/tr>\n<tr>\n<td><span style=\"font-weight: 400;\">Pozoruhodn\u00e9 funkce<\/span><\/td>\n<td><span style=\"font-weight: 400;\">Bez tab\u00e1ku, diskr\u00e9tn\u00ed \u0161t\u00edhl\u00e9 porce, vyv\u00e1\u017een\u00e1 kv\u011btinov\u00e1 a citrusov\u00e1 chu\u0165<\/span><\/td>\n<\/tr>\n<\/tbody>\n<\/table>","protected":false},"excerpt":{"rendered":"<p>VELO Zesty Elderflower nikotinov\u00e9 s\u00e1\u010dky p\u0159in\u00e1\u0161ej\u00ed rafinovan\u00fd <strong data-start=\"58\" data-end=\"86\">Pikantn\u00ed bezov\u00fd kv\u011bt a limetka<\/strong> s kv\u011btinovou sladkost\u00ed a sv\u011b\u017e\u00edm citrusov\u00fdm n\u00e1dechem. <strong data-start=\"141\" data-end=\"149\">Slim<\/strong>, celob\u00edl\u00fd form\u00e1t pro diskr\u00e9tn\u00ed, pohodln\u00e9 pou\u017eit\u00ed a konzistentn\u00ed uvol\u0148ov\u00e1n\u00ed. Ka\u017ed\u00e9 s\u00e1\u010dek obsahuje <strong data-start=\"244\" data-end=\"262\">10 mg nikotinu<\/strong>.<\/p>","protected":false},"featured_media":8243,"comment_status":"open","ping_status":"closed","template":"","format":[206],"meta":{"_acf_changed":false},"product_brand":[],"product_cat":[48],"product_tag":[16587],"flavours":[195],"nicotine":[211,232],"class_list":{"0":"post-8242","1":"product","2":"type-product","3":"status-publish","4":"has-post-thumbnail","6":"product_cat-velo","7":"product_tag-10-mg-pouch","8":"pa_quantity-1-pack","9":"pa_quantity-10-pack","10":"pa_quantity-3-pack","11":"pa_quantity-30-pack","12":"pa_quantity-5-pack","13":"pa_quantity-60-pack","14":"flavours-flower","15":"format-slim","16":"nicotine-14-mg-g","17":"nicotine-extra-strong","19":"first","20":"instock","21":"taxable","22":"shipping-taxable","23":"product-type-variable"},"acf":[],"_links":{"self":[{"href":"https:\/\/whitelip.com\/cs\/wp-json\/wp\/v2\/product\/8242","targetHints":{"allow":["GET"]}}],"collection":[{"href":"https:\/\/whitelip.com\/cs\/wp-json\/wp\/v2\/product"}],"about":[{"href":"https:\/\/whitelip.com\/cs\/wp-json\/wp\/v2\/types\/product"}],"replies":[{"embeddable":true,"href":"https:\/\/whitelip.com\/cs\/wp-json\/wp\/v2\/comments?post=8242"}],"wp:featuredmedia":[{"embeddable":true,"href":"https:\/\/whitelip.com\/cs\/wp-json\/wp\/v2\/media\/8243"}],"wp:attachment":[{"href":"https:\/\/whitelip.com\/cs\/wp-json\/wp\/v2\/media?parent=8242"}],"wp:term":[{"taxonomy":"product_brand","embeddable":true,"href":"https:\/\/whitelip.com\/cs\/wp-json\/wp\/v2\/product_brand?post=8242"},{"taxonomy":"product_cat","embeddable":true,"href":"https:\/\/whitelip.com\/cs\/wp-json\/wp\/v2\/product_cat?post=8242"},{"taxonomy":"product_tag","embeddable":true,"href":"https:\/\/whitelip.com\/cs\/wp-json\/wp\/v2\/product_tag?post=8242"},{"taxonomy":"flavours","embeddable":true,"href":"https:\/\/whitelip.com\/cs\/wp-json\/wp\/v2\/flavours?post=8242"},{"taxonomy":"format","embeddable":true,"href":"https:\/\/whitelip.com\/cs\/wp-json\/wp\/v2\/format?post=8242"},{"taxonomy":"nicotine","embeddable":true,"href":"https:\/\/whitelip.com\/cs\/wp-json\/wp\/v2\/nicotine?post=8242"}],"curies":[{"name":"wp","href":"https:\/\/api.w.org\/{rel}","templated":true}]}}