{"id":8240,"date":"2024-12-20T19:39:04","date_gmt":"2024-12-20T19:39:04","guid":{"rendered":"https:\/\/whitelip.com\/velo-purple-grape\/"},"modified":"2026-05-06T20:48:55","modified_gmt":"2026-05-06T20:48:55","slug":"velo-purple-grape","status":"publish","type":"product","link":"https:\/\/whitelip.com\/cs\/velo\/velo-purple-grape\/","title":{"rendered":"VELO Purple Grape"},"content":{"rendered":"<h2><strong>VELO Purple Grape<\/strong><\/h2>\n<p><span style=\"font-weight: 400;\">VELO Purple Grape nab\u00edz\u00ed \u017eiv\u00fd a ovocn\u00fd nikotinov\u00fd z\u00e1\u017eitek, kter\u00fd zachycuje sladkou a lehce trpkou esenci \u010derven\u00fdch hrozn\u016f. Tyto tenk\u00e9, celob\u00edl\u00e9 nikotinov\u00e9 s\u00e1\u010dky jsou navr\u017eeny pro diskr\u00e9tn\u00ed a pohodln\u00e9 pou\u017e\u00edv\u00e1n\u00ed, hladce se vejdou pod rty, ani\u017e by byly n\u00e1padn\u00e9. Vyv\u00e1\u017een\u00fd chu\u0165ov\u00fd profil poskytuje uspokojiv\u00fd chu\u0165ov\u00fd vjem a je tak vynikaj\u00edc\u00ed volbou pro ty, kte\u0159\u00ed hledaj\u00ed chu\u0165ovou alternativu k tradi\u010dn\u00edm v\u00fdrobk\u016fm. S\u00e1\u010dky neobsahuj\u00ed tab\u00e1k, vyu\u017e\u00edvaj\u00ed vysoce kvalitn\u00ed rostlinn\u00e1 vl\u00e1kna a jsou navr\u017eeny tak, aby poskytovaly konzistentn\u00ed uvol\u0148ov\u00e1n\u00ed nikotinu a chuti. Tenk\u00fd form\u00e1t zaji\u0161\u0165uje minim\u00e1ln\u00ed odkap\u00e1v\u00e1n\u00ed a pohodln\u00e9 no\u0161en\u00ed, co\u017e vyhovuje jak nov\u00fdm, tak zku\u0161en\u00fdm u\u017eivatel\u016fm, kte\u0159\u00ed hledaj\u00ed osv\u011b\u017euj\u00edc\u00ed a p\u0159\u00edjemn\u00e9 nikotinov\u00e9 s\u00e1\u010dky.<\/span><\/p>\n<table>\n<tbody>\n<tr>\n<td><b>Atribut<\/b><\/td>\n<td><b>Podrobnosti na<\/b><\/td>\n<\/tr>\n<tr>\n<td><span style=\"font-weight: 400;\">Zna\u010dka<\/span><\/td>\n<td><span style=\"font-weight: 400;\">VELO<\/span><\/td>\n<\/tr>\n<tr>\n<td><span style=\"font-weight: 400;\">Typ v\u00fdrobku<\/span><\/td>\n<td><span style=\"font-weight: 400;\">V\u0161echny b\u00edl\u00e9 nikotinov\u00e9 s\u00e1\u010dky<\/span><\/td>\n<\/tr>\n<tr>\n<td><span style=\"font-weight: 400;\">Form\u00e1t<\/span><\/td>\n<td><span style=\"font-weight: 400;\">Slim<\/span><\/td>\n<\/tr>\n<tr>\n<td><span style=\"font-weight: 400;\">P\u0159\u00edchu\u0165<\/span><\/td>\n<td><span style=\"font-weight: 400;\">\u010cerven\u00fd hrozen<\/span><\/td>\n<\/tr>\n<tr>\n<td><span style=\"font-weight: 400;\">S\u00edla nikotinu<\/span><\/td>\n<td><span style=\"font-weight: 400;\">14 mg\/g (10 mg na s\u00e1\u010dek)<\/span><\/td>\n<\/tr>\n<tr>\n<td><span style=\"font-weight: 400;\">Hmotnost porce<\/span><\/td>\n<td><span style=\"font-weight: 400;\">0,7 gramu<\/span><\/td>\n<\/tr>\n<tr>\n<td><span style=\"font-weight: 400;\">Po\u010det porc\u00ed<\/span><\/td>\n<td><span style=\"font-weight: 400;\">20 za plechovku<\/span><\/td>\n<\/tr>\n<tr>\n<td><span style=\"font-weight: 400;\">Celkov\u00e1 hmotnost plechovky<\/span><\/td>\n<td><span style=\"font-weight: 400;\">14 gram\u016f<\/span><\/td>\n<\/tr>\n<tr>\n<td><span style=\"font-weight: 400;\">V\u00fdrobce<\/span><\/td>\n<td><span style=\"font-weight: 400;\">BAT<\/span><\/td>\n<\/tr>\n<tr>\n<td><span style=\"font-weight: 400;\">Pozoruhodn\u00e9 funkce<\/span><\/td>\n<td><span style=\"font-weight: 400;\">Bez tab\u00e1ku, diskr\u00e9tn\u00ed tenk\u00e9 porce, vyv\u00e1\u017een\u00e1 sladk\u00e1 a trpk\u00e1 chu\u0165<\/span><\/td>\n<\/tr>\n<\/tbody>\n<\/table>","protected":false},"excerpt":{"rendered":"<p>VELO Nikotinov\u00e9 s\u00e1\u010dky Purple Grape p\u0159in\u00e1\u0161ej\u00ed \u017eivou, ovocnou chu\u0165. <strong data-start=\"61\" data-end=\"77\">Purple Grape<\/strong> chu\u0165 se sladk\u00fdm, lehce trpk\u00fdm profilem. <strong data-start=\"122\" data-end=\"130\">Slim<\/strong>, celob\u00edl\u00fd form\u00e1t pro diskr\u00e9tn\u00ed, pohodln\u00e9 pou\u017eit\u00ed a konzistentn\u00ed uvol\u0148ov\u00e1n\u00ed. Ka\u017ed\u00e9 s\u00e1\u010dek obsahuje <strong data-start=\"225\" data-end=\"243\">10 mg nikotinu<\/strong>.<\/p>","protected":false},"featured_media":8241,"comment_status":"open","ping_status":"closed","template":"","format":[206],"meta":{"_acf_changed":false},"product_brand":[],"product_cat":[48],"product_tag":[16587],"flavours":[196],"nicotine":[211,232],"class_list":{"0":"post-8240","1":"product","2":"type-product","3":"status-publish","4":"has-post-thumbnail","6":"product_cat-velo","7":"product_tag-10-mg-pouch","8":"pa_quantity-1-pack","9":"pa_quantity-10-pack","10":"pa_quantity-3-pack","11":"pa_quantity-30-pack","12":"pa_quantity-5-pack","13":"pa_quantity-60-pack","14":"flavours-fruits-berries","15":"format-slim","16":"nicotine-14-mg-g","17":"nicotine-extra-strong","19":"first","20":"instock","21":"taxable","22":"shipping-taxable","23":"purchasable","24":"product-type-variable"},"acf":[],"_links":{"self":[{"href":"https:\/\/whitelip.com\/cs\/wp-json\/wp\/v2\/product\/8240","targetHints":{"allow":["GET"]}}],"collection":[{"href":"https:\/\/whitelip.com\/cs\/wp-json\/wp\/v2\/product"}],"about":[{"href":"https:\/\/whitelip.com\/cs\/wp-json\/wp\/v2\/types\/product"}],"replies":[{"embeddable":true,"href":"https:\/\/whitelip.com\/cs\/wp-json\/wp\/v2\/comments?post=8240"}],"wp:featuredmedia":[{"embeddable":true,"href":"https:\/\/whitelip.com\/cs\/wp-json\/wp\/v2\/media\/8241"}],"wp:attachment":[{"href":"https:\/\/whitelip.com\/cs\/wp-json\/wp\/v2\/media?parent=8240"}],"wp:term":[{"taxonomy":"product_brand","embeddable":true,"href":"https:\/\/whitelip.com\/cs\/wp-json\/wp\/v2\/product_brand?post=8240"},{"taxonomy":"product_cat","embeddable":true,"href":"https:\/\/whitelip.com\/cs\/wp-json\/wp\/v2\/product_cat?post=8240"},{"taxonomy":"product_tag","embeddable":true,"href":"https:\/\/whitelip.com\/cs\/wp-json\/wp\/v2\/product_tag?post=8240"},{"taxonomy":"flavours","embeddable":true,"href":"https:\/\/whitelip.com\/cs\/wp-json\/wp\/v2\/flavours?post=8240"},{"taxonomy":"format","embeddable":true,"href":"https:\/\/whitelip.com\/cs\/wp-json\/wp\/v2\/format?post=8240"},{"taxonomy":"nicotine","embeddable":true,"href":"https:\/\/whitelip.com\/cs\/wp-json\/wp\/v2\/nicotine?post=8240"}],"curies":[{"name":"wp","href":"https:\/\/api.w.org\/{rel}","templated":true}]}}