{"id":8236,"date":"2024-11-28T12:40:00","date_gmt":"2024-11-28T12:40:00","guid":{"rendered":"https:\/\/whitelip.com\/cuba-white-pineapple\/"},"modified":"2026-04-17T09:41:17","modified_gmt":"2026-04-17T09:41:17","slug":"cuba-white-pineapple","status":"publish","type":"product","link":"https:\/\/whitelip.com\/cs\/cuba\/cuba-white-pineapple\/","title":{"rendered":"CUBA B\u00edl\u00fd ananas"},"content":{"rendered":"<h2><b>CUBA B\u00edl\u00fd ananas<\/b><\/h2>\n<p><span style=\"font-weight: 400;\">Nikotinov\u00e9 s\u00e1\u010dky CUBA White Pineapple nab\u00edzej\u00ed osv\u011b\u017euj\u00edc\u00ed ananasovou p\u0159\u00edchu\u0165 v kombinaci se silou nikotinu 16 mg v jednom s\u00e1\u010dku, co\u017e pravideln\u00fdm u\u017eivatel\u016fm p\u0159in\u00e1\u0161\u00ed uspokojiv\u00fd z\u00e1\u017eitek. Ka\u017ed\u00e1 plechovka obsahuje 20 s\u00e1\u010dk\u016f tenk\u00e9ho form\u00e1tu, kter\u00e9 jsou navr\u017eeny pro diskr\u00e9tn\u00ed pou\u017eit\u00ed bez zabarven\u00ed zub\u016f. Tyto s\u00e1\u010dky, vyr\u00e1b\u011bn\u00e9 polsk\u00fdm v\u00fdrobcem CUBA, kter\u00fd je zn\u00e1m\u00fd spojen\u00edm modern\u00edch metod s tradi\u010dn\u00ed kvalitou, jsou p\u0159\u00edkladem vysok\u00fdch standard\u016f a inovativn\u00edch kombinac\u00ed chut\u00ed.<\/span><\/p>\n<table>\n<tbody>\n<tr>\n<td><b>Atribut<\/b><\/td>\n<td><b>Podrobnosti na<\/b><\/td>\n<\/tr>\n<tr>\n<td><b>Obsah na plechovku<\/b><\/td>\n<td><span style=\"font-weight: 400;\">13 g (20 s\u00e1\u010dk\u016f)<\/span><\/td>\n<\/tr>\n<tr>\n<td><b>Obsah nikotinu<\/b><\/td>\n<td><span style=\"font-weight: 400;\">16 mg\/g (16 mg na s\u00e1\u010dek)<\/span><\/td>\n<\/tr>\n<tr>\n<td><b>Form\u00e1t pouzdra<\/b><\/td>\n<td><span style=\"font-weight: 400;\">Slim<\/span><\/td>\n<\/tr>\n<tr>\n<td><b>V\u00fdrobce<\/b><\/td>\n<td><span style=\"font-weight: 400;\">CUBA<\/span><\/td>\n<\/tr>\n<tr>\n<td><b>P\u0159\u00edchu\u0165<\/b><\/td>\n<td><span style=\"font-weight: 400;\">Ananas<\/span><\/td>\n<\/tr>\n<tr>\n<td><b>Typ<\/b><\/td>\n<td><span style=\"font-weight: 400;\">Celob\u00edl\u00e9 pouzdro<\/span><\/td>\n<\/tr>\n<\/tbody>\n<\/table>\n<p>\u00a0<\/p>","protected":false},"excerpt":{"rendered":"<p>Osv\u011b\u017euj\u00edc\u00ed <strong data-start=\"11\" data-end=\"24\">ananas<\/strong> s \u010dist\u00fdm, \u0161\u0165avnat\u00fdm z\u00e1v\u011brem. Na <strong data-start=\"57\" data-end=\"72\">slim <\/strong>Form\u00e1tov\u00e9 s\u00e1\u010dky se diskr\u00e9tn\u011b um\u00edst\u00ed pod rty, aby se ne\u0161pinily a mohly se pou\u017e\u00edvat na cest\u00e1ch. Ka\u017ed\u00fd s\u00e1\u010dek obsahuje <strong data-start=\"163\" data-end=\"191\">16 mg nikotinu v jednom s\u00e1\u010dku<\/strong>, s 20 s\u00e1\u010dky na plechovku od spole\u010dnosti CUBA.<\/p>","protected":false},"featured_media":8237,"comment_status":"open","ping_status":"closed","template":"","format":[206],"meta":{"_acf_changed":false},"product_brand":[],"product_cat":[46],"product_tag":[16569],"flavours":[196],"nicotine":[213,232],"class_list":{"0":"post-8236","1":"product","2":"type-product","3":"status-publish","4":"has-post-thumbnail","6":"product_cat-cuba","7":"product_tag-16-mg-pouch","8":"pa_quantity-1-pack","9":"pa_quantity-10-pack","10":"pa_quantity-3-pack","11":"pa_quantity-30-pack","12":"pa_quantity-5-pack","13":"pa_quantity-60-pack","14":"flavours-fruits-berries","15":"format-slim","16":"nicotine-16-mg-g","17":"nicotine-extra-strong","19":"first","20":"outofstock","21":"taxable","22":"shipping-taxable","23":"purchasable","24":"product-type-variable"},"acf":[],"_links":{"self":[{"href":"https:\/\/whitelip.com\/cs\/wp-json\/wp\/v2\/product\/8236","targetHints":{"allow":["GET"]}}],"collection":[{"href":"https:\/\/whitelip.com\/cs\/wp-json\/wp\/v2\/product"}],"about":[{"href":"https:\/\/whitelip.com\/cs\/wp-json\/wp\/v2\/types\/product"}],"replies":[{"embeddable":true,"href":"https:\/\/whitelip.com\/cs\/wp-json\/wp\/v2\/comments?post=8236"}],"wp:featuredmedia":[{"embeddable":true,"href":"https:\/\/whitelip.com\/cs\/wp-json\/wp\/v2\/media\/8237"}],"wp:attachment":[{"href":"https:\/\/whitelip.com\/cs\/wp-json\/wp\/v2\/media?parent=8236"}],"wp:term":[{"taxonomy":"product_brand","embeddable":true,"href":"https:\/\/whitelip.com\/cs\/wp-json\/wp\/v2\/product_brand?post=8236"},{"taxonomy":"product_cat","embeddable":true,"href":"https:\/\/whitelip.com\/cs\/wp-json\/wp\/v2\/product_cat?post=8236"},{"taxonomy":"product_tag","embeddable":true,"href":"https:\/\/whitelip.com\/cs\/wp-json\/wp\/v2\/product_tag?post=8236"},{"taxonomy":"flavours","embeddable":true,"href":"https:\/\/whitelip.com\/cs\/wp-json\/wp\/v2\/flavours?post=8236"},{"taxonomy":"format","embeddable":true,"href":"https:\/\/whitelip.com\/cs\/wp-json\/wp\/v2\/format?post=8236"},{"taxonomy":"nicotine","embeddable":true,"href":"https:\/\/whitelip.com\/cs\/wp-json\/wp\/v2\/nicotine?post=8236"}],"curies":[{"name":"wp","href":"https:\/\/api.w.org\/{rel}","templated":true}]}}