{"id":8220,"date":"2024-11-28T12:39:36","date_gmt":"2024-11-28T12:39:36","guid":{"rendered":"https:\/\/whitelip.com\/killa-spearmint\/"},"modified":"2026-04-22T10:11:29","modified_gmt":"2026-04-22T10:11:29","slug":"killa-spearmint","status":"publish","type":"product","link":"https:\/\/whitelip.com\/cs\/killa\/killa-spearmint\/","title":{"rendered":"KILLA M\u00e1tov\u00e1"},"content":{"rendered":"<h2><b>KILLA M\u00e1tov\u00e1<\/b><\/h2>\n<p><span style=\"font-weight: 400;\">Nikotinov\u00e9 s\u00e1\u010dky KILLA Spearmint p\u0159in\u00e1\u0161ej\u00ed osv\u011b\u017euj\u00edc\u00ed p\u0159\u00edval sladk\u00e9 m\u00e1tov\u00e9 chuti v kombinaci se siln\u00fdm nikotinov\u00fdm z\u00e1\u017eitkem. Tyto beztab\u00e1kov\u00e9 s\u00e1\u010dky jsou ur\u010deny pro u\u017eivatele, kte\u0159\u00ed hledaj\u00ed siln\u00fd a povzbuzuj\u00edc\u00ed pocit, a nab\u00edzej\u00ed diskr\u00e9tn\u00ed a pohodln\u00fd zp\u016fsob, jak si vychutnat nikotin bez kou\u0159e. Tenk\u00fd form\u00e1t zaji\u0161\u0165uje pohodln\u00e9 ulo\u017een\u00ed pod rty a p\u0159in\u00e1\u0161\u00ed uspokojiv\u00e9 uvoln\u011bn\u00ed chuti a nikotinu.<\/span><\/p>\n<table>\n<tbody>\n<tr>\n<td><b>Atribut<\/b><\/td>\n<td><b>Podrobnosti na<\/b><\/td>\n<\/tr>\n<tr>\n<td><span style=\"font-weight: 400;\">Obsah na plechovku<\/span><\/td>\n<td><span style=\"font-weight: 400;\">16 g (20 s\u00e1\u010dk\u016f)<\/span><\/td>\n<\/tr>\n<tr>\n<td><span style=\"font-weight: 400;\">Obsah nikotinu<\/span><\/td>\n<td><span style=\"font-weight: 400;\">16 mg\/g (12,8 mg na s\u00e1\u010dek)<\/span><\/td>\n<\/tr>\n<tr>\n<td><span style=\"font-weight: 400;\">Form\u00e1t pouzdra<\/span><\/td>\n<td><span style=\"font-weight: 400;\">Slim<\/span><\/td>\n<\/tr>\n<tr>\n<td><span style=\"font-weight: 400;\">V\u00fdrobce<\/span><\/td>\n<td><span style=\"font-weight: 400;\">\u0158\u00ed\u0161e NGP<\/span><\/td>\n<\/tr>\n<tr>\n<td><span style=\"font-weight: 400;\">P\u0159\u00edchu\u0165<\/span><\/td>\n<td><span style=\"font-weight: 400;\">M\u00e1tov\u00e1<\/span><\/td>\n<\/tr>\n<tr>\n<td><span style=\"font-weight: 400;\">Typ<\/span><\/td>\n<td><span style=\"font-weight: 400;\">Celob\u00edl\u00fd s\u00e1\u010dek, bez tab\u00e1ku<\/span><\/td>\n<\/tr>\n<\/tbody>\n<\/table>","protected":false},"excerpt":{"rendered":"<p>Osv\u011b\u017euj\u00edc\u00ed, sladk\u00e9 <strong data-start=\"18\" data-end=\"31\">m\u00e1tov\u00fd<\/strong> s \u010dist\u00fdm, osv\u011b\u017euj\u00edc\u00edm vzletem. <strong data-start=\"65\" data-end=\"73\">Slim<\/strong>, beztab\u00e1kov\u00e9 s\u00e1\u010dky se diskr\u00e9tn\u011b umis\u0165uj\u00ed pod ret a umo\u017e\u0148uj\u00ed pohodln\u00e9 pou\u017e\u00edv\u00e1n\u00ed bez kou\u0159e. Ka\u017ed\u00fd s\u00e1\u010dek obsahuje <strong data-start=\"177\" data-end=\"197\">12,8 mg nikotinu<\/strong>, a p\u0159in\u00e1\u0161\u00ed tak siln\u00e9 a uspokojiv\u00e9 vyd\u00e1n\u00ed.<\/p>","protected":false},"featured_media":8221,"comment_status":"open","ping_status":"closed","template":"","format":[206],"meta":{"_acf_changed":false},"product_brand":[],"product_cat":[64],"product_tag":[16676],"flavours":[199],"nicotine":[213,232],"class_list":{"0":"post-8220","1":"product","2":"type-product","3":"status-publish","4":"has-post-thumbnail","6":"product_cat-killa","7":"product_tag-12-8-mg-pouch","8":"pa_quantity-1-pack","9":"pa_quantity-10-pack","10":"pa_quantity-3-pack","11":"pa_quantity-30-pack","12":"pa_quantity-5-pack","13":"pa_quantity-60-pack","14":"flavours-mint","15":"format-slim","16":"nicotine-16-mg-g","17":"nicotine-extra-strong","19":"first","20":"instock","21":"taxable","22":"shipping-taxable","23":"purchasable","24":"product-type-variable"},"acf":[],"_links":{"self":[{"href":"https:\/\/whitelip.com\/cs\/wp-json\/wp\/v2\/product\/8220","targetHints":{"allow":["GET"]}}],"collection":[{"href":"https:\/\/whitelip.com\/cs\/wp-json\/wp\/v2\/product"}],"about":[{"href":"https:\/\/whitelip.com\/cs\/wp-json\/wp\/v2\/types\/product"}],"replies":[{"embeddable":true,"href":"https:\/\/whitelip.com\/cs\/wp-json\/wp\/v2\/comments?post=8220"}],"wp:featuredmedia":[{"embeddable":true,"href":"https:\/\/whitelip.com\/cs\/wp-json\/wp\/v2\/media\/8221"}],"wp:attachment":[{"href":"https:\/\/whitelip.com\/cs\/wp-json\/wp\/v2\/media?parent=8220"}],"wp:term":[{"taxonomy":"product_brand","embeddable":true,"href":"https:\/\/whitelip.com\/cs\/wp-json\/wp\/v2\/product_brand?post=8220"},{"taxonomy":"product_cat","embeddable":true,"href":"https:\/\/whitelip.com\/cs\/wp-json\/wp\/v2\/product_cat?post=8220"},{"taxonomy":"product_tag","embeddable":true,"href":"https:\/\/whitelip.com\/cs\/wp-json\/wp\/v2\/product_tag?post=8220"},{"taxonomy":"flavours","embeddable":true,"href":"https:\/\/whitelip.com\/cs\/wp-json\/wp\/v2\/flavours?post=8220"},{"taxonomy":"format","embeddable":true,"href":"https:\/\/whitelip.com\/cs\/wp-json\/wp\/v2\/format?post=8220"},{"taxonomy":"nicotine","embeddable":true,"href":"https:\/\/whitelip.com\/cs\/wp-json\/wp\/v2\/nicotine?post=8220"}],"curies":[{"name":"wp","href":"https:\/\/api.w.org\/{rel}","templated":true}]}}