{"id":8208,"date":"2024-11-28T12:39:13","date_gmt":"2024-11-28T12:39:13","guid":{"rendered":"https:\/\/whitelip.com\/zyn-black-cherry-3mg\/"},"modified":"2026-04-15T16:34:57","modified_gmt":"2026-04-15T16:34:57","slug":"zyn-black-cherry-3mg","status":"publish","type":"product","link":"https:\/\/whitelip.com\/cs\/zyn\/zyn-black-cherry-3mg\/","title":{"rendered":"ZYN Black Cherry 3mg"},"content":{"rendered":"<h2><b>ZYN Black Cherry 3mg<\/b><\/h2>\n<p><span style=\"font-weight: 400;\">ZYN Black Cherry 3 mg nab\u00edz\u00ed luxusn\u00ed chu\u0165ov\u00fd profil podobn\u00fd dezertu, kter\u00fd kombinuje bohatou chu\u0165 tmav\u00fdch t\u0159e\u0161n\u00ed s jemn\u00fdmi t\u00f3ny mandl\u00ed a karamelu. Tato sm\u011bs poskytuje vyv\u00e1\u017eenou kombinaci sladkosti, bohatosti a trpkosti, dopln\u011bnou lehkou slanou o\u0159\u00ed\u0161kovou chut\u00ed mandl\u00ed, co\u017e z n\u00ed \u010din\u00ed ide\u00e1ln\u00ed pochoutku po ve\u010de\u0159i.<\/span><\/p>\n<p><span style=\"font-weight: 400;\">Ka\u017ed\u00fd miniaturn\u00ed b\u00edl\u00fd s\u00e1\u010dek obsahuje 3 mg nikotinu, co\u017e zaji\u0161\u0165uje m\u00edrn\u00e9 a rovnom\u011brn\u00e9 uvol\u0148ov\u00e1n\u00ed vhodn\u00e9 pro ty, kte\u0159\u00ed hledaj\u00ed leh\u010d\u00ed nikotinov\u00fd z\u00e1\u017eitek. Miniaturn\u00ed such\u00fd form\u00e1t zaji\u0161\u0165uje diskr\u00e9tn\u00ed a pohodln\u00e9 ulo\u017een\u00ed pod rty a umo\u017e\u0148uje kdykoli \u010dist\u00e9 pou\u017eit\u00ed beze skvrn. ZYN Black Cherry 3 mg, vyroben\u00fd v\u00fdhradn\u011b z vysoce kvalitn\u00edch rostlinn\u00fdch materi\u00e1l\u016f, nab\u00edz\u00ed modern\u00ed a p\u0159\u00edjemnou nikotinovou alternativu s jedine\u010dn\u00fdm chu\u0165ov\u00fdm profilem.<\/span><\/p>\n<table>\n<tbody>\n<tr>\n<td><b>Atribut<\/b><\/td>\n<td><b>Podrobnosti na<\/b><\/td>\n<\/tr>\n<tr>\n<td><span style=\"font-weight: 400;\">Zna\u010dka<\/span><\/td>\n<td><span style=\"font-weight: 400;\">ZYN<\/span><\/td>\n<\/tr>\n<tr>\n<td><span style=\"font-weight: 400;\">Typ v\u00fdrobku<\/span><\/td>\n<td><span style=\"font-weight: 400;\">V\u0161echny b\u00edl\u00e9 nikotinov\u00e9 s\u00e1\u010dky<\/span><\/td>\n<\/tr>\n<tr>\n<td><span style=\"font-weight: 400;\">Form\u00e1t<\/span><\/td>\n<td><span style=\"font-weight: 400;\">Mini Dry<\/span><\/td>\n<\/tr>\n<tr>\n<td><span style=\"font-weight: 400;\">P\u0159\u00edchu\u0165<\/span><\/td>\n<td><span style=\"font-weight: 400;\">\u010cern\u00e1 t\u0159e\u0161e\u0148, mandle a karamel<\/span><\/td>\n<\/tr>\n<tr>\n<td><span style=\"font-weight: 400;\">S\u00edla nikotinu<\/span><\/td>\n<td><span style=\"font-weight: 400;\">3 mg na s\u00e1\u010dek<\/span><\/td>\n<\/tr>\n<tr>\n<td><span style=\"font-weight: 400;\">Hmotnost porce<\/span><\/td>\n<td><span style=\"font-weight: 400;\">0,4 gramu<\/span><\/td>\n<\/tr>\n<tr>\n<td><span style=\"font-weight: 400;\">Po\u010det porc\u00ed<\/span><\/td>\n<td><span style=\"font-weight: 400;\">20 za plechovku<\/span><\/td>\n<\/tr>\n<tr>\n<td><span style=\"font-weight: 400;\">Celkov\u00e1 hmotnost plechovky<\/span><\/td>\n<td><span style=\"font-weight: 400;\">8 gram\u016f<\/span><\/td>\n<\/tr>\n<tr>\n<td><span style=\"font-weight: 400;\">V\u00fdrobce<\/span><\/td>\n<td><span style=\"font-weight: 400;\">\u0160v\u00e9dsk\u00e1 z\u00e1palka<\/span><\/td>\n<\/tr>\n<tr>\n<td><span style=\"font-weight: 400;\">Pozoruhodn\u00e9 funkce<\/span><\/td>\n<td><span style=\"font-weight: 400;\">Bez tab\u00e1ku, mini form\u00e1t, p\u0159\u00edchu\u0165 t\u0159e\u0161n\u011b jako dezert<\/span><\/td>\n<\/tr>\n<\/tbody>\n<\/table>","protected":false},"excerpt":{"rendered":"<p><strong>Nov\u00fd design! B\u011bhem p\u0159echodu mohou b\u00fdt prod\u00e1v\u00e1ny oba designy.<\/strong><\/p>\n<p>ZYN <strong data-start=\"4\" data-end=\"20\">\u010cern\u00e1 t\u0159e\u0161e\u0148<\/strong> p\u0159in\u00e1\u0161\u00ed bohat\u00e9 tmav\u00e9 t\u0159e\u0161n\u011b s jemn\u00fdmi mandlemi a karamelem, kter\u00e9 se podobaj\u00ed dezert\u016fm a vyva\u017euj\u00ed sladkost, hloubku a jemnou trpkost. Ka\u017ed\u00fd s\u00e1\u010dek obsahuje <strong data-start=\"175\" data-end=\"192\">3 mg nikotinu<\/strong> pro lehk\u00fd a uspokojiv\u00fd z\u00e1v\u011br.<\/p>","protected":false},"featured_media":8209,"comment_status":"open","ping_status":"closed","template":"","format":[205],"meta":{"_acf_changed":false},"product_brand":[],"product_cat":[37],"product_tag":[16579],"flavours":[196],"nicotine":[230,236],"class_list":{"0":"post-8208","1":"product","2":"type-product","3":"status-publish","4":"has-post-thumbnail","6":"product_cat-zyn","7":"product_tag-3-mg-pouch","8":"pa_quantity-1-pack","9":"pa_quantity-10-pack","10":"pa_quantity-3-pack","11":"pa_quantity-30-pack","12":"pa_quantity-5-pack","13":"pa_quantity-60-pack","14":"flavours-fruits-berries","15":"format-mini","16":"nicotine-8-mg-g","17":"nicotine-strong","19":"first","20":"instock","21":"sold-individually","22":"taxable","23":"shipping-taxable","24":"purchasable","25":"product-type-variable"},"acf":[],"_links":{"self":[{"href":"https:\/\/whitelip.com\/cs\/wp-json\/wp\/v2\/product\/8208","targetHints":{"allow":["GET"]}}],"collection":[{"href":"https:\/\/whitelip.com\/cs\/wp-json\/wp\/v2\/product"}],"about":[{"href":"https:\/\/whitelip.com\/cs\/wp-json\/wp\/v2\/types\/product"}],"replies":[{"embeddable":true,"href":"https:\/\/whitelip.com\/cs\/wp-json\/wp\/v2\/comments?post=8208"}],"wp:featuredmedia":[{"embeddable":true,"href":"https:\/\/whitelip.com\/cs\/wp-json\/wp\/v2\/media\/8209"}],"wp:attachment":[{"href":"https:\/\/whitelip.com\/cs\/wp-json\/wp\/v2\/media?parent=8208"}],"wp:term":[{"taxonomy":"product_brand","embeddable":true,"href":"https:\/\/whitelip.com\/cs\/wp-json\/wp\/v2\/product_brand?post=8208"},{"taxonomy":"product_cat","embeddable":true,"href":"https:\/\/whitelip.com\/cs\/wp-json\/wp\/v2\/product_cat?post=8208"},{"taxonomy":"product_tag","embeddable":true,"href":"https:\/\/whitelip.com\/cs\/wp-json\/wp\/v2\/product_tag?post=8208"},{"taxonomy":"flavours","embeddable":true,"href":"https:\/\/whitelip.com\/cs\/wp-json\/wp\/v2\/flavours?post=8208"},{"taxonomy":"format","embeddable":true,"href":"https:\/\/whitelip.com\/cs\/wp-json\/wp\/v2\/format?post=8208"},{"taxonomy":"nicotine","embeddable":true,"href":"https:\/\/whitelip.com\/cs\/wp-json\/wp\/v2\/nicotine?post=8208"}],"curies":[{"name":"wp","href":"https:\/\/api.w.org\/{rel}","templated":true}]}}