{"id":8194,"date":"2024-11-28T12:39:12","date_gmt":"2024-11-28T12:39:12","guid":{"rendered":"https:\/\/whitelip.com\/helwit-blueberry\/"},"modified":"2026-05-09T10:11:21","modified_gmt":"2026-05-09T10:11:21","slug":"helwit-blueberry","status":"publish","type":"product","link":"https:\/\/whitelip.com\/cs\/helwit\/helwit-blueberry\/","title":{"rendered":"HELWIT Blueberry"},"content":{"rendered":"<h2><b>HELWIT Blueberry<\/b><\/h2>\n<p><span style=\"font-weight: 400;\">Nikotinov\u00e9 s\u00e1\u010dky HELWIT Blueberry nab\u00edzej\u00ed lahodnou sm\u011bs sladk\u00e9 a sv\u011b\u017e\u00ed bor\u016fvkov\u00e9 p\u0159\u00edchuti, kter\u00e1 p\u0159ipom\u00edn\u00e1 klidnou proch\u00e1zku lesem. Ka\u017ed\u00fd s\u00e1\u010dek tenk\u00e9ho form\u00e1tu obsahuje 9 mg nikotinu na gram, co\u017e poskytuje vyv\u00e1\u017een\u00fd z\u00e1\u017eitek vhodn\u00fd pro pravideln\u00e9 u\u017eivatele. S\u00e1\u010dky jsou navr\u017eeny pro diskr\u00e9tn\u00ed pou\u017eit\u00ed bez zabarven\u00ed zub\u016f, tak\u017ee jsou ide\u00e1ln\u00ed pro po\u017eitek na cest\u00e1ch. Tyto s\u00e1\u010dky, vyr\u00e1b\u011bn\u00e9 spole\u010dnost\u00ed YOIK AB, \u0161v\u00e9dsk\u00fdm v\u00fdrobcem zn\u00e1m\u00fdm spojen\u00edm modern\u00edch postup\u016f s tradi\u010dn\u00ed kvalitou, jsou p\u0159\u00edkladem vysok\u00fdch standard\u016f a inovativn\u00edch kombinac\u00ed chut\u00ed.<\/span><\/p>\n<table>\n<tbody>\n<tr>\n<td><b>Atribut<\/b><\/td>\n<td><b>Podrobnosti na<\/b><\/td>\n<\/tr>\n<tr>\n<td><b>Obsah na plechovku<\/b><\/td>\n<td><span style=\"font-weight: 400;\">10 g (20 s\u00e1\u010dk\u016f)<\/span><\/td>\n<\/tr>\n<tr>\n<td><b>Obsah nikotinu<\/b><\/td>\n<td><span style=\"font-weight: 400;\">9 mg\/g (4,5 mg na s\u00e1\u010dek)<\/span><\/td>\n<\/tr>\n<tr>\n<td><b>Form\u00e1t pouzdra<\/b><\/td>\n<td><span style=\"font-weight: 400;\">Slim<\/span><\/td>\n<\/tr>\n<tr>\n<td><b>V\u00fdrobce<\/b><\/td>\n<td><span style=\"font-weight: 400;\">YOIK AB<\/span><\/td>\n<\/tr>\n<tr>\n<td><b>P\u0159\u00edchu\u0165<\/b><\/td>\n<td><span style=\"font-weight: 400;\">Bor\u016fvky<\/span><\/td>\n<\/tr>\n<tr>\n<td><b>Typ<\/b><\/td>\n<td><span style=\"font-weight: 400;\">Celob\u00edl\u00e9 pouzdro<\/span><\/td>\n<\/tr>\n<\/tbody>\n<\/table>","protected":false},"excerpt":{"rendered":"<p>Sladk\u00fd, sv\u011b\u017e\u00ed <strong data-start=\"13\" data-end=\"26\">bor\u016fvky<\/strong> p\u0159ipom\u00ednaj\u00edc\u00ed klidnou proch\u00e1zku lesem. <strong data-start=\"66\" data-end=\"74\">Slim<\/strong>, zcela b\u00edl\u00e9 s\u00e1\u010dky bez tab\u00e1ku se nen\u00e1padn\u011b um\u00edst\u00ed pod rty a nezanech\u00e1vaj\u00ed skvrny na zubech. Ka\u017ed\u00fd s\u00e1\u010dek obsahuje <strong data-start=\"180\" data-end=\"199\">9 mg\/g nikotinu<\/strong>, a p\u0159in\u00e1\u0161\u00ed tak vyv\u00e1\u017een\u00e9 a uspokojiv\u00e9 uvoln\u011bn\u00ed.<\/p>","protected":false},"featured_media":8195,"comment_status":"open","ping_status":"closed","template":"","format":[206],"meta":{"_acf_changed":false},"product_brand":[],"product_cat":[52],"product_tag":[16595],"flavours":[196],"nicotine":[231,236],"class_list":{"0":"post-8194","1":"product","2":"type-product","3":"status-publish","4":"has-post-thumbnail","6":"product_cat-helwit","7":"product_tag-4-5-mg-pouch","8":"pa_quantity-1-pack","9":"pa_quantity-10-pack","10":"pa_quantity-3-pack","11":"pa_quantity-30-pack","12":"pa_quantity-5-pack","13":"pa_quantity-60-pack","14":"flavours-fruits-berries","15":"format-slim","16":"nicotine-9-mg-g","17":"nicotine-strong","19":"first","20":"instock","21":"taxable","22":"shipping-taxable","23":"purchasable","24":"product-type-variable"},"acf":[],"_links":{"self":[{"href":"https:\/\/whitelip.com\/cs\/wp-json\/wp\/v2\/product\/8194","targetHints":{"allow":["GET"]}}],"collection":[{"href":"https:\/\/whitelip.com\/cs\/wp-json\/wp\/v2\/product"}],"about":[{"href":"https:\/\/whitelip.com\/cs\/wp-json\/wp\/v2\/types\/product"}],"replies":[{"embeddable":true,"href":"https:\/\/whitelip.com\/cs\/wp-json\/wp\/v2\/comments?post=8194"}],"wp:featuredmedia":[{"embeddable":true,"href":"https:\/\/whitelip.com\/cs\/wp-json\/wp\/v2\/media\/8195"}],"wp:attachment":[{"href":"https:\/\/whitelip.com\/cs\/wp-json\/wp\/v2\/media?parent=8194"}],"wp:term":[{"taxonomy":"product_brand","embeddable":true,"href":"https:\/\/whitelip.com\/cs\/wp-json\/wp\/v2\/product_brand?post=8194"},{"taxonomy":"product_cat","embeddable":true,"href":"https:\/\/whitelip.com\/cs\/wp-json\/wp\/v2\/product_cat?post=8194"},{"taxonomy":"product_tag","embeddable":true,"href":"https:\/\/whitelip.com\/cs\/wp-json\/wp\/v2\/product_tag?post=8194"},{"taxonomy":"flavours","embeddable":true,"href":"https:\/\/whitelip.com\/cs\/wp-json\/wp\/v2\/flavours?post=8194"},{"taxonomy":"format","embeddable":true,"href":"https:\/\/whitelip.com\/cs\/wp-json\/wp\/v2\/format?post=8194"},{"taxonomy":"nicotine","embeddable":true,"href":"https:\/\/whitelip.com\/cs\/wp-json\/wp\/v2\/nicotine?post=8194"}],"curies":[{"name":"wp","href":"https:\/\/api.w.org\/{rel}","templated":true}]}}