{"id":8188,"date":"2024-11-28T12:38:50","date_gmt":"2024-11-28T12:38:50","guid":{"rendered":"https:\/\/whitelip.com\/zxs-north-ice-slim\/"},"modified":"2026-04-13T17:45:31","modified_gmt":"2026-04-13T17:45:31","slug":"zxs-north-ice-slim","status":"publish","type":"product","link":"https:\/\/whitelip.com\/cs\/zxs\/zxs-north-ice-slim\/","title":{"rendered":"Z!XS North Ice Slim"},"content":{"rendered":"<h2><b>Z!XS North Ice Slim<\/b><\/h2>\n<p><span style=\"font-weight: 400;\">Z!XS North Ice Slim p\u0159in\u00e1\u0161\u00ed <\/span><b>intenzivn\u00ed ledov\u00e1 m\u00e1tov\u00e1 p\u0159\u00edchu\u0165<\/b><span style=\"font-weight: 400;\"> s ostr\u00fdm a osv\u011b\u017euj\u00edc\u00edm chladiv\u00fdm \u00fa\u010dinkem, kter\u00fd vytv\u00e1\u0159\u00ed o\u017eivuj\u00edc\u00ed nikotinov\u00fd z\u00e1\u017eitek. Ka\u017ed\u00fd tenk\u00fd, zcela b\u00edl\u00fd s\u00e1\u010dek je ide\u00e1ln\u00ed pro u\u017eivatele, kte\u0159\u00ed maj\u00ed r\u00e1di \u010dist\u00fd a siln\u00fd m\u00e1tov\u00fd profil. <\/span><b>10 mg nikotinu<\/b><span style=\"font-weight: 400;\">, co\u017e zaji\u0161\u0165uje siln\u00e9 a stabiln\u00ed uvoln\u011bn\u00ed pro uspokojiv\u00e9 pou\u017e\u00edv\u00e1n\u00ed.<\/span><\/p>\n<p><span style=\"font-weight: 400;\">Tenk\u00fd form\u00e1t zaji\u0161\u0165uje diskr\u00e9tn\u00ed a pohodln\u00e9 um\u00edst\u011bn\u00ed pod rty a nab\u00edz\u00ed \u010distou alternativu bez tab\u00e1ku, ani\u017e by doch\u00e1zelo k zabarven\u00ed zub\u016f. Z!XS North Ice Slim je vyroben z vysoce kvalitn\u00edch rostlinn\u00fdch materi\u00e1l\u016f a kombinuje v\u00fdrazn\u00fd chladiv\u00fd pocit se spolehlivou silou nikotinu, tak\u017ee je ide\u00e1ln\u00ed volbou pro ty, kte\u0159\u00ed d\u00e1vaj\u00ed p\u0159ednost sv\u011b\u017e\u00edmu a povzbuzuj\u00edc\u00edmu pouche.<\/span><\/p>\n<table>\n<tbody>\n<tr>\n<td><b>Atribut<\/b><\/td>\n<td><b>Podrobnosti na<\/b><\/td>\n<\/tr>\n<tr>\n<td><b>Zna\u010dka<\/b><\/td>\n<td><span style=\"font-weight: 400;\">Z!XS<\/span><\/td>\n<\/tr>\n<tr>\n<td><b>Typ v\u00fdrobku<\/b><\/td>\n<td><span style=\"font-weight: 400;\">V\u0161echny b\u00edl\u00e9 nikotinov\u00e9 s\u00e1\u010dky<\/span><\/td>\n<\/tr>\n<tr>\n<td><b>Form\u00e1t<\/b><\/td>\n<td><span style=\"font-weight: 400;\">Slim<\/span><\/td>\n<\/tr>\n<tr>\n<td><b>P\u0159\u00edchu\u0165<\/b><\/td>\n<td><span style=\"font-weight: 400;\">Icy Mint<\/span><\/td>\n<\/tr>\n<tr>\n<td><b>S\u00edla nikotinu<\/b><\/td>\n<td><span style=\"font-weight: 400;\">10 mg na s\u00e1\u010dek<\/span><\/td>\n<\/tr>\n<tr>\n<td><b>Hmotnost porce<\/b><\/td>\n<td><span style=\"font-weight: 400;\">0,7 gramu<\/span><\/td>\n<\/tr>\n<tr>\n<td><b>Po\u010det porc\u00ed<\/b><\/td>\n<td><span style=\"font-weight: 400;\">20 za plechovku<\/span><\/td>\n<\/tr>\n<tr>\n<td><b>Celkov\u00e1 hmotnost plechovky<\/b><\/td>\n<td><span style=\"font-weight: 400;\">14 gram\u016f<\/span><\/td>\n<\/tr>\n<tr>\n<td><b>V\u00fdrobce<\/b><\/td>\n<td><span style=\"font-weight: 400;\">Z!XS International<\/span><\/td>\n<\/tr>\n<tr>\n<td><b>Pozoruhodn\u00e9 funkce<\/b><\/td>\n<td><span style=\"font-weight: 400;\">Bez tab\u00e1ku, tenk\u00fd form\u00e1t, ostr\u00e1 a osv\u011b\u017euj\u00edc\u00ed p\u0159\u00edchu\u0165 ledov\u00e9 m\u00e1ty<\/span><\/td>\n<\/tr>\n<\/tbody>\n<\/table>","protected":false},"excerpt":{"rendered":"<p>Z!XS <strong data-start=\"5\" data-end=\"18\">Severn\u00ed led<\/strong> <strong data-start=\"19\" data-end=\"27\">slim<\/strong> p\u0159in\u00e1\u0161\u00ed intenzivn\u00ed ledovou m\u00e1tu s ostr\u00fdm, osv\u011b\u017euj\u00edc\u00edm chladiv\u00fdm \u00fa\u010dinkem. Celob\u00edl\u00e9 s\u00e1\u010dky jsou diskr\u00e9tn\u00ed a pohodln\u00e9. Ka\u017ed\u00fd s\u00e1\u010dek obsahuje <strong data-start=\"167\" data-end=\"185\">10 mg nikotinu<\/strong> pro siln\u00e9 a stabiln\u00ed uvoln\u011bn\u00ed.<\/p>","protected":false},"featured_media":8189,"comment_status":"open","ping_status":"closed","template":"","format":[206],"meta":{"_acf_changed":false},"product_brand":[],"product_cat":[39],"product_tag":[16587],"flavours":[199],"nicotine":[213,232],"class_list":{"0":"post-8188","1":"product","2":"type-product","3":"status-publish","4":"has-post-thumbnail","6":"product_cat-zxs","7":"product_tag-10-mg-pouch","8":"pa_quantity-1-pack","9":"pa_quantity-10-pack","10":"pa_quantity-3-pack","11":"pa_quantity-30-pack","12":"pa_quantity-5-pack","13":"pa_quantity-60-pack","14":"flavours-mint","15":"format-slim","16":"nicotine-16-mg-g","17":"nicotine-extra-strong","19":"first","20":"instock","21":"taxable","22":"shipping-taxable","23":"purchasable","24":"product-type-variable"},"acf":[],"_links":{"self":[{"href":"https:\/\/whitelip.com\/cs\/wp-json\/wp\/v2\/product\/8188","targetHints":{"allow":["GET"]}}],"collection":[{"href":"https:\/\/whitelip.com\/cs\/wp-json\/wp\/v2\/product"}],"about":[{"href":"https:\/\/whitelip.com\/cs\/wp-json\/wp\/v2\/types\/product"}],"replies":[{"embeddable":true,"href":"https:\/\/whitelip.com\/cs\/wp-json\/wp\/v2\/comments?post=8188"}],"wp:featuredmedia":[{"embeddable":true,"href":"https:\/\/whitelip.com\/cs\/wp-json\/wp\/v2\/media\/8189"}],"wp:attachment":[{"href":"https:\/\/whitelip.com\/cs\/wp-json\/wp\/v2\/media?parent=8188"}],"wp:term":[{"taxonomy":"product_brand","embeddable":true,"href":"https:\/\/whitelip.com\/cs\/wp-json\/wp\/v2\/product_brand?post=8188"},{"taxonomy":"product_cat","embeddable":true,"href":"https:\/\/whitelip.com\/cs\/wp-json\/wp\/v2\/product_cat?post=8188"},{"taxonomy":"product_tag","embeddable":true,"href":"https:\/\/whitelip.com\/cs\/wp-json\/wp\/v2\/product_tag?post=8188"},{"taxonomy":"flavours","embeddable":true,"href":"https:\/\/whitelip.com\/cs\/wp-json\/wp\/v2\/flavours?post=8188"},{"taxonomy":"format","embeddable":true,"href":"https:\/\/whitelip.com\/cs\/wp-json\/wp\/v2\/format?post=8188"},{"taxonomy":"nicotine","embeddable":true,"href":"https:\/\/whitelip.com\/cs\/wp-json\/wp\/v2\/nicotine?post=8188"}],"curies":[{"name":"wp","href":"https:\/\/api.w.org\/{rel}","templated":true}]}}