{"id":8164,"date":"2024-11-28T12:38:26","date_gmt":"2024-11-28T12:38:26","guid":{"rendered":"https:\/\/whitelip.com\/pablo-ice-cold-xxl\/"},"modified":"2026-04-13T11:34:42","modified_gmt":"2026-04-13T11:34:42","slug":"pablo-ice-cold-xxl","status":"publish","type":"product","link":"https:\/\/whitelip.com\/cs\/pablo\/pablo-ice-cold-xxl\/","title":{"rendered":"PABLO Ice Cold XXL"},"content":{"rendered":"<h2><b>PABLO Ice Cold XXL<\/b><\/h2>\n<p><span style=\"font-weight: 400;\">Nikotinov\u00e9 s\u00e1\u010dky PABLO Ice Cold XXL poskytuj\u00ed stejn\u011b intenzivn\u00ed a osv\u011b\u017euj\u00edc\u00ed ledov\u011b m\u00e1tovou p\u0159\u00edchu\u0165 jako klasick\u00e1 verze, ale jsou dod\u00e1v\u00e1ny v extra velk\u00e9 plechovce pro del\u0161\u00ed pou\u017eit\u00ed. D\u00edky extr\u00e9mn\u011b vysok\u00e9 s\u00edle nikotinu jsou tyto tenk\u00e9 s\u00e1\u010dky bez tab\u00e1ku ur\u010deny pro zku\u0161en\u00e9 u\u017eivatele, kte\u0159\u00ed hledaj\u00ed siln\u00fd a povzbuzuj\u00edc\u00ed nikotinov\u00fd z\u00e1\u017eitek. PABLO Ice Cold XXL nab\u00edz\u00ed \u010dist\u00e9 a konzistentn\u00ed uvol\u0148ov\u00e1n\u00ed chuti a nikotinu p\u0159i zachov\u00e1n\u00ed diskr\u00e9tn\u00edho a pohodln\u00e9ho pou\u017e\u00edv\u00e1n\u00ed pod rty.<\/span><\/p>\n<table>\n<tbody>\n<tr>\n<td><b>Atribut<\/b><\/td>\n<td><b>Podrobnosti na<\/b><\/td>\n<\/tr>\n<tr>\n<td><span style=\"font-weight: 400;\">Obsah na plechovku<\/span><\/td>\n<td><span style=\"font-weight: 400;\">24 g (30 s\u00e1\u010dk\u016f)<\/span><\/td>\n<\/tr>\n<tr>\n<td><span style=\"font-weight: 400;\">Obsah nikotinu<\/span><\/td>\n<td><span style=\"font-weight: 400;\">30 mg\/g (24 mg na s\u00e1\u010dek)<\/span><\/td>\n<\/tr>\n<tr>\n<td><span style=\"font-weight: 400;\">Form\u00e1t pouzdra<\/span><\/td>\n<td><span style=\"font-weight: 400;\">Slim<\/span><\/td>\n<\/tr>\n<tr>\n<td><span style=\"font-weight: 400;\">V\u00fdrobce<\/span><\/td>\n<td><span style=\"font-weight: 400;\">\u0158\u00ed\u0161e N.G.P<\/span><\/td>\n<\/tr>\n<tr>\n<td><span style=\"font-weight: 400;\">P\u0159\u00edchu\u0165<\/span><\/td>\n<td><span style=\"font-weight: 400;\">Ledov\u011b studen\u00e1 m\u00e1ta<\/span><\/td>\n<\/tr>\n<tr>\n<td><span style=\"font-weight: 400;\">Typ<\/span><\/td>\n<td><span style=\"font-weight: 400;\">Celob\u00edl\u00fd s\u00e1\u010dek, bez tab\u00e1ku<\/span><\/td>\n<\/tr>\n<\/tbody>\n<\/table>","protected":false},"excerpt":{"rendered":"<p>Nikotinov\u00e9 s\u00e1\u010dky PABLO Ice Cold XXL p\u0159in\u00e1\u0161ej\u00ed intenzivn\u00ed, osv\u011b\u017euj\u00edc\u00ed chu\u0165 nikotinu. <strong data-start=\"67\" data-end=\"84\">Ledov\u011b studen\u00e1 m\u00e1ta<\/strong> p\u0159\u00edchu\u0165 v extra velk\u00e9 plechovce. <strong data-start=\"115\" data-end=\"123\">Slim<\/strong>, beztab\u00e1kov\u00fd form\u00e1t pro diskr\u00e9tn\u00ed a pohodln\u00e9 pou\u017e\u00edv\u00e1n\u00ed s \u010dist\u00fdm a konzistentn\u00edm uvol\u0148ov\u00e1n\u00edm. Ka\u017ed\u00fd s\u00e1\u010dek obsahuje <strong data-start=\"229\" data-end=\"249\">24 mg nikotinu<\/strong>.<\/p>","protected":false},"featured_media":8165,"comment_status":"open","ping_status":"closed","template":"","format":[206],"meta":{"_acf_changed":false},"product_brand":[],"product_cat":[44],"product_tag":[16998],"flavours":[199],"nicotine":[221,233],"class_list":{"0":"post-8164","1":"product","2":"type-product","3":"status-publish","4":"has-post-thumbnail","6":"product_cat-pablo","7":"product_tag-24-mg-pouch","8":"pa_quantity-1-pack","9":"pa_quantity-10-pack","10":"pa_quantity-3-pack","11":"pa_quantity-30-pack","12":"pa_quantity-5-pack","13":"pa_quantity-60-pack","14":"flavours-mint","15":"format-slim","16":"nicotine-30-mg-g","17":"nicotine-extreme","19":"first","20":"instock","21":"taxable","22":"shipping-taxable","23":"purchasable","24":"product-type-variable"},"acf":[],"_links":{"self":[{"href":"https:\/\/whitelip.com\/cs\/wp-json\/wp\/v2\/product\/8164","targetHints":{"allow":["GET"]}}],"collection":[{"href":"https:\/\/whitelip.com\/cs\/wp-json\/wp\/v2\/product"}],"about":[{"href":"https:\/\/whitelip.com\/cs\/wp-json\/wp\/v2\/types\/product"}],"replies":[{"embeddable":true,"href":"https:\/\/whitelip.com\/cs\/wp-json\/wp\/v2\/comments?post=8164"}],"wp:featuredmedia":[{"embeddable":true,"href":"https:\/\/whitelip.com\/cs\/wp-json\/wp\/v2\/media\/8165"}],"wp:attachment":[{"href":"https:\/\/whitelip.com\/cs\/wp-json\/wp\/v2\/media?parent=8164"}],"wp:term":[{"taxonomy":"product_brand","embeddable":true,"href":"https:\/\/whitelip.com\/cs\/wp-json\/wp\/v2\/product_brand?post=8164"},{"taxonomy":"product_cat","embeddable":true,"href":"https:\/\/whitelip.com\/cs\/wp-json\/wp\/v2\/product_cat?post=8164"},{"taxonomy":"product_tag","embeddable":true,"href":"https:\/\/whitelip.com\/cs\/wp-json\/wp\/v2\/product_tag?post=8164"},{"taxonomy":"flavours","embeddable":true,"href":"https:\/\/whitelip.com\/cs\/wp-json\/wp\/v2\/flavours?post=8164"},{"taxonomy":"format","embeddable":true,"href":"https:\/\/whitelip.com\/cs\/wp-json\/wp\/v2\/format?post=8164"},{"taxonomy":"nicotine","embeddable":true,"href":"https:\/\/whitelip.com\/cs\/wp-json\/wp\/v2\/nicotine?post=8164"}],"curies":[{"name":"wp","href":"https:\/\/api.w.org\/{rel}","templated":true}]}}