{"id":8158,"date":"2024-11-28T12:38:26","date_gmt":"2024-11-28T12:38:26","guid":{"rendered":"https:\/\/whitelip.com\/pablo-mini-x-ice-cold\/"},"modified":"2026-05-06T10:11:11","modified_gmt":"2026-05-06T10:11:11","slug":"pablo-mini-x-ice-cold","status":"publish","type":"product","link":"https:\/\/whitelip.com\/cs\/pablo\/pablo-mini-x-ice-cold\/","title":{"rendered":"PABLO Mini X Ice Cold"},"content":{"rendered":"<p><span style=\"font-weight: 400;\">Nikotinov\u00e9 s\u00e1\u010dky PABLO Mini X Ice Cold poskytuj\u00ed intenzivn\u00ed ledov\u011b m\u00e1tovou p\u0159\u00edchu\u0165 v kombinaci s vysok\u00fdm obsahem nikotinu v kompaktn\u00edm a diskr\u00e9tn\u00edm form\u00e1tu. Tyto miniaturn\u00ed beztab\u00e1kov\u00e9 s\u00e1\u010dky jsou p\u0159izp\u016fsobeny zku\u0161en\u00fdm u\u017eivatel\u016fm, kte\u0159\u00ed hledaj\u00ed siln\u00fd a osv\u011b\u017euj\u00edc\u00ed nikotinov\u00fd z\u00e1\u017eitek. D\u00edky sv\u00e9 mal\u00e9 velikosti a \u0161t\u00edhl\u00e9mu tvaru zaji\u0161\u0165uj\u00ed PABLO Mini X Ice Cold komfort a pohodl\u00ed a z\u00e1rove\u0148 poskytuj\u00ed \u010dist\u00e9 a konzistentn\u00ed uvol\u0148ov\u00e1n\u00ed chuti a nikotinu.<\/span><\/p>\n<table>\n<tbody>\n<tr>\n<td><b>Atribut<\/b><\/td>\n<td><b>Podrobnosti na<\/b><\/td>\n<\/tr>\n<tr>\n<td><span style=\"font-weight: 400;\">Obsah na plechovku<\/span><\/td>\n<td><span style=\"font-weight: 400;\">15 g (30 s\u00e1\u010dk\u016f)<\/span><\/td>\n<\/tr>\n<tr>\n<td><span style=\"font-weight: 400;\">Obsah nikotinu<\/span><\/td>\n<td><span style=\"font-weight: 400;\">30 mg\/g (15 mg na s\u00e1\u010dek)<\/span><\/td>\n<\/tr>\n<tr>\n<td><span style=\"font-weight: 400;\">Form\u00e1t pouzdra<\/span><\/td>\n<td><span style=\"font-weight: 400;\">Mini<\/span><\/td>\n<\/tr>\n<tr>\n<td><span style=\"font-weight: 400;\">V\u00fdrobce<\/span><\/td>\n<td><span style=\"font-weight: 400;\">\u0158\u00ed\u0161e N.G.P<\/span><\/td>\n<\/tr>\n<tr>\n<td><span style=\"font-weight: 400;\">P\u0159\u00edchu\u0165<\/span><\/td>\n<td><span style=\"font-weight: 400;\">Ledov\u011b studen\u00e1 m\u00e1ta<\/span><\/td>\n<\/tr>\n<tr>\n<td><span style=\"font-weight: 400;\">Typ<\/span><\/td>\n<td><span style=\"font-weight: 400;\">Celob\u00edl\u00fd s\u00e1\u010dek, bez tab\u00e1ku<\/span><\/td>\n<\/tr>\n<\/tbody>\n<\/table>","protected":false},"excerpt":{"rendered":"<p>Nikotinov\u00e9 s\u00e1\u010dky PABLO Mini X Ice Cold p\u0159in\u00e1\u0161ej\u00ed intenzivn\u00ed, osv\u011b\u017euj\u00edc\u00ed chu\u0165 nikotinu. <strong data-start=\"70\" data-end=\"87\">Ledov\u011b studen\u00e1 m\u00e1ta<\/strong> chu\u0165 v kompaktn\u00edm proveden\u00ed <strong>mini<\/strong> form\u00e1t. Bez tab\u00e1ku pro diskr\u00e9tn\u00ed a pohodln\u00e9 pou\u017e\u00edv\u00e1n\u00ed s \u010dist\u00fdm a konzistentn\u00edm uvol\u0148ov\u00e1n\u00edm. Ka\u017ed\u00fd s\u00e1\u010dek obsahuje <strong data-start=\"218\" data-end=\"236\">15 mg nikotinu<\/strong>.<\/p>","protected":false},"featured_media":8159,"comment_status":"open","ping_status":"closed","template":"","format":[205],"meta":{"_acf_changed":false},"product_brand":[],"product_cat":[44],"product_tag":[16571],"flavours":[199],"nicotine":[221,233],"class_list":{"0":"post-8158","1":"product","2":"type-product","3":"status-publish","4":"has-post-thumbnail","6":"product_cat-pablo","7":"product_tag-15-mg-pouch","8":"pa_quantity-1-pack","9":"pa_quantity-10-pack","10":"pa_quantity-3-pack","11":"pa_quantity-30-pack","12":"pa_quantity-5-pack","13":"pa_quantity-60-pack","14":"flavours-mint","15":"format-mini","16":"nicotine-30-mg-g","17":"nicotine-extreme","19":"first","20":"instock","21":"taxable","22":"shipping-taxable","23":"purchasable","24":"product-type-variable"},"acf":[],"_links":{"self":[{"href":"https:\/\/whitelip.com\/cs\/wp-json\/wp\/v2\/product\/8158","targetHints":{"allow":["GET"]}}],"collection":[{"href":"https:\/\/whitelip.com\/cs\/wp-json\/wp\/v2\/product"}],"about":[{"href":"https:\/\/whitelip.com\/cs\/wp-json\/wp\/v2\/types\/product"}],"replies":[{"embeddable":true,"href":"https:\/\/whitelip.com\/cs\/wp-json\/wp\/v2\/comments?post=8158"}],"wp:featuredmedia":[{"embeddable":true,"href":"https:\/\/whitelip.com\/cs\/wp-json\/wp\/v2\/media\/8159"}],"wp:attachment":[{"href":"https:\/\/whitelip.com\/cs\/wp-json\/wp\/v2\/media?parent=8158"}],"wp:term":[{"taxonomy":"product_brand","embeddable":true,"href":"https:\/\/whitelip.com\/cs\/wp-json\/wp\/v2\/product_brand?post=8158"},{"taxonomy":"product_cat","embeddable":true,"href":"https:\/\/whitelip.com\/cs\/wp-json\/wp\/v2\/product_cat?post=8158"},{"taxonomy":"product_tag","embeddable":true,"href":"https:\/\/whitelip.com\/cs\/wp-json\/wp\/v2\/product_tag?post=8158"},{"taxonomy":"flavours","embeddable":true,"href":"https:\/\/whitelip.com\/cs\/wp-json\/wp\/v2\/flavours?post=8158"},{"taxonomy":"format","embeddable":true,"href":"https:\/\/whitelip.com\/cs\/wp-json\/wp\/v2\/format?post=8158"},{"taxonomy":"nicotine","embeddable":true,"href":"https:\/\/whitelip.com\/cs\/wp-json\/wp\/v2\/nicotine?post=8158"}],"curies":[{"name":"wp","href":"https:\/\/api.w.org\/{rel}","templated":true}]}}