{"id":8152,"date":"2024-11-28T12:38:26","date_gmt":"2024-11-28T12:38:26","guid":{"rendered":"https:\/\/whitelip.com\/killa-cola\/"},"modified":"2026-05-12T10:11:30","modified_gmt":"2026-05-12T10:11:30","slug":"killa-cola","status":"publish","type":"product","link":"https:\/\/whitelip.com\/cs\/killa\/killa-cola\/","title":{"rendered":"KILLA Cola"},"content":{"rendered":"<h2><b>KILLA Cola<\/b><\/h2>\n<p><span style=\"font-weight: 400;\">Nikotinov\u00e9 s\u00e1\u010dky KILLA Cola p\u0159in\u00e1\u0161ej\u00ed klasickou, \u0161umivou chu\u0165 koly, sladkou a lehce pikantn\u00ed chu\u0165 p\u0159ipom\u00ednaj\u00edc\u00ed ikonick\u00fd nealkoholick\u00fd n\u00e1poj. Tyto beztab\u00e1kov\u00e9 s\u00e1\u010dky jsou ur\u010deny pro u\u017eivatele, kte\u0159\u00ed hledaj\u00ed siln\u00fd nikotinov\u00fd z\u00e1\u017eitek, a p\u0159edstavuj\u00ed uspokojivou alternativu k tradi\u010dn\u00edm nikotinov\u00fdm v\u00fdrobk\u016fm. Tenk\u00fd form\u00e1t zaji\u0161\u0165uje diskr\u00e9tn\u00ed a pohodln\u00e9 ulo\u017een\u00ed pod rty, co\u017e umo\u017e\u0148uje pohodln\u00e9 pou\u017e\u00edv\u00e1n\u00ed v jak\u00e9mkoli prost\u0159ed\u00ed. KILLA Cola vynik\u00e1 jedine\u010dn\u00fdm chu\u0165ov\u00fdm profilem a siln\u00fdm obsahem nikotinu, d\u00edky \u010demu\u017e je obl\u00edbenou volbou mezi milovn\u00edky nikotinov\u00fdch s\u00e1\u010dk\u016f.<\/span><\/p>\n<table>\n<tbody>\n<tr>\n<td><b>Atribut<\/b><\/td>\n<td><b>Podrobnosti na<\/b><\/td>\n<\/tr>\n<tr>\n<td><span style=\"font-weight: 400;\">Obsah na plechovku<\/span><\/td>\n<td><span style=\"font-weight: 400;\">14 g (20 s\u00e1\u010dk\u016f)<\/span><\/td>\n<\/tr>\n<tr>\n<td><span style=\"font-weight: 400;\">Obsah nikotinu<\/span><\/td>\n<td><span style=\"font-weight: 400;\">16 mg\/g (13,2 mg na s\u00e1\u010dek)<\/span><\/td>\n<\/tr>\n<tr>\n<td><span style=\"font-weight: 400;\">Form\u00e1t pouzdra<\/span><\/td>\n<td><span style=\"font-weight: 400;\">Slim<\/span><\/td>\n<\/tr>\n<tr>\n<td><span style=\"font-weight: 400;\">V\u00fdrobce<\/span><\/td>\n<td><span style=\"font-weight: 400;\">\u0158\u00ed\u0161e N.G.P.<\/span><\/td>\n<\/tr>\n<tr>\n<td><span style=\"font-weight: 400;\">P\u0159\u00edchu\u0165<\/span><\/td>\n<td><span style=\"font-weight: 400;\">Cola<\/span><\/td>\n<\/tr>\n<tr>\n<td><span style=\"font-weight: 400;\">Typ<\/span><\/td>\n<td><span style=\"font-weight: 400;\">Celob\u00edl\u00fd s\u00e1\u010dek, bez tab\u00e1ku<\/span><\/td>\n<\/tr>\n<\/tbody>\n<\/table>","protected":false},"excerpt":{"rendered":"<p>Klasick\u00e9, \u0161umiv\u00e9 <strong data-start=\"22\" data-end=\"30\">cola<\/strong> se sladk\u00fdmi, lehce pikantn\u00edmi limon\u00e1dov\u00fdmi vibracemi. <strong data-start=\"70\" data-end=\"78\">Slim<\/strong>, beztab\u00e1kov\u00e9 s\u00e1\u010dky se diskr\u00e9tn\u011b um\u00eds\u0165uj\u00ed pod rty, tak\u017ee je m\u016f\u017eete pohodln\u011b pou\u017e\u00edvat kdekoli. Ka\u017ed\u00fd s\u00e1\u010dek obsahuje <strong data-start=\"179\" data-end=\"199\">11,2 mg nikotinu<\/strong>, a poskytuje siln\u00fd a uspokojiv\u00fd vztlak.<\/p>","protected":false},"featured_media":8153,"comment_status":"open","ping_status":"closed","template":"","format":[206],"meta":{"_acf_changed":false},"product_brand":[],"product_cat":[64],"product_tag":[16693],"flavours":[193],"nicotine":[213,232],"class_list":{"0":"post-8152","1":"product","2":"type-product","3":"status-publish","4":"has-post-thumbnail","6":"product_cat-killa","7":"product_tag-13-2-mg-pouch","8":"pa_quantity-1-pack","9":"pa_quantity-10-pack","10":"pa_quantity-3-pack","11":"pa_quantity-30-pack","12":"pa_quantity-5-pack","13":"pa_quantity-60-pack","14":"flavours-cola","15":"format-slim","16":"nicotine-16-mg-g","17":"nicotine-extra-strong","19":"first","20":"outofstock","21":"taxable","22":"shipping-taxable","23":"purchasable","24":"product-type-variable"},"acf":[],"_links":{"self":[{"href":"https:\/\/whitelip.com\/cs\/wp-json\/wp\/v2\/product\/8152","targetHints":{"allow":["GET"]}}],"collection":[{"href":"https:\/\/whitelip.com\/cs\/wp-json\/wp\/v2\/product"}],"about":[{"href":"https:\/\/whitelip.com\/cs\/wp-json\/wp\/v2\/types\/product"}],"replies":[{"embeddable":true,"href":"https:\/\/whitelip.com\/cs\/wp-json\/wp\/v2\/comments?post=8152"}],"wp:featuredmedia":[{"embeddable":true,"href":"https:\/\/whitelip.com\/cs\/wp-json\/wp\/v2\/media\/8153"}],"wp:attachment":[{"href":"https:\/\/whitelip.com\/cs\/wp-json\/wp\/v2\/media?parent=8152"}],"wp:term":[{"taxonomy":"product_brand","embeddable":true,"href":"https:\/\/whitelip.com\/cs\/wp-json\/wp\/v2\/product_brand?post=8152"},{"taxonomy":"product_cat","embeddable":true,"href":"https:\/\/whitelip.com\/cs\/wp-json\/wp\/v2\/product_cat?post=8152"},{"taxonomy":"product_tag","embeddable":true,"href":"https:\/\/whitelip.com\/cs\/wp-json\/wp\/v2\/product_tag?post=8152"},{"taxonomy":"flavours","embeddable":true,"href":"https:\/\/whitelip.com\/cs\/wp-json\/wp\/v2\/flavours?post=8152"},{"taxonomy":"format","embeddable":true,"href":"https:\/\/whitelip.com\/cs\/wp-json\/wp\/v2\/format?post=8152"},{"taxonomy":"nicotine","embeddable":true,"href":"https:\/\/whitelip.com\/cs\/wp-json\/wp\/v2\/nicotine?post=8152"}],"curies":[{"name":"wp","href":"https:\/\/api.w.org\/{rel}","templated":true}]}}