{"id":8142,"date":"2024-11-28T12:38:25","date_gmt":"2024-11-28T12:38:25","guid":{"rendered":"https:\/\/whitelip.com\/killa-blueberry\/"},"modified":"2026-04-30T10:10:54","modified_gmt":"2026-04-30T10:10:54","slug":"killa-blueberry","status":"publish","type":"product","link":"https:\/\/whitelip.com\/cs\/killa\/killa-blueberry\/","title":{"rendered":"KILLA Blueberry"},"content":{"rendered":"<h2><strong>KILLA Blueberry<\/strong><\/h2>\n<p>KILLA Blueberry - Poc\u00edt\u00edte ledov\u00fd chlad pod rty s chut\u00ed chladiv\u00fdch bor\u016fvek. Plechovka obsahuje 20 tenk\u00fdch s\u00e1\u010dk\u016f se silou nikotinu 16 mg\/g.<\/p>\n<ul>\n<li>P\u0159\u00edchu\u0165: bor\u016fvka<\/li>\n<li>Form\u00e1t: Slim<\/li>\n<li>Pouzdra: 20 ks<\/li>\n<li>Nikotin: 16 mg\/g<\/li>\n<li>Hmotnost: 16 g<\/li>\n<li>Zna\u010dka: <a href=\"https:\/\/whitelip.com\/cs\/killa\/\">KILLA<\/a><\/li>\n<li>V\u00fdrobce: <a href=\"https:\/\/ngpeurope.eu\/en\/\" target=\"_blank\" rel=\"noopener\">N.G.P EUROPE<\/a><\/li>\n<\/ul>\n<p><em><strong>O zna\u010dce: KILLA<\/strong><\/em><\/p>\n<p>Prozkoumejte cenov\u011b dostupn\u00e9 a vysoce kvalitn\u00ed nikotinov\u00e9 s\u00e1\u010dky KILLA - cenov\u011b v\u00fdhodnou \u0159adu, kter\u00e1 ned\u011bl\u00e1 kompromisy v kvalit\u011b. D\u00edky r\u016fzn\u00fdm vzru\u0161uj\u00edc\u00edm p\u0159\u00edchut\u00edm a s\u00edle nikotinu nab\u00edz\u00ed KILLA cenov\u011b dostupn\u00e9 a uspokojiv\u00e9 \u0159e\u0161en\u00ed, kter\u00e9 uspokoj\u00ed va\u0161e nikotinov\u00e9 pot\u0159eby. Prozkoumejte na\u0161i nab\u00eddku levn\u00fdch nikotinov\u00fdch s\u00e1\u010dk\u016f KILLA a vychutnejte si cenov\u011b dostupn\u00fd a chutn\u00fd nikotinov\u00fd z\u00e1\u017eitek kdykoli a kdekoli.<\/p>\n<p><em><strong>O Whitelip.se:\u00a0<\/strong><\/em><\/p>\n<p><span data-contrast=\"auto\">V\u00edtejte na str\u00e1nk\u00e1ch Whitelip.se, kde najdete vysoce kvalitn\u00ed nikotinov\u00e9 s\u00e1\u010dky. Prozkoumejte na\u0161i rozs\u00e1hlou nab\u00eddku produkt\u016f navr\u017een\u00fdch tak, aby uspokojily va\u0161e nikotinov\u00e9 pot\u0159eby, s mo\u017enost\u00ed pohodln\u00e9ho doru\u010den\u00ed do Spojen\u00fdch st\u00e1t\u016f a Evropy a s mo\u017enost\u00ed dopravy zdarma p\u0159i placen\u00ed. Zvy\u0161te svou spokojenost s ka\u017ed\u00fdm n\u00e1kupem, proto\u017ee v\u00e1m p\u0159in\u00e1\u0161\u00edme \u0161pi\u010dkov\u00e9 zna\u010dky a bezprobl\u00e9mov\u00e9 doru\u010den\u00ed a\u017e k va\u0161im dve\u0159\u00edm. Za\u017eijte maxim\u00e1ln\u00ed pohodl\u00ed a prvot\u0159\u00eddn\u00ed kvalitu pouze na Whitelip.se. Nakupujte nyn\u00ed a dop\u0159ejte si pot\u011b\u0161en\u00ed z pr\u00e9miov\u00fdch nikotinov\u00fdch s\u00e1\u010dk\u016f v cel\u00e9 b\u00edl\u00e9 barv\u011b.<\/span><\/p>","protected":false},"excerpt":{"rendered":"<p>Ledov\u00fd, chladiv\u00fd <strong data-start=\"13\" data-end=\"26\">bor\u016fvky<\/strong> pod rty pro osv\u011b\u017een\u00ed. <strong data-start=\"64\" data-end=\"72\">Slim<\/strong>, beztab\u00e1kov\u00e9 s\u00e1\u010dky jsou diskr\u00e9tn\u011b um\u00edst\u011bny pro \u010dist\u00e9 a pohodln\u00e9 pou\u017eit\u00ed. Ka\u017ed\u00fd s\u00e1\u010dek obsahuje <strong data-start=\"157\" data-end=\"177\">16 mg\/g nikotinu<\/strong>; <strong data-start=\"179\" data-end=\"201\">20 s\u00e1\u010dk\u016f v plechovce<\/strong>.<\/p>","protected":false},"featured_media":8143,"comment_status":"open","ping_status":"closed","template":"","format":[206],"meta":{"_acf_changed":false},"product_brand":[],"product_cat":[64],"product_tag":[16676],"flavours":[196],"nicotine":[213,232],"class_list":{"0":"post-8142","1":"product","2":"type-product","3":"status-publish","4":"has-post-thumbnail","6":"product_cat-killa","7":"product_tag-12-8-mg-pouch","8":"pa_quantity-1-pack","9":"pa_quantity-10-pack","10":"pa_quantity-3-pack","11":"pa_quantity-30-pack","12":"pa_quantity-5-pack","13":"pa_quantity-60-pack","14":"flavours-fruits-berries","15":"format-slim","16":"nicotine-16-mg-g","17":"nicotine-extra-strong","19":"first","20":"outofstock","21":"taxable","22":"shipping-taxable","23":"purchasable","24":"product-type-variable"},"acf":[],"_links":{"self":[{"href":"https:\/\/whitelip.com\/cs\/wp-json\/wp\/v2\/product\/8142","targetHints":{"allow":["GET"]}}],"collection":[{"href":"https:\/\/whitelip.com\/cs\/wp-json\/wp\/v2\/product"}],"about":[{"href":"https:\/\/whitelip.com\/cs\/wp-json\/wp\/v2\/types\/product"}],"replies":[{"embeddable":true,"href":"https:\/\/whitelip.com\/cs\/wp-json\/wp\/v2\/comments?post=8142"}],"wp:featuredmedia":[{"embeddable":true,"href":"https:\/\/whitelip.com\/cs\/wp-json\/wp\/v2\/media\/8143"}],"wp:attachment":[{"href":"https:\/\/whitelip.com\/cs\/wp-json\/wp\/v2\/media?parent=8142"}],"wp:term":[{"taxonomy":"product_brand","embeddable":true,"href":"https:\/\/whitelip.com\/cs\/wp-json\/wp\/v2\/product_brand?post=8142"},{"taxonomy":"product_cat","embeddable":true,"href":"https:\/\/whitelip.com\/cs\/wp-json\/wp\/v2\/product_cat?post=8142"},{"taxonomy":"product_tag","embeddable":true,"href":"https:\/\/whitelip.com\/cs\/wp-json\/wp\/v2\/product_tag?post=8142"},{"taxonomy":"flavours","embeddable":true,"href":"https:\/\/whitelip.com\/cs\/wp-json\/wp\/v2\/flavours?post=8142"},{"taxonomy":"format","embeddable":true,"href":"https:\/\/whitelip.com\/cs\/wp-json\/wp\/v2\/format?post=8142"},{"taxonomy":"nicotine","embeddable":true,"href":"https:\/\/whitelip.com\/cs\/wp-json\/wp\/v2\/nicotine?post=8142"}],"curies":[{"name":"wp","href":"https:\/\/api.w.org\/{rel}","templated":true}]}}