{"id":8138,"date":"2024-11-28T12:38:03","date_gmt":"2024-11-28T12:38:03","guid":{"rendered":"https:\/\/whitelip.com\/lundgrens-ang\/"},"modified":"2026-05-06T10:11:35","modified_gmt":"2026-05-06T10:11:35","slug":"lundgrens-ang","status":"publish","type":"product","link":"https:\/\/whitelip.com\/cs\/lundgrens\/lundgrens-ang\/","title":{"rendered":"LUNDGRENS \u00c4ng"},"content":{"rendered":"<h2><b>LUNDGRENS \u00c4ng<\/b><\/h2>\n<p><span style=\"font-weight: 400;\">Nikotinov\u00e9 s\u00e1\u010dky LUNDGRENS \u00c4ng nab\u00edzej\u00ed sv\u011b\u017e\u00ed a kv\u011btinovou p\u0159\u00edchu\u0165 inspirovanou \u0161v\u00e9dsk\u00fdmi loukami a p\u0159in\u00e1\u0161ej\u00ed jedine\u010dn\u00fd aromatick\u00fd z\u00e1\u017eitek. Tyto tenk\u00e9, zcela b\u00edl\u00e9 s\u00e1\u010dky poskytuj\u00ed diskr\u00e9tn\u00ed a pohodln\u00e9 ulo\u017een\u00ed pod rty a zaji\u0161\u0165uj\u00ed \u010dist\u00e9 uvol\u0148ov\u00e1n\u00ed chuti a nikotinu. LUNDGRENS \u00c4ng je ide\u00e1ln\u00ed pro ty, kte\u0159\u00ed hledaj\u00ed jemn\u00fd, ale osv\u011b\u017euj\u00edc\u00ed pocit, a je navr\u017een tak, aby nab\u00edzel p\u0159irozen\u00e9 a vyv\u00e1\u017een\u00e9 dod\u00e1v\u00e1n\u00ed nikotinu bez zabarven\u00ed zub\u016f.<\/span><\/p>\n<table>\n<tbody>\n<tr>\n<td><b>Atribut<\/b><\/td>\n<td><b>Podrobnosti na<\/b><\/td>\n<\/tr>\n<tr>\n<td><span style=\"font-weight: 400;\">Obsah na plechovku<\/span><\/td>\n<td><span style=\"font-weight: 400;\">21.6g<\/span><\/td>\n<\/tr>\n<tr>\n<td><span style=\"font-weight: 400;\">Obsah nikotinu<\/span><\/td>\n<td><span style=\"font-weight: 400;\">10 mg\/g (8 mg na s\u00e1\u010dek)<\/span><\/td>\n<\/tr>\n<tr>\n<td><span style=\"font-weight: 400;\">Form\u00e1t pouzdra<\/span><\/td>\n<td><span style=\"font-weight: 400;\">Slim<\/span><\/td>\n<\/tr>\n<tr>\n<td><span style=\"font-weight: 400;\">V\u00fdrobce<\/span><\/td>\n<td><span style=\"font-weight: 400;\">Fiedler &amp; Lundgren<\/span><\/td>\n<\/tr>\n<tr>\n<td><span style=\"font-weight: 400;\">P\u0159\u00edchu\u0165<\/span><\/td>\n<td><span style=\"font-weight: 400;\">Kv\u011btinov\u00e9 a sv\u011b\u017e\u00ed<\/span><\/td>\n<\/tr>\n<tr>\n<td><span style=\"font-weight: 400;\">Typ<\/span><\/td>\n<td><span style=\"font-weight: 400;\">Celob\u00edl\u00fd s\u00e1\u010dek, bez tab\u00e1ku<\/span><\/td>\n<\/tr>\n<\/tbody>\n<\/table>","protected":false},"excerpt":{"rendered":"<p>Lundgrens \u00c4ng <strong data-start=\"14\" data-end=\"44\">sv\u011b\u017e\u00ed kv\u011btinov\u00e9 t\u00f3ny louky<\/strong> p\u0159in\u00e1\u0161\u00ed jedine\u010dn\u00fd aromatick\u00fd z\u00e1\u017eitek. Na <strong data-start=\"88\" data-end=\"107\">\u0161t\u00edhl\u00fd,<\/strong> zcela b\u00edl\u00e9 s\u00e1\u010dky se diskr\u00e9tn\u011b umis\u0165uj\u00ed pod rty, co\u017e zaji\u0161\u0165uje \u010dist\u00e9 a pohodln\u00e9 pou\u017e\u00edv\u00e1n\u00ed a p\u0159irozen\u00e9, vyv\u00e1\u017een\u00e9 uvol\u0148ov\u00e1n\u00ed nikotinu bez zabarven\u00ed zub\u016f. Ide\u00e1ln\u00ed pro ty, kte\u0159\u00ed hledaj\u00ed jemn\u00fd, osv\u011b\u017euj\u00edc\u00ed pocit.<\/p>","protected":false},"featured_media":2968,"comment_status":"open","ping_status":"closed","template":"","format":[204],"meta":{"_acf_changed":false},"product_brand":[],"product_cat":[59],"product_tag":[16583],"flavours":[196],"nicotine":[207,236],"class_list":{"0":"post-8138","1":"product","2":"type-product","3":"status-publish","4":"has-post-thumbnail","6":"product_cat-lundgrens","7":"product_tag-8-mg-pouch","8":"pa_quantity-1-pack","9":"pa_quantity-10-pack","10":"pa_quantity-3-pack","11":"pa_quantity-30-pack","12":"pa_quantity-5-pack","13":"pa_quantity-60-pack","14":"flavours-fruits-berries","15":"format-large","16":"nicotine-10-mg-g","17":"nicotine-strong","19":"first","20":"outofstock","21":"taxable","22":"shipping-taxable","23":"purchasable","24":"product-type-variable"},"acf":[],"_links":{"self":[{"href":"https:\/\/whitelip.com\/cs\/wp-json\/wp\/v2\/product\/8138","targetHints":{"allow":["GET"]}}],"collection":[{"href":"https:\/\/whitelip.com\/cs\/wp-json\/wp\/v2\/product"}],"about":[{"href":"https:\/\/whitelip.com\/cs\/wp-json\/wp\/v2\/types\/product"}],"replies":[{"embeddable":true,"href":"https:\/\/whitelip.com\/cs\/wp-json\/wp\/v2\/comments?post=8138"}],"wp:featuredmedia":[{"embeddable":true,"href":"https:\/\/whitelip.com\/cs\/wp-json\/wp\/v2\/media\/2968"}],"wp:attachment":[{"href":"https:\/\/whitelip.com\/cs\/wp-json\/wp\/v2\/media?parent=8138"}],"wp:term":[{"taxonomy":"product_brand","embeddable":true,"href":"https:\/\/whitelip.com\/cs\/wp-json\/wp\/v2\/product_brand?post=8138"},{"taxonomy":"product_cat","embeddable":true,"href":"https:\/\/whitelip.com\/cs\/wp-json\/wp\/v2\/product_cat?post=8138"},{"taxonomy":"product_tag","embeddable":true,"href":"https:\/\/whitelip.com\/cs\/wp-json\/wp\/v2\/product_tag?post=8138"},{"taxonomy":"flavours","embeddable":true,"href":"https:\/\/whitelip.com\/cs\/wp-json\/wp\/v2\/flavours?post=8138"},{"taxonomy":"format","embeddable":true,"href":"https:\/\/whitelip.com\/cs\/wp-json\/wp\/v2\/format?post=8138"},{"taxonomy":"nicotine","embeddable":true,"href":"https:\/\/whitelip.com\/cs\/wp-json\/wp\/v2\/nicotine?post=8138"}],"curies":[{"name":"wp","href":"https:\/\/api.w.org\/{rel}","templated":true}]}}