{"id":8136,"date":"2024-11-28T12:38:03","date_gmt":"2024-11-28T12:38:03","guid":{"rendered":"https:\/\/whitelip.com\/pablo-exclusive-mango-ice-50mg\/"},"modified":"2026-04-14T12:40:42","modified_gmt":"2026-04-14T12:40:42","slug":"pablo-exclusive-mango-ice-50mg","status":"publish","type":"product","link":"https:\/\/whitelip.com\/cs\/pablo\/pablo-exclusive-mango-ice-50mg\/","title":{"rendered":"PABLO Exclusive Mango Ice 50mg"},"content":{"rendered":"<h2><b>PABLO Exclusive Mango Ice 50mg<\/b><\/h2>\n<p><span style=\"font-weight: 400;\">PABLO Exclusive Mango Ice 50 mg nikotinov\u00fdch s\u00e1\u010dk\u016f kombinuje tropickou sladkost zral\u00e9ho manga s osv\u011b\u017euj\u00edc\u00edm ledov\u00fdm m\u00e1tov\u00fdm z\u00e1v\u011brem, co\u017e p\u0159in\u00e1\u0161\u00ed jedine\u010dn\u00fd a osv\u011b\u017euj\u00edc\u00ed chu\u0165ov\u00fd profil. D\u00edky mimo\u0159\u00e1dn\u011b vysok\u00e9 s\u00edle nikotinu jsou tyto tenk\u00e9 s\u00e1\u010dky bez tab\u00e1ku ur\u010deny pro zku\u0161en\u00e9 u\u017eivatele, kte\u0159\u00ed hledaj\u00ed odv\u00e1\u017en\u00fd a siln\u00fd nikotinov\u00fd z\u00e1\u017eitek. S\u00e1\u010dky PABLO Exclusive Mango Ice jsou navr\u017eeny pro diskr\u00e9tn\u00ed a pohodln\u00e9 pou\u017e\u00edv\u00e1n\u00ed a zaji\u0161\u0165uj\u00ed konzistentn\u00ed uvol\u0148ov\u00e1n\u00ed chuti a nikotinu pro intenzivn\u00ed a uspokojiv\u00fd pocit.<\/span><\/p>\n<table>\n<tbody>\n<tr>\n<td><b>Atribut<\/b><\/td>\n<td><b>Podrobnosti na<\/b><\/td>\n<\/tr>\n<tr>\n<td><span style=\"font-weight: 400;\">Obsah na plechovku<\/span><\/td>\n<td><span style=\"font-weight: 400;\">12 g (20 s\u00e1\u010dk\u016f)<\/span><\/td>\n<\/tr>\n<tr>\n<td><span style=\"font-weight: 400;\">Obsah nikotinu<\/span><\/td>\n<td><span style=\"font-weight: 400;\">50 mg\/g (30 mg na s\u00e1\u010dek)<\/span><\/td>\n<\/tr>\n<tr>\n<td><span style=\"font-weight: 400;\">Form\u00e1t pouzdra<\/span><\/td>\n<td><span style=\"font-weight: 400;\">Slim<\/span><\/td>\n<\/tr>\n<tr>\n<td><span style=\"font-weight: 400;\">V\u00fdrobce<\/span><\/td>\n<td><span style=\"font-weight: 400;\">\u0158\u00ed\u0161e N.G.P<\/span><\/td>\n<\/tr>\n<tr>\n<td><span style=\"font-weight: 400;\">P\u0159\u00edchu\u0165<\/span><\/td>\n<td><span style=\"font-weight: 400;\">Mango s ledovou m\u00e1tou<\/span><\/td>\n<\/tr>\n<tr>\n<td><span style=\"font-weight: 400;\">Typ<\/span><\/td>\n<td><span style=\"font-weight: 400;\">Celob\u00edl\u00fd s\u00e1\u010dek, bez tab\u00e1ku<\/span><\/td>\n<\/tr>\n<\/tbody>\n<\/table>","protected":false},"excerpt":{"rendered":"<p>PABLO Exclusive Mango Ice 50 mg nikotinov\u00fdch s\u00e1\u010dk\u016f p\u0159in\u00e1\u0161\u00ed tropickou chu\u0165. <strong data-start=\"67\" data-end=\"80\">Mango Ice<\/strong> s osv\u011b\u017euj\u00edc\u00ed m\u00e1tovou chut\u00ed. <strong data-start=\"118\" data-end=\"126\">Slim<\/strong>, beztab\u00e1kov\u00fd form\u00e1t pro diskr\u00e9tn\u00ed, pohodln\u00e9 pou\u017e\u00edv\u00e1n\u00ed a \u010dist\u00e9, stabiln\u00ed uvol\u0148ov\u00e1n\u00ed. Ka\u017ed\u00fd s\u00e1\u010dek obsahuje <strong data-start=\"227\" data-end=\"245\">30 mg nikotinu<\/strong>.<\/p>","protected":false},"featured_media":8137,"comment_status":"open","ping_status":"closed","template":"","format":[206],"meta":{"_acf_changed":false},"product_brand":[],"product_cat":[44],"product_tag":[16605],"flavours":[196],"nicotine":[226,233],"class_list":{"0":"post-8136","1":"product","2":"type-product","3":"status-publish","4":"has-post-thumbnail","6":"product_cat-pablo","7":"product_tag-30-mg-pouch","8":"pa_quantity-1-pack","9":"pa_quantity-10-pack","10":"pa_quantity-3-pack","11":"pa_quantity-30-pack","12":"pa_quantity-5-pack","13":"pa_quantity-60-pack","14":"flavours-fruits-berries","15":"format-slim","16":"nicotine-50-mg-g","17":"nicotine-extreme","19":"first","20":"outofstock","21":"taxable","22":"shipping-taxable","23":"purchasable","24":"product-type-variable"},"acf":[],"_links":{"self":[{"href":"https:\/\/whitelip.com\/cs\/wp-json\/wp\/v2\/product\/8136","targetHints":{"allow":["GET"]}}],"collection":[{"href":"https:\/\/whitelip.com\/cs\/wp-json\/wp\/v2\/product"}],"about":[{"href":"https:\/\/whitelip.com\/cs\/wp-json\/wp\/v2\/types\/product"}],"replies":[{"embeddable":true,"href":"https:\/\/whitelip.com\/cs\/wp-json\/wp\/v2\/comments?post=8136"}],"wp:featuredmedia":[{"embeddable":true,"href":"https:\/\/whitelip.com\/cs\/wp-json\/wp\/v2\/media\/8137"}],"wp:attachment":[{"href":"https:\/\/whitelip.com\/cs\/wp-json\/wp\/v2\/media?parent=8136"}],"wp:term":[{"taxonomy":"product_brand","embeddable":true,"href":"https:\/\/whitelip.com\/cs\/wp-json\/wp\/v2\/product_brand?post=8136"},{"taxonomy":"product_cat","embeddable":true,"href":"https:\/\/whitelip.com\/cs\/wp-json\/wp\/v2\/product_cat?post=8136"},{"taxonomy":"product_tag","embeddable":true,"href":"https:\/\/whitelip.com\/cs\/wp-json\/wp\/v2\/product_tag?post=8136"},{"taxonomy":"flavours","embeddable":true,"href":"https:\/\/whitelip.com\/cs\/wp-json\/wp\/v2\/flavours?post=8136"},{"taxonomy":"format","embeddable":true,"href":"https:\/\/whitelip.com\/cs\/wp-json\/wp\/v2\/format?post=8136"},{"taxonomy":"nicotine","embeddable":true,"href":"https:\/\/whitelip.com\/cs\/wp-json\/wp\/v2\/nicotine?post=8136"}],"curies":[{"name":"wp","href":"https:\/\/api.w.org\/{rel}","templated":true}]}}