{"id":8116,"date":"2024-11-28T12:38:01","date_gmt":"2024-11-28T12:38:01","guid":{"rendered":"https:\/\/whitelip.com\/killa-mango-ice\/"},"modified":"2026-05-14T10:11:18","modified_gmt":"2026-05-14T10:11:18","slug":"killa-mango-ice","status":"publish","type":"product","link":"https:\/\/whitelip.com\/cs\/killa\/killa-mango-ice\/","title":{"rendered":"KILLA Mango Ice"},"content":{"rendered":"<h2><b>KILLA Mango Ice<\/b><\/h2>\n<p><span style=\"font-weight: 400;\">Nikotinov\u00e9 s\u00e1\u010dky KILLA Mango Ice p\u0159in\u00e1\u0161ej\u00ed tropickou kombinaci sladk\u00e9 chuti zral\u00e9ho manga dopln\u011bnou osv\u011b\u017euj\u00edc\u00edm mentolov\u00fdm z\u00e1v\u011brem. Tato kombinace poskytuje \u017eiv\u00fd a povzbuzuj\u00edc\u00ed z\u00e1\u017eitek, ide\u00e1ln\u00ed pro u\u017eivatele, kte\u0159\u00ed hledaj\u00ed siln\u00fd nikotinov\u00fd z\u00e1sah s exotick\u00fdm n\u00e1dechem. Tenk\u00e9 beztab\u00e1kov\u00e9 s\u00e1\u010dky jsou navr\u017eeny pro diskr\u00e9tn\u00ed a pohodln\u00e9 pou\u017e\u00edv\u00e1n\u00ed a bez probl\u00e9m\u016f se vejdou pod ret, abyste si je mohli vychutnat kdykoli a kdekoli. KILLA Mango Ice vynik\u00e1 jedine\u010dnou chut\u00ed a siln\u00fdm \u00fa\u010dinkem, d\u00edky \u010demu\u017e je obl\u00edbenou volbou mezi milovn\u00edky nikotinov\u00fdch s\u00e1\u010dk\u016f.<\/span><\/p>\n<table>\n<tbody>\n<tr>\n<td><b>Atribut<\/b><\/td>\n<td><b>Podrobnosti na<\/b><\/td>\n<\/tr>\n<tr>\n<td><span style=\"font-weight: 400;\">Obsah na plechovku<\/span><\/td>\n<td><span style=\"font-weight: 400;\">14 g (20 s\u00e1\u010dk\u016f)<\/span><\/td>\n<\/tr>\n<tr>\n<td><span style=\"font-weight: 400;\">Obsah nikotinu<\/span><\/td>\n<td><span style=\"font-weight: 400;\">16 mg\/g (11,2 mg na s\u00e1\u010dek)<\/span><\/td>\n<\/tr>\n<tr>\n<td><span style=\"font-weight: 400;\">Form\u00e1t pouzdra<\/span><\/td>\n<td><span style=\"font-weight: 400;\">Slim<\/span><\/td>\n<\/tr>\n<tr>\n<td><span style=\"font-weight: 400;\">V\u00fdrobce<\/span><\/td>\n<td><span style=\"font-weight: 400;\">\u0158\u00ed\u0161e N.G.P.<\/span><\/td>\n<\/tr>\n<tr>\n<td><span style=\"font-weight: 400;\">P\u0159\u00edchu\u0165<\/span><\/td>\n<td><span style=\"font-weight: 400;\">Mango s mentolem<\/span><\/td>\n<\/tr>\n<tr>\n<td><span style=\"font-weight: 400;\">Typ<\/span><\/td>\n<td><span style=\"font-weight: 400;\">Celob\u00edl\u00fd s\u00e1\u010dek, bez tab\u00e1ku<\/span><\/td>\n<\/tr>\n<\/tbody>\n<\/table>","protected":false},"excerpt":{"rendered":"<p>Tropick\u00e1 sladkost <strong data-start=\"15\" data-end=\"28\">mangov\u00fd led<\/strong> s osv\u011b\u017euj\u00edc\u00edm mentolov\u00fdm z\u00e1v\u011brem pro energick\u00fd a povzbuzuj\u00edc\u00ed vzpruhu. <strong data-start=\"96\" data-end=\"104\">Slim<\/strong>, beztab\u00e1kov\u00e9 s\u00e1\u010dky diskr\u00e9tn\u011b sed\u00ed pod rtem a umo\u017e\u0148uj\u00ed pohodln\u00e9 pou\u017eit\u00ed kdykoli. Ka\u017ed\u00fd s\u00e1\u010dek obsahuje <strong data-start=\"204\" data-end=\"224\">11,2 mg nikotinu<\/strong>, a poskytuje siln\u00fd a uspokojiv\u00fd kopanec.<\/p>","protected":false},"featured_media":8117,"comment_status":"open","ping_status":"closed","template":"","format":[206],"meta":{"_acf_changed":false},"product_brand":[],"product_cat":[64],"product_tag":[16577],"flavours":[196],"nicotine":[213,232],"class_list":{"0":"post-8116","1":"product","2":"type-product","3":"status-publish","4":"has-post-thumbnail","6":"product_cat-killa","7":"product_tag-11-2-mg-pouch","8":"pa_quantity-1-pack","9":"pa_quantity-10-pack","10":"pa_quantity-3-pack","11":"pa_quantity-30-pack","12":"pa_quantity-5-pack","13":"pa_quantity-60-pack","14":"flavours-fruits-berries","15":"format-slim","16":"nicotine-16-mg-g","17":"nicotine-extra-strong","19":"first","20":"instock","21":"taxable","22":"shipping-taxable","23":"purchasable","24":"product-type-variable"},"acf":[],"_links":{"self":[{"href":"https:\/\/whitelip.com\/cs\/wp-json\/wp\/v2\/product\/8116","targetHints":{"allow":["GET"]}}],"collection":[{"href":"https:\/\/whitelip.com\/cs\/wp-json\/wp\/v2\/product"}],"about":[{"href":"https:\/\/whitelip.com\/cs\/wp-json\/wp\/v2\/types\/product"}],"replies":[{"embeddable":true,"href":"https:\/\/whitelip.com\/cs\/wp-json\/wp\/v2\/comments?post=8116"}],"wp:featuredmedia":[{"embeddable":true,"href":"https:\/\/whitelip.com\/cs\/wp-json\/wp\/v2\/media\/8117"}],"wp:attachment":[{"href":"https:\/\/whitelip.com\/cs\/wp-json\/wp\/v2\/media?parent=8116"}],"wp:term":[{"taxonomy":"product_brand","embeddable":true,"href":"https:\/\/whitelip.com\/cs\/wp-json\/wp\/v2\/product_brand?post=8116"},{"taxonomy":"product_cat","embeddable":true,"href":"https:\/\/whitelip.com\/cs\/wp-json\/wp\/v2\/product_cat?post=8116"},{"taxonomy":"product_tag","embeddable":true,"href":"https:\/\/whitelip.com\/cs\/wp-json\/wp\/v2\/product_tag?post=8116"},{"taxonomy":"flavours","embeddable":true,"href":"https:\/\/whitelip.com\/cs\/wp-json\/wp\/v2\/flavours?post=8116"},{"taxonomy":"format","embeddable":true,"href":"https:\/\/whitelip.com\/cs\/wp-json\/wp\/v2\/format?post=8116"},{"taxonomy":"nicotine","embeddable":true,"href":"https:\/\/whitelip.com\/cs\/wp-json\/wp\/v2\/nicotine?post=8116"}],"curies":[{"name":"wp","href":"https:\/\/api.w.org\/{rel}","templated":true}]}}