{"id":8114,"date":"2024-11-28T12:37:40","date_gmt":"2024-11-28T12:37:40","guid":{"rendered":"https:\/\/whitelip.com\/siberia-80-all-white-portion\/"},"modified":"2026-05-09T10:11:22","modified_gmt":"2026-05-09T10:11:22","slug":"siberia-80-all-white-portion","status":"publish","type":"product","link":"https:\/\/whitelip.com\/cs\/siberia\/siberia-80-all-white-portion\/","title":{"rendered":"Sibi\u0159 -80 V\u0161echny b\u00edl\u00e9 porce"},"content":{"rendered":"<h2><b>Sibi\u0159 -80 V\u0161echny b\u00edl\u00e9 porce<\/b><\/h2>\n<p><span style=\"font-weight: 400;\">Nikotinov\u00e9 s\u00e1\u010dky Siberia -80 All White Portion poskytuj\u00ed intenzivn\u00ed nikotinov\u00fd z\u00e1\u017eitek v kombinaci s osv\u011b\u017euj\u00edc\u00ed ledov\u011b m\u00e1tovou p\u0159\u00edchut\u00ed. Tyto zcela b\u00edl\u00e9 porcovan\u00e9 \u0161luky bez tab\u00e1ku jsou navr\u017eeny pro pohodln\u00e9 a diskr\u00e9tn\u00ed pou\u017e\u00edv\u00e1n\u00ed a snadno se vejdou pod ret. \u0160\u00edpky Siberia -80 All White Portion jsou p\u0159izp\u016fsobeny zku\u0161en\u00fdm u\u017eivatel\u016fm a zaji\u0161\u0165uj\u00ed \u010dist\u00e9 a siln\u00e9 uvol\u0148ov\u00e1n\u00ed chuti a nikotinu, p\u0159i\u010dem\u017e nedoch\u00e1z\u00ed k zabarven\u00ed zub\u016f. Jej\u00ed vyv\u00e1\u017een\u00e1 velikost porce nab\u00edz\u00ed uspokojivou mo\u017enost pro ty, kte\u0159\u00ed hledaj\u00ed mimo\u0159\u00e1dn\u011b siln\u00fd nikotinov\u00fd produkt.<\/span><\/p>\n<table>\n<tbody>\n<tr>\n<td><b>Atribut<\/b><\/td>\n<td><b>Podrobnosti na<\/b><\/td>\n<\/tr>\n<tr>\n<td><span style=\"font-weight: 400;\">Obsah na plechovku<\/span><\/td>\n<td><span style=\"font-weight: 400;\">15 g (20 s\u00e1\u010dk\u016f)<\/span><\/td>\n<\/tr>\n<tr>\n<td><span style=\"font-weight: 400;\">Obsah nikotinu<\/span><\/td>\n<td><span style=\"font-weight: 400;\">33 mg\/g (25 mg na s\u00e1\u010dek)<\/span><\/td>\n<\/tr>\n<tr>\n<td><span style=\"font-weight: 400;\">Form\u00e1t pouzdra<\/span><\/td>\n<td><span style=\"font-weight: 400;\">Porce<\/span><\/td>\n<\/tr>\n<tr>\n<td><span style=\"font-weight: 400;\">V\u00fdrobce<\/span><\/td>\n<td><span style=\"font-weight: 400;\">SIBERIA<\/span><\/td>\n<\/tr>\n<tr>\n<td><span style=\"font-weight: 400;\">P\u0159\u00edchu\u0165<\/span><\/td>\n<td><span style=\"font-weight: 400;\">Icy Mint<\/span><\/td>\n<\/tr>\n<tr>\n<td><span style=\"font-weight: 400;\">Typ<\/span><\/td>\n<td><span style=\"font-weight: 400;\">Celob\u00edl\u00fd s\u00e1\u010dek, bez tab\u00e1ku<\/span><\/td>\n<\/tr>\n<\/tbody>\n<\/table>","protected":false},"excerpt":{"rendered":"<p>Nikotinov\u00e9 s\u00e1\u010dky Siberia -80 All White Portion poskytuj\u00ed intenzivn\u00ed nikotinovou chu\u0165 <strong data-start=\"66\" data-end=\"78\">Icy Mint<\/strong> s osv\u011b\u017euj\u00edc\u00ed chut\u00ed a sv\u011b\u017e\u00edm chladem. Zcela b\u00edl\u00e9 porce bez tab\u00e1ku se diskr\u00e9tn\u011b vejdou pod ret a umo\u017e\u0148uj\u00ed \u010dist\u00e9 a v\u00fdkonn\u00e9 pou\u017eit\u00ed. Ka\u017ed\u00fd s\u00e1\u010dek obsahuje <strong data-start=\"225\" data-end=\"243\">25 mg nikotinu<\/strong>.<\/p>","protected":false},"featured_media":8115,"comment_status":"open","ping_status":"closed","template":"","format":[204],"meta":{"_acf_changed":false},"product_brand":[],"product_cat":[61],"product_tag":[16589],"flavours":[199],"nicotine":[222,233],"class_list":{"0":"post-8114","1":"product","2":"type-product","3":"status-publish","4":"has-post-thumbnail","6":"product_cat-siberia","7":"product_tag-25-mg-pouch","8":"pa_quantity-1-pack","9":"pa_quantity-10-pack","10":"pa_quantity-3-pack","11":"pa_quantity-30-pack","12":"pa_quantity-5-pack","13":"pa_quantity-60-pack","14":"flavours-mint","15":"format-large","16":"nicotine-33-mg-g","17":"nicotine-extreme","19":"first","20":"instock","21":"taxable","22":"shipping-taxable","23":"purchasable","24":"product-type-variable"},"acf":[],"_links":{"self":[{"href":"https:\/\/whitelip.com\/cs\/wp-json\/wp\/v2\/product\/8114","targetHints":{"allow":["GET"]}}],"collection":[{"href":"https:\/\/whitelip.com\/cs\/wp-json\/wp\/v2\/product"}],"about":[{"href":"https:\/\/whitelip.com\/cs\/wp-json\/wp\/v2\/types\/product"}],"replies":[{"embeddable":true,"href":"https:\/\/whitelip.com\/cs\/wp-json\/wp\/v2\/comments?post=8114"}],"wp:featuredmedia":[{"embeddable":true,"href":"https:\/\/whitelip.com\/cs\/wp-json\/wp\/v2\/media\/8115"}],"wp:attachment":[{"href":"https:\/\/whitelip.com\/cs\/wp-json\/wp\/v2\/media?parent=8114"}],"wp:term":[{"taxonomy":"product_brand","embeddable":true,"href":"https:\/\/whitelip.com\/cs\/wp-json\/wp\/v2\/product_brand?post=8114"},{"taxonomy":"product_cat","embeddable":true,"href":"https:\/\/whitelip.com\/cs\/wp-json\/wp\/v2\/product_cat?post=8114"},{"taxonomy":"product_tag","embeddable":true,"href":"https:\/\/whitelip.com\/cs\/wp-json\/wp\/v2\/product_tag?post=8114"},{"taxonomy":"flavours","embeddable":true,"href":"https:\/\/whitelip.com\/cs\/wp-json\/wp\/v2\/flavours?post=8114"},{"taxonomy":"format","embeddable":true,"href":"https:\/\/whitelip.com\/cs\/wp-json\/wp\/v2\/format?post=8114"},{"taxonomy":"nicotine","embeddable":true,"href":"https:\/\/whitelip.com\/cs\/wp-json\/wp\/v2\/nicotine?post=8114"}],"curies":[{"name":"wp","href":"https:\/\/api.w.org\/{rel}","templated":true}]}}