{"id":8096,"date":"2024-11-28T12:37:17","date_gmt":"2024-11-28T12:37:17","guid":{"rendered":"https:\/\/whitelip.com\/cuba-coca-leaf\/"},"modified":"2026-04-28T10:11:15","modified_gmt":"2026-04-28T10:11:15","slug":"cuba-coca-leaf","status":"publish","type":"product","link":"https:\/\/whitelip.com\/cs\/cuba\/cuba-coca-leaf\/","title":{"rendered":"Kuba Coca Leaf"},"content":{"rendered":"<h2><b>Kuba Coca Leaf<\/b><\/h2>\n<p><span style=\"font-weight: 400;\">Nikotinov\u00e9 s\u00e1\u010dky CUBA Coca Leaf nab\u00edzej\u00ed v\u00fdrazn\u00fd a siln\u00fd z\u00e1\u017eitek pro zku\u0161en\u00e9 u\u017eivatele, kte\u0159\u00ed hledaj\u00ed siln\u00fd nikotinov\u00fd n\u00e1boj. Ka\u017ed\u00fd s\u00e1\u010dek tenk\u00e9ho form\u00e1tu obsahuje 50 mg nikotinu na gram, co\u017e odpov\u00edd\u00e1 p\u0159ibli\u017en\u011b 32,5 mg v jednom s\u00e1\u010dku, co\u017e p\u0159in\u00e1\u0161\u00ed intenzivn\u00ed pocit. S\u00e1\u010dky jsou navr\u017eeny tak, aby se diskr\u00e9tn\u011b ve\u0161ly pod ret, co\u017e zaji\u0161\u0165uje pohodl\u00ed a komfort. Tyto s\u00e1\u010dky jsou vyrobeny spole\u010dnost\u00ed CUBA, v\u00fdrobcem proslul\u00fdm kvalitou a inovacemi, a jsou p\u0159\u00edkladem vysok\u00fdch standard\u016f a jedine\u010dn\u00fdch chu\u0165ov\u00fdch profil\u016f.<\/span><\/p>\n<table>\n<tbody>\n<tr>\n<td><b>Atribut<\/b><\/td>\n<td><b>Podrobnosti na<\/b><\/td>\n<\/tr>\n<tr>\n<td><b>Obsah na plechovku<\/b><\/td>\n<td><span style=\"font-weight: 400;\">13 g (20 s\u00e1\u010dk\u016f)<\/span><\/td>\n<\/tr>\n<tr>\n<td><b>Obsah nikotinu<\/b><\/td>\n<td><span style=\"font-weight: 400;\">50 mg\/g (32,5 mg na s\u00e1\u010dek)<\/span><\/td>\n<\/tr>\n<tr>\n<td><b>Form\u00e1t pouzdra<\/b><\/td>\n<td><span style=\"font-weight: 400;\">Slim<\/span><\/td>\n<\/tr>\n<tr>\n<td><b>V\u00fdrobce<\/b><\/td>\n<td><span style=\"font-weight: 400;\">CUBA<\/span><\/td>\n<\/tr>\n<tr>\n<td><b>P\u0159\u00edchu\u0165<\/b><\/td>\n<td><span style=\"font-weight: 400;\">Coca Leaf s m\u00e1tou<\/span><\/td>\n<\/tr>\n<tr>\n<td><b>Typ<\/b><\/td>\n<td><span style=\"font-weight: 400;\">Celob\u00edl\u00e9 pouzdro<\/span><\/td>\n<\/tr>\n<\/tbody>\n<\/table>","protected":false},"excerpt":{"rendered":"<p>V\u00fdrazn\u00e9 <strong data-start=\"12\" data-end=\"25\">list koky<\/strong> profil s robustn\u00edm a siln\u00fdm charakterem. Na <strong data-start=\"71\" data-end=\"79\">slim<\/strong> s\u00e1\u010dky se diskr\u00e9tn\u011b um\u00edst\u00ed pod rty pro pohodln\u00e9 pou\u017e\u00edv\u00e1n\u00ed na cest\u00e1ch. Ka\u017ed\u00fd s\u00e1\u010dek obsahuje <strong data-start=\"169\" data-end=\"200\">~32,5 mg nikotinu v jednom s\u00e1\u010dku<\/strong> (50 mg\/g), co\u017e p\u0159in\u00e1\u0161\u00ed intenzivn\u00ed kopanec vhodn\u00fd pro zku\u0161en\u00e9 u\u017eivatele z CUBA.<\/p>","protected":false},"featured_media":8097,"comment_status":"open","ping_status":"closed","template":"","format":[206],"meta":{"_acf_changed":false},"product_brand":[],"product_cat":[46],"product_tag":[16573],"flavours":[199],"nicotine":[233,226],"class_list":{"0":"post-8096","1":"product","2":"type-product","3":"status-publish","4":"has-post-thumbnail","6":"product_cat-cuba","7":"product_tag-32-5-mg-pouch","8":"pa_quantity-1-pack","9":"pa_quantity-10-pack","10":"pa_quantity-3-pack","11":"pa_quantity-30-pack","12":"pa_quantity-5-pack","13":"pa_quantity-60-pack","14":"flavours-mint","15":"format-slim","16":"nicotine-extreme","17":"nicotine-50-mg-g","19":"first","20":"outofstock","21":"taxable","22":"shipping-taxable","23":"purchasable","24":"product-type-variable"},"acf":[],"_links":{"self":[{"href":"https:\/\/whitelip.com\/cs\/wp-json\/wp\/v2\/product\/8096","targetHints":{"allow":["GET"]}}],"collection":[{"href":"https:\/\/whitelip.com\/cs\/wp-json\/wp\/v2\/product"}],"about":[{"href":"https:\/\/whitelip.com\/cs\/wp-json\/wp\/v2\/types\/product"}],"replies":[{"embeddable":true,"href":"https:\/\/whitelip.com\/cs\/wp-json\/wp\/v2\/comments?post=8096"}],"wp:featuredmedia":[{"embeddable":true,"href":"https:\/\/whitelip.com\/cs\/wp-json\/wp\/v2\/media\/8097"}],"wp:attachment":[{"href":"https:\/\/whitelip.com\/cs\/wp-json\/wp\/v2\/media?parent=8096"}],"wp:term":[{"taxonomy":"product_brand","embeddable":true,"href":"https:\/\/whitelip.com\/cs\/wp-json\/wp\/v2\/product_brand?post=8096"},{"taxonomy":"product_cat","embeddable":true,"href":"https:\/\/whitelip.com\/cs\/wp-json\/wp\/v2\/product_cat?post=8096"},{"taxonomy":"product_tag","embeddable":true,"href":"https:\/\/whitelip.com\/cs\/wp-json\/wp\/v2\/product_tag?post=8096"},{"taxonomy":"flavours","embeddable":true,"href":"https:\/\/whitelip.com\/cs\/wp-json\/wp\/v2\/flavours?post=8096"},{"taxonomy":"format","embeddable":true,"href":"https:\/\/whitelip.com\/cs\/wp-json\/wp\/v2\/format?post=8096"},{"taxonomy":"nicotine","embeddable":true,"href":"https:\/\/whitelip.com\/cs\/wp-json\/wp\/v2\/nicotine?post=8096"}],"curies":[{"name":"wp","href":"https:\/\/api.w.org\/{rel}","templated":true}]}}