{"id":8088,"date":"2024-11-28T12:37:16","date_gmt":"2024-11-28T12:37:16","guid":{"rendered":"https:\/\/whitelip.com\/iceberg-raspberry-gum-extreme\/"},"modified":"2026-05-11T10:11:25","modified_gmt":"2026-05-11T10:11:25","slug":"iceberg-raspberry-gum-extreme","status":"publish","type":"product","link":"https:\/\/whitelip.com\/cs\/iceberg\/iceberg-raspberry-gum-extreme\/","title":{"rendered":"ICEBERG Raspberry Gum Extreme"},"content":{"rendered":"<h2><b>ICEBERG Raspberry Gum Extreme<\/b><\/h2>\n<p><span style=\"font-weight: 400;\">Nikotinov\u00e9 s\u00e1\u010dky ICEBERG Raspberry Gum Extreme p\u0159in\u00e1\u0161ej\u00ed p\u0159\u00edval \u0161tiplav\u00e9 malinov\u00e9 chuti s jemn\u00fdm, \u017ev\u00fdka\u010dkov\u00fdm povrchem a nab\u00edzej\u00ed jedine\u010dn\u00fd a uspokojiv\u00fd z\u00e1\u017eitek. Tyto beztab\u00e1kov\u00e9 s\u00e1\u010dky jsou ur\u010deny pro zku\u0161en\u00e9 u\u017eivatele, kte\u0159\u00ed d\u00e1vaj\u00ed p\u0159ednost intenzivn\u00edmu nikotinov\u00e9mu n\u00e1poru ve spojen\u00ed s v\u00fdraznou ovocnou p\u0159\u00edchut\u00ed. Tenk\u00fd form\u00e1t s\u00e1\u010dk\u016f zaji\u0161\u0165uje diskr\u00e9tn\u00ed a pohodln\u00e9 pou\u017e\u00edv\u00e1n\u00ed, d\u00edky n\u011bmu\u017e si m\u016f\u017eete vychutnat osv\u011b\u017euj\u00edc\u00ed a aromatickou nikotinovou variantu, a\u0165 jste kdekoli. ICEBERG Raspberry Gum Extreme vynik\u00e1 svou \u017eivou chut\u00ed a robustn\u00ed silou.<\/span><\/p>\n<table>\n<tbody>\n<tr>\n<td><b>Atribut<\/b><\/td>\n<td><b>Podrobnosti na<\/b><\/td>\n<\/tr>\n<tr>\n<td><span style=\"font-weight: 400;\">Obsah na plechovku<\/span><\/td>\n<td><span style=\"font-weight: 400;\">12 g (20 s\u00e1\u010dk\u016f)<\/span><\/td>\n<\/tr>\n<tr>\n<td><span style=\"font-weight: 400;\">Obsah nikotinu<\/span><\/td>\n<td><span style=\"font-weight: 400;\">50 mg\/g (35 mg na s\u00e1\u010dek)<\/span><\/td>\n<\/tr>\n<tr>\n<td><span style=\"font-weight: 400;\">Form\u00e1t pouzdra<\/span><\/td>\n<td><span style=\"font-weight: 400;\">Slim<\/span><\/td>\n<\/tr>\n<tr>\n<td><span style=\"font-weight: 400;\">V\u00fdrobce<\/span><\/td>\n<td><span style=\"font-weight: 400;\">ICEBERG<\/span><\/td>\n<\/tr>\n<tr>\n<td><span style=\"font-weight: 400;\">P\u0159\u00edchu\u0165<\/span><\/td>\n<td><span style=\"font-weight: 400;\">Malinov\u00e1 \u017ev\u00fdka\u010dka<\/span><\/td>\n<\/tr>\n<tr>\n<td><span style=\"font-weight: 400;\">Typ<\/span><\/td>\n<td><span style=\"font-weight: 400;\">Celob\u00edl\u00fd s\u00e1\u010dek, bez tab\u00e1ku<\/span><\/td>\n<\/tr>\n<\/tbody>\n<\/table>\n<p>\u00a0<\/p>","protected":false},"excerpt":{"rendered":"<p>\u017dv\u00fdka\u010dka ICEBERG Raspberry Gum nab\u00edz\u00ed pikantn\u00ed <strong data-start=\"37\" data-end=\"54\">malinov\u00e1 \u017ev\u00fdka\u010dka<\/strong> chu\u0165 s hladk\u00fdm povrchem. <strong data-start=\"84\" data-end=\"92\">Slim<\/strong> beztab\u00e1kov\u00e9 s\u00e1\u010dky diskr\u00e9tn\u011b sed\u00ed pod rty a nezanech\u00e1vaj\u00ed skvrny. Ka\u017ed\u00fd s\u00e1\u010dek obsahuje <strong data-start=\"181\" data-end=\"199\">35 mg nikotinu<\/strong>, co\u017e p\u0159in\u00e1\u0161\u00ed intenzivn\u00ed a uspokojiv\u00fd z\u00e1sah. Vyrobeno spole\u010dnost\u00ed Neoptolem v Polsku.<\/p>","protected":false},"featured_media":8089,"comment_status":"open","ping_status":"closed","template":"","format":[206],"meta":{"_acf_changed":false},"product_brand":[],"product_cat":[50],"product_tag":[16603],"flavours":[196],"nicotine":[226,233],"class_list":{"0":"post-8088","1":"product","2":"type-product","3":"status-publish","4":"has-post-thumbnail","6":"product_cat-iceberg","7":"product_tag-35-mg-pouch","8":"pa_quantity-1-pack","9":"pa_quantity-10-pack","10":"pa_quantity-3-pack","11":"pa_quantity-30-pack","12":"pa_quantity-5-pack","13":"pa_quantity-60-pack","14":"flavours-fruits-berries","15":"format-slim","16":"nicotine-50-mg-g","17":"nicotine-extreme","19":"first","20":"outofstock","21":"taxable","22":"shipping-taxable","23":"purchasable","24":"product-type-variable"},"acf":[],"_links":{"self":[{"href":"https:\/\/whitelip.com\/cs\/wp-json\/wp\/v2\/product\/8088","targetHints":{"allow":["GET"]}}],"collection":[{"href":"https:\/\/whitelip.com\/cs\/wp-json\/wp\/v2\/product"}],"about":[{"href":"https:\/\/whitelip.com\/cs\/wp-json\/wp\/v2\/types\/product"}],"replies":[{"embeddable":true,"href":"https:\/\/whitelip.com\/cs\/wp-json\/wp\/v2\/comments?post=8088"}],"wp:featuredmedia":[{"embeddable":true,"href":"https:\/\/whitelip.com\/cs\/wp-json\/wp\/v2\/media\/8089"}],"wp:attachment":[{"href":"https:\/\/whitelip.com\/cs\/wp-json\/wp\/v2\/media?parent=8088"}],"wp:term":[{"taxonomy":"product_brand","embeddable":true,"href":"https:\/\/whitelip.com\/cs\/wp-json\/wp\/v2\/product_brand?post=8088"},{"taxonomy":"product_cat","embeddable":true,"href":"https:\/\/whitelip.com\/cs\/wp-json\/wp\/v2\/product_cat?post=8088"},{"taxonomy":"product_tag","embeddable":true,"href":"https:\/\/whitelip.com\/cs\/wp-json\/wp\/v2\/product_tag?post=8088"},{"taxonomy":"flavours","embeddable":true,"href":"https:\/\/whitelip.com\/cs\/wp-json\/wp\/v2\/flavours?post=8088"},{"taxonomy":"format","embeddable":true,"href":"https:\/\/whitelip.com\/cs\/wp-json\/wp\/v2\/format?post=8088"},{"taxonomy":"nicotine","embeddable":true,"href":"https:\/\/whitelip.com\/cs\/wp-json\/wp\/v2\/nicotine?post=8088"}],"curies":[{"name":"wp","href":"https:\/\/api.w.org\/{rel}","templated":true}]}}