{"id":8086,"date":"2024-11-28T12:37:16","date_gmt":"2024-11-28T12:37:16","guid":{"rendered":"https:\/\/whitelip.com\/iceberg-strawberry-banana-gum-extreme\/"},"modified":"2026-04-21T10:11:23","modified_gmt":"2026-04-21T10:11:23","slug":"iceberg-strawberry-banana-gum-extreme","status":"publish","type":"product","link":"https:\/\/whitelip.com\/cs\/iceberg\/iceberg-strawberry-banana-gum-extreme\/","title":{"rendered":"ICEBERG Strawberry Banana Gum Extreme"},"content":{"rendered":"<h2><b>ICEBERG Strawberry Banana Gum Extreme<\/b><\/h2>\n<p><span style=\"font-weight: 400;\">Nikotinov\u00e9 s\u00e1\u010dky ICEBERG Strawberry Banana Gum Extreme obsahuj\u00ed lahodnou sm\u011bs sladk\u00e9 jahodov\u00e9 a kr\u00e9mov\u00e9 ban\u00e1nov\u00e9 p\u0159\u00edchut\u011b, dopln\u011bnou jemnou \u017ev\u00fdka\u010dkovou p\u0159\u00edchut\u00ed. Tyto beztab\u00e1kov\u00e9 s\u00e1\u010dky jsou ur\u010deny pro zku\u0161en\u00e9 u\u017eivatele a poskytuj\u00ed siln\u00fd nikotinov\u00fd z\u00e1sah s jedine\u010dn\u00fdm ovocn\u00fdm chu\u0165ov\u00fdm profilem. Tenk\u00fd form\u00e1t zaji\u0161\u0165uje diskr\u00e9tn\u00ed a bezprobl\u00e9mov\u00e9 pou\u017e\u00edv\u00e1n\u00ed, kter\u00e9 v\u00e1m umo\u017en\u00ed vychutnat si chu\u0165ov\u011b v\u00fdrazn\u00fd a povzbuzuj\u00edc\u00ed z\u00e1\u017eitek kdykoli a kdekoli. ICEBERG Strawberry Banana Gum Extreme je ide\u00e1ln\u00ed volbou pro ty, kte\u0159\u00ed hledaj\u00ed tropick\u00fd n\u00e1dech nikotinu.<\/span><\/p>\n<table>\n<tbody>\n<tr>\n<td><b>Atribut<\/b><\/td>\n<td><b>Podrobnosti na<\/b><\/td>\n<\/tr>\n<tr>\n<td><span style=\"font-weight: 400;\">Obsah na plechovku<\/span><\/td>\n<td><span style=\"font-weight: 400;\">12 g (20 s\u00e1\u010dk\u016f)<\/span><\/td>\n<\/tr>\n<tr>\n<td><span style=\"font-weight: 400;\">Obsah nikotinu<\/span><\/td>\n<td><span style=\"font-weight: 400;\">50 mg\/g (35 mg na s\u00e1\u010dek)<\/span><\/td>\n<\/tr>\n<tr>\n<td><span style=\"font-weight: 400;\">Form\u00e1t pouzdra<\/span><\/td>\n<td><span style=\"font-weight: 400;\">Slim<\/span><\/td>\n<\/tr>\n<tr>\n<td><span style=\"font-weight: 400;\">V\u00fdrobce<\/span><\/td>\n<td><span style=\"font-weight: 400;\">ICEBERG<\/span><\/td>\n<\/tr>\n<tr>\n<td><span style=\"font-weight: 400;\">P\u0159\u00edchu\u0165<\/span><\/td>\n<td><span style=\"font-weight: 400;\">\u017dv\u00fdka\u010dka Strawberry Banana Gum<\/span><\/td>\n<\/tr>\n<tr>\n<td><span style=\"font-weight: 400;\">Typ<\/span><\/td>\n<td><span style=\"font-weight: 400;\">Celob\u00edl\u00fd s\u00e1\u010dek, bez tab\u00e1ku<\/span><\/td>\n<\/tr>\n<\/tbody>\n<\/table>\n<p>\u00a0<\/p>","protected":false},"excerpt":{"rendered":"<p>\u017dv\u00fdka\u010dky ICEBERG Strawberry Banana Gum nab\u00edzej\u00ed sladkou, kr\u00e9movou chu\u0165. <strong data-start=\"53\" data-end=\"78\">jahodov\u00e1 ban\u00e1nov\u00e1 \u017ev\u00fdka\u010dka<\/strong> profil. <strong data-start=\"88\" data-end=\"96\">Slim<\/strong> beztab\u00e1kov\u00e9 s\u00e1\u010dky diskr\u00e9tn\u011b sed\u00ed pod rty a nezanech\u00e1vaj\u00ed skvrny. Ka\u017ed\u00fd s\u00e1\u010dek obsahuje <strong data-start=\"185\" data-end=\"203\">35 mg nikotinu<\/strong>, kter\u00fd p\u0159in\u00e1\u0161\u00ed siln\u00fd a uspokojiv\u00fd \u00fader. Vyrobeno spole\u010dnost\u00ed Neoptolem v Polsku.<\/p>","protected":false},"featured_media":8087,"comment_status":"open","ping_status":"closed","template":"","format":[206],"meta":{"_acf_changed":false},"product_brand":[],"product_cat":[50],"product_tag":[16603],"flavours":[196],"nicotine":[226,233],"class_list":{"0":"post-8086","1":"product","2":"type-product","3":"status-publish","4":"has-post-thumbnail","6":"product_cat-iceberg","7":"product_tag-35-mg-pouch","8":"pa_quantity-1-pack","9":"pa_quantity-10-pack","10":"pa_quantity-3-pack","11":"pa_quantity-30-pack","12":"pa_quantity-5-pack","13":"pa_quantity-60-pack","14":"flavours-fruits-berries","15":"format-slim","16":"nicotine-50-mg-g","17":"nicotine-extreme","19":"first","20":"instock","21":"taxable","22":"shipping-taxable","23":"purchasable","24":"product-type-variable"},"acf":[],"_links":{"self":[{"href":"https:\/\/whitelip.com\/cs\/wp-json\/wp\/v2\/product\/8086","targetHints":{"allow":["GET"]}}],"collection":[{"href":"https:\/\/whitelip.com\/cs\/wp-json\/wp\/v2\/product"}],"about":[{"href":"https:\/\/whitelip.com\/cs\/wp-json\/wp\/v2\/types\/product"}],"replies":[{"embeddable":true,"href":"https:\/\/whitelip.com\/cs\/wp-json\/wp\/v2\/comments?post=8086"}],"wp:featuredmedia":[{"embeddable":true,"href":"https:\/\/whitelip.com\/cs\/wp-json\/wp\/v2\/media\/8087"}],"wp:attachment":[{"href":"https:\/\/whitelip.com\/cs\/wp-json\/wp\/v2\/media?parent=8086"}],"wp:term":[{"taxonomy":"product_brand","embeddable":true,"href":"https:\/\/whitelip.com\/cs\/wp-json\/wp\/v2\/product_brand?post=8086"},{"taxonomy":"product_cat","embeddable":true,"href":"https:\/\/whitelip.com\/cs\/wp-json\/wp\/v2\/product_cat?post=8086"},{"taxonomy":"product_tag","embeddable":true,"href":"https:\/\/whitelip.com\/cs\/wp-json\/wp\/v2\/product_tag?post=8086"},{"taxonomy":"flavours","embeddable":true,"href":"https:\/\/whitelip.com\/cs\/wp-json\/wp\/v2\/flavours?post=8086"},{"taxonomy":"format","embeddable":true,"href":"https:\/\/whitelip.com\/cs\/wp-json\/wp\/v2\/format?post=8086"},{"taxonomy":"nicotine","embeddable":true,"href":"https:\/\/whitelip.com\/cs\/wp-json\/wp\/v2\/nicotine?post=8086"}],"curies":[{"name":"wp","href":"https:\/\/api.w.org\/{rel}","templated":true}]}}