{"id":8082,"date":"2024-11-28T12:36:54","date_gmt":"2024-11-28T12:36:54","guid":{"rendered":"https:\/\/whitelip.com\/siberia-80-all-white-mini\/"},"modified":"2026-04-29T10:11:31","modified_gmt":"2026-04-29T10:11:31","slug":"siberia-80-all-white-mini","status":"publish","type":"product","link":"https:\/\/whitelip.com\/cs\/siberia\/siberia-80-all-white-mini\/","title":{"rendered":"Siberia -80 All White Mini"},"content":{"rendered":"<h2><b>Siberia -80 All White Mini<\/b><\/h2>\n<p><span style=\"font-weight: 400;\">Siberia -80 All White Mini je jedn\u00edm z nejsiln\u011bj\u0161\u00edch nikotinov\u00fdch s\u00e1\u010dk\u016f na trhu, ur\u010den\u00fd pro zku\u0161en\u00e9 u\u017eivatele hledaj\u00edc\u00ed intenzivn\u00ed z\u00e1\u017eitek z nikotinu. S osv\u011b\u017euj\u00edc\u00ed mentolovou chut\u00ed, kter\u00e1 kombinuje ledov\u00fd menthol a p\u0159\u00edrodn\u00ed pepermint, tyto diskr\u00e9tn\u00ed miniaturn\u00ed porce poskytuj\u00ed siln\u00fd a uspokojiv\u00fd \u00fa\u010dinek. Kompaktn\u00ed velikost je usnad\u0148uje pou\u017eit\u00ed na cest\u00e1ch, zat\u00edmco odv\u00e1\u017en\u00fd profil chuti zaji\u0161\u0165uje \u010derstv\u00fd a povzbuzuj\u00edc\u00ed pocit s ka\u017ed\u00fdm s\u00e1\u010dkem. Siberia -80 All White Mini je navr\u017eena pro ty, kte\u0159\u00ed vy\u017eaduj\u00ed jak s\u00edlu, tak osv\u011b\u017euj\u00edc\u00ed \u00fa\u010dinek v diskr\u00e9tn\u00edm form\u00e1tu.<\/span><\/p>\n<table>\n<tbody>\n<tr>\n<td><b>Atribut<\/b><\/td>\n<td><b>Podrobnosti na<\/b><\/td>\n<\/tr>\n<tr>\n<td><span style=\"font-weight: 400;\">Zna\u010dka<\/span><\/td>\n<td><span style=\"font-weight: 400;\">Sibi\u0159<\/span><\/td>\n<\/tr>\n<tr>\n<td><span style=\"font-weight: 400;\">Typ v\u00fdrobku<\/span><\/td>\n<td><span style=\"font-weight: 400;\">V\u0161echny b\u00edl\u00e9 nikotinov\u00e9 s\u00e1\u010dky<\/span><\/td>\n<\/tr>\n<tr>\n<td><span style=\"font-weight: 400;\">Form\u00e1t<\/span><\/td>\n<td><span style=\"font-weight: 400;\">Mini<\/span><\/td>\n<\/tr>\n<tr>\n<td><span style=\"font-weight: 400;\">P\u0159\u00edchu\u0165<\/span><\/td>\n<td><span style=\"font-weight: 400;\">M\u00e1ta (ledov\u00fd mentol a p\u0159\u00edrodn\u00ed m\u00e1ta peprn\u00e1)<\/span><\/td>\n<\/tr>\n<tr>\n<td><span style=\"font-weight: 400;\">S\u00edla nikotinu<\/span><\/td>\n<td><span style=\"font-weight: 400;\">33 mg\/g<\/span><\/td>\n<\/tr>\n<tr>\n<td><span style=\"font-weight: 400;\">Hmotnost porce<\/span><\/td>\n<td><span style=\"font-weight: 400;\">0,56 gram\u016f<\/span><\/td>\n<\/tr>\n<tr>\n<td><span style=\"font-weight: 400;\">Po\u010det porc\u00ed<\/span><\/td>\n<td><span style=\"font-weight: 400;\">20 za plechovku<\/span><\/td>\n<\/tr>\n<tr>\n<td><span style=\"font-weight: 400;\">V\u00fdrobce<\/span><\/td>\n<td><span style=\"font-weight: 400;\">SIBERIA<\/span><\/td>\n<\/tr>\n<tr>\n<td><span style=\"font-weight: 400;\">Pozoruhodn\u00e9 funkce<\/span><\/td>\n<td><span style=\"font-weight: 400;\">Bez tab\u00e1ku, diskr\u00e9tn\u00ed mini porce, vlhk\u00fd obsah pro rychl\u00e9 uvoln\u011bn\u00ed<\/span><\/td>\n<\/tr>\n<\/tbody>\n<\/table>","protected":false},"excerpt":{"rendered":"<p>Siberia -80 All White Mini nikotinov\u00e9 s\u00e1\u010dky poskytuj\u00ed siln\u00fd <strong data-start=\"63\" data-end=\"94\">M\u00e1ta (mentol a m\u00e1ta peprn\u00e1)<\/strong> v kompaktn\u00edm, diskr\u00e9tn\u00edm form\u00e1tu pro sv\u011b\u017e\u00ed a osv\u011b\u017euj\u00edc\u00ed chu\u0165 na cest\u00e1ch. Porce bez tab\u00e1ku se pohodln\u011b vejdou pod rty pro \u010dist\u00e9 a siln\u00e9 uvoln\u011bn\u00ed.<\/p>","protected":false},"featured_media":8083,"comment_status":"open","ping_status":"closed","template":"","format":[205],"meta":{"_acf_changed":false},"product_brand":[],"product_cat":[61],"product_tag":[17001],"flavours":[199],"nicotine":[222,233],"class_list":{"0":"post-8082","1":"product","2":"type-product","3":"status-publish","4":"has-post-thumbnail","6":"product_cat-siberia","7":"product_tag-21-5-mg-pouch","8":"pa_quantity-1-pack","9":"pa_quantity-10-pack","10":"pa_quantity-3-pack","11":"pa_quantity-30-pack","12":"pa_quantity-5-pack","13":"pa_quantity-60-pack","14":"flavours-mint","15":"format-mini","16":"nicotine-33-mg-g","17":"nicotine-extreme","19":"first","20":"outofstock","21":"taxable","22":"shipping-taxable","23":"purchasable","24":"product-type-variable"},"acf":[],"_links":{"self":[{"href":"https:\/\/whitelip.com\/cs\/wp-json\/wp\/v2\/product\/8082","targetHints":{"allow":["GET"]}}],"collection":[{"href":"https:\/\/whitelip.com\/cs\/wp-json\/wp\/v2\/product"}],"about":[{"href":"https:\/\/whitelip.com\/cs\/wp-json\/wp\/v2\/types\/product"}],"replies":[{"embeddable":true,"href":"https:\/\/whitelip.com\/cs\/wp-json\/wp\/v2\/comments?post=8082"}],"wp:featuredmedia":[{"embeddable":true,"href":"https:\/\/whitelip.com\/cs\/wp-json\/wp\/v2\/media\/8083"}],"wp:attachment":[{"href":"https:\/\/whitelip.com\/cs\/wp-json\/wp\/v2\/media?parent=8082"}],"wp:term":[{"taxonomy":"product_brand","embeddable":true,"href":"https:\/\/whitelip.com\/cs\/wp-json\/wp\/v2\/product_brand?post=8082"},{"taxonomy":"product_cat","embeddable":true,"href":"https:\/\/whitelip.com\/cs\/wp-json\/wp\/v2\/product_cat?post=8082"},{"taxonomy":"product_tag","embeddable":true,"href":"https:\/\/whitelip.com\/cs\/wp-json\/wp\/v2\/product_tag?post=8082"},{"taxonomy":"flavours","embeddable":true,"href":"https:\/\/whitelip.com\/cs\/wp-json\/wp\/v2\/flavours?post=8082"},{"taxonomy":"format","embeddable":true,"href":"https:\/\/whitelip.com\/cs\/wp-json\/wp\/v2\/format?post=8082"},{"taxonomy":"nicotine","embeddable":true,"href":"https:\/\/whitelip.com\/cs\/wp-json\/wp\/v2\/nicotine?post=8082"}],"curies":[{"name":"wp","href":"https:\/\/api.w.org\/{rel}","templated":true}]}}