{"id":8080,"date":"2024-11-28T12:36:53","date_gmt":"2024-11-28T12:36:53","guid":{"rendered":"https:\/\/whitelip.com\/lundgrens-fjallskog\/"},"modified":"2026-05-06T10:11:35","modified_gmt":"2026-05-06T10:11:35","slug":"lundgrens-fjallskog","status":"publish","type":"product","link":"https:\/\/whitelip.com\/cs\/lundgrens\/lundgrens-fjallskog\/","title":{"rendered":"LUNDGRENS Fj\u00e4llskog"},"content":{"rendered":"<h2><b>LUNDGRENS Fj\u00e4llskog<\/b><\/h2>\n<p><span style=\"font-weight: 400;\">Nikotinov\u00e9 s\u00e1\u010dky LUNDGRENS Fj\u00e4llskog o\u017eivuj\u00ed esenci \u0161v\u00e9dsk\u00e9 divo\u010diny a nab\u00edzej\u00ed chu\u0165ov\u00fd profil inspirovan\u00fd horsk\u00fdmi lesy s n\u00e1dechem borovice a \u010derstv\u00fdch bylin. Tyto tenk\u00e9, zcela b\u00edl\u00e9 s\u00e1\u010dky poskytuj\u00ed diskr\u00e9tn\u00ed a pohodln\u00e9 ulo\u017een\u00ed pod rty a zaji\u0161\u0165uj\u00ed \u010dist\u00e9 a dlouhotrvaj\u00edc\u00ed uvol\u0148ov\u00e1n\u00ed chuti a nikotinu. LUNDGRENS Fj\u00e4llskog je ide\u00e1ln\u00ed pro ty, kte\u0159\u00ed maj\u00ed r\u00e1di p\u0159\u00edchut\u011b inspirovan\u00e9 p\u0159\u00edrodou, a p\u0159in\u00e1\u0161\u00ed vyv\u00e1\u017een\u00fd nikotinov\u00fd z\u00e1\u017eitek bez zabarven\u00ed zub\u016f.<\/span><\/p>\n<table>\n<tbody>\n<tr>\n<td><b>Atribut<\/b><\/td>\n<td><b>Podrobnosti na<\/b><\/td>\n<\/tr>\n<tr>\n<td><span style=\"font-weight: 400;\">Obsah na plechovku<\/span><\/td>\n<td><span style=\"font-weight: 400;\">21.6g<\/span><\/td>\n<\/tr>\n<tr>\n<td><span style=\"font-weight: 400;\">Obsah nikotinu<\/span><\/td>\n<td><span style=\"font-weight: 400;\">10 mg\/g (8 mg na s\u00e1\u010dek)<\/span><\/td>\n<\/tr>\n<tr>\n<td><span style=\"font-weight: 400;\">Form\u00e1t pouzdra<\/span><\/td>\n<td><span style=\"font-weight: 400;\">Slim<\/span><\/td>\n<\/tr>\n<tr>\n<td><span style=\"font-weight: 400;\">V\u00fdrobce<\/span><\/td>\n<td><span style=\"font-weight: 400;\">Fiedler &amp; Lundgren<\/span><\/td>\n<\/tr>\n<tr>\n<td><span style=\"font-weight: 400;\">P\u0159\u00edchu\u0165<\/span><\/td>\n<td><span style=\"font-weight: 400;\">Borovice a \u010derstv\u00e9 bylinky<\/span><\/td>\n<\/tr>\n<tr>\n<td><span style=\"font-weight: 400;\">Typ<\/span><\/td>\n<td><span style=\"font-weight: 400;\">Celob\u00edl\u00fd s\u00e1\u010dek, bez tab\u00e1ku<\/span><\/td>\n<\/tr>\n<\/tbody>\n<\/table>","protected":false},"excerpt":{"rendered":"<p>Lundgrens Fj\u00e4llskog <strong data-start=\"20\" data-end=\"78\">borovice a \u010derstv\u00e9 bylinky <\/strong>t\u00f3ny inspirovan\u00e9 horsk\u00fdmi lesy p\u0159in\u00e1\u0161ej\u00ed osv\u011b\u017euj\u00edc\u00ed profil inspirovan\u00fd p\u0159\u00edrodou. <strong>Slim<\/strong>, celob\u00edl\u00e9 s\u00e1\u010dky diskr\u00e9tn\u011b sed\u00ed pod rty a zaji\u0161\u0165uj\u00ed \u010dist\u00e9 a dlouhotrvaj\u00edc\u00ed uvol\u0148ov\u00e1n\u00ed chuti a nikotinu, \u010d\u00edm\u017e poskytuj\u00ed vyv\u00e1\u017een\u00fd z\u00e1\u017eitek bez zabarven\u00ed zub\u016f.<\/p>","protected":false},"featured_media":2939,"comment_status":"open","ping_status":"closed","template":"","format":[204],"meta":{"_acf_changed":false},"product_brand":[],"product_cat":[59],"product_tag":[16583],"flavours":[196,198],"nicotine":[207,236],"class_list":{"0":"post-8080","1":"product","2":"type-product","3":"status-publish","4":"has-post-thumbnail","6":"product_cat-lundgrens","7":"product_tag-8-mg-pouch","8":"pa_quantity-1-pack","9":"pa_quantity-10-pack","10":"pa_quantity-3-pack","11":"pa_quantity-30-pack","12":"pa_quantity-5-pack","13":"pa_quantity-60-pack","14":"flavours-fruits-berries","15":"flavours-licorice","16":"format-large","17":"nicotine-10-mg-g","18":"nicotine-strong","20":"first","21":"outofstock","22":"taxable","23":"shipping-taxable","24":"purchasable","25":"product-type-variable"},"acf":[],"_links":{"self":[{"href":"https:\/\/whitelip.com\/cs\/wp-json\/wp\/v2\/product\/8080","targetHints":{"allow":["GET"]}}],"collection":[{"href":"https:\/\/whitelip.com\/cs\/wp-json\/wp\/v2\/product"}],"about":[{"href":"https:\/\/whitelip.com\/cs\/wp-json\/wp\/v2\/types\/product"}],"replies":[{"embeddable":true,"href":"https:\/\/whitelip.com\/cs\/wp-json\/wp\/v2\/comments?post=8080"}],"wp:featuredmedia":[{"embeddable":true,"href":"https:\/\/whitelip.com\/cs\/wp-json\/wp\/v2\/media\/2939"}],"wp:attachment":[{"href":"https:\/\/whitelip.com\/cs\/wp-json\/wp\/v2\/media?parent=8080"}],"wp:term":[{"taxonomy":"product_brand","embeddable":true,"href":"https:\/\/whitelip.com\/cs\/wp-json\/wp\/v2\/product_brand?post=8080"},{"taxonomy":"product_cat","embeddable":true,"href":"https:\/\/whitelip.com\/cs\/wp-json\/wp\/v2\/product_cat?post=8080"},{"taxonomy":"product_tag","embeddable":true,"href":"https:\/\/whitelip.com\/cs\/wp-json\/wp\/v2\/product_tag?post=8080"},{"taxonomy":"flavours","embeddable":true,"href":"https:\/\/whitelip.com\/cs\/wp-json\/wp\/v2\/flavours?post=8080"},{"taxonomy":"format","embeddable":true,"href":"https:\/\/whitelip.com\/cs\/wp-json\/wp\/v2\/format?post=8080"},{"taxonomy":"nicotine","embeddable":true,"href":"https:\/\/whitelip.com\/cs\/wp-json\/wp\/v2\/nicotine?post=8080"}],"curies":[{"name":"wp","href":"https:\/\/api.w.org\/{rel}","templated":true}]}}