{"id":8058,"date":"2024-12-20T19:39:04","date_gmt":"2024-12-20T19:39:04","guid":{"rendered":"https:\/\/whitelip.com\/velo-freezing-peppermint-ultra\/"},"modified":"2026-04-15T23:51:18","modified_gmt":"2026-04-15T23:51:18","slug":"velo-freezing-peppermint-ultra","status":"publish","type":"product","link":"https:\/\/whitelip.com\/cs\/velo\/velo-freezing-peppermint-ultra\/","title":{"rendered":"VELO Mrazen\u00ed Peppermint Ultra"},"content":{"rendered":"<h2><strong>VELO Mrazen\u00ed Peppermint Ultra<\/strong><\/h2>\n<p><span style=\"font-weight: 400;\">VELO Freezing Peppermint Ultra p\u0159in\u00e1\u0161\u00ed intenzivn\u00ed a osv\u011b\u017euj\u00edc\u00ed z\u00e1\u017eitek z m\u00e1ty peprn\u00e9, kter\u00e1 kombinuje chladivost m\u00e1ty peprn\u00e9 s n\u00e1dechem mentolu. Tyto tenk\u00e9, zcela b\u00edl\u00e9 nikotinov\u00e9 s\u00e1\u010dky jsou navr\u017eeny pro diskr\u00e9tn\u00ed a pohodln\u00e9 pou\u017e\u00edv\u00e1n\u00ed, hladce se vejdou pod rty, ani\u017e by byly n\u00e1padn\u00e9. Vysok\u00e1 s\u00edla nikotinu 14 mg v jednom s\u00e1\u010dku zaji\u0161\u0165uje siln\u00fd a uspokojiv\u00fd z\u00e1\u017eitek pro ty, kte\u0159\u00ed hledaj\u00ed siln\u011bj\u0161\u00ed nikotinov\u00fd n\u00e1boj. Bez tab\u00e1ku a s vyu\u017eit\u00edm vysoce kvalitn\u00edch rostlinn\u00fdch vl\u00e1ken nab\u00edz\u00ed VELO Freezing Peppermint Ultra \u010distou a p\u0159\u00edjemnou alternativu k tradi\u010dn\u00edm v\u00fdrobk\u016fm.<\/span><\/p>\n<table>\n<tbody>\n<tr>\n<td><b>Atribut<\/b><\/td>\n<td><b>Podrobnosti na<\/b><\/td>\n<\/tr>\n<tr>\n<td><span style=\"font-weight: 400;\">Zna\u010dka<\/span><\/td>\n<td><span style=\"font-weight: 400;\">VELO<\/span><\/td>\n<\/tr>\n<tr>\n<td><span style=\"font-weight: 400;\">Typ v\u00fdrobku<\/span><\/td>\n<td><span style=\"font-weight: 400;\">V\u0161echny b\u00edl\u00e9 nikotinov\u00e9 s\u00e1\u010dky<\/span><\/td>\n<\/tr>\n<tr>\n<td><span style=\"font-weight: 400;\">Form\u00e1t<\/span><\/td>\n<td><span style=\"font-weight: 400;\">Slim<\/span><\/td>\n<\/tr>\n<tr>\n<td><span style=\"font-weight: 400;\">P\u0159\u00edchu\u0165<\/span><\/td>\n<td><span style=\"font-weight: 400;\">M\u00e1ta peprn\u00e1 s n\u00e1dechem mentolu<\/span><\/td>\n<\/tr>\n<tr>\n<td><span style=\"font-weight: 400;\">S\u00edla nikotinu<\/span><\/td>\n<td><span style=\"font-weight: 400;\">14 mg na s\u00e1\u010dek (20 mg\/g)<\/span><\/td>\n<\/tr>\n<tr>\n<td><span style=\"font-weight: 400;\">Hmotnost porce<\/span><\/td>\n<td><span style=\"font-weight: 400;\">0,7 gramu<\/span><\/td>\n<\/tr>\n<tr>\n<td><span style=\"font-weight: 400;\">Po\u010det porc\u00ed<\/span><\/td>\n<td><span style=\"font-weight: 400;\">20 za plechovku<\/span><\/td>\n<\/tr>\n<tr>\n<td><span style=\"font-weight: 400;\">Celkov\u00e1 hmotnost plechovky<\/span><\/td>\n<td><span style=\"font-weight: 400;\">14 gram\u016f<\/span><\/td>\n<\/tr>\n<tr>\n<td><span style=\"font-weight: 400;\">V\u00fdrobce<\/span><\/td>\n<td><span style=\"font-weight: 400;\">BAT<\/span><\/td>\n<\/tr>\n<tr>\n<td><span style=\"font-weight: 400;\">Pozoruhodn\u00e9 funkce<\/span><\/td>\n<td><span style=\"font-weight: 400;\">Bez tab\u00e1ku, diskr\u00e9tn\u00ed tenk\u00e9 porce, vysok\u00e1 hladina nikotinu<\/span><\/td>\n<\/tr>\n<\/tbody>\n<\/table>","protected":false},"excerpt":{"rendered":"<p>VELO Mraziv\u00e9 s\u00e1\u010dky Peppermint Ultra p\u0159in\u00e1\u0161ej\u00ed intenzivn\u00ed nikotinovou chu\u0165 <strong data-start=\"67\" data-end=\"89\">M\u00e1ta peprn\u00e1 mentolov\u00e1<\/strong> aroma pro chladiv\u00fd, osv\u011b\u017euj\u00edc\u00ed z\u00e1\u017eitek. <strong data-start=\"134\" data-end=\"142\">Slim<\/strong>, zcela b\u00edl\u00fd form\u00e1t pro diskr\u00e9tn\u00ed a pohodln\u00e9 pou\u017e\u00edv\u00e1n\u00ed a \u010dist\u00e9 uvoln\u011bn\u00ed. Ka\u017ed\u00e9 pouzdro obsahuje <strong data-start=\"232\" data-end=\"250\">14 mg nikotinu<\/strong>.<\/p>","protected":false},"featured_media":8059,"comment_status":"open","ping_status":"closed","template":"","format":[206],"meta":{"_acf_changed":false},"product_brand":[],"product_cat":[48],"product_tag":[16581],"flavours":[199],"nicotine":[218,232],"class_list":{"0":"post-8058","1":"product","2":"type-product","3":"status-publish","4":"has-post-thumbnail","6":"product_cat-velo","7":"product_tag-14-mg-pouch","8":"pa_quantity-1-pack","9":"pa_quantity-10-pack","10":"pa_quantity-3-pack","11":"pa_quantity-30-pack","12":"pa_quantity-5-pack","13":"pa_quantity-60-pack","14":"flavours-mint","15":"format-slim","16":"nicotine-20-mg-g","17":"nicotine-extra-strong","19":"first","20":"instock","21":"taxable","22":"shipping-taxable","23":"purchasable","24":"product-type-variable"},"acf":[],"_links":{"self":[{"href":"https:\/\/whitelip.com\/cs\/wp-json\/wp\/v2\/product\/8058","targetHints":{"allow":["GET"]}}],"collection":[{"href":"https:\/\/whitelip.com\/cs\/wp-json\/wp\/v2\/product"}],"about":[{"href":"https:\/\/whitelip.com\/cs\/wp-json\/wp\/v2\/types\/product"}],"replies":[{"embeddable":true,"href":"https:\/\/whitelip.com\/cs\/wp-json\/wp\/v2\/comments?post=8058"}],"wp:featuredmedia":[{"embeddable":true,"href":"https:\/\/whitelip.com\/cs\/wp-json\/wp\/v2\/media\/8059"}],"wp:attachment":[{"href":"https:\/\/whitelip.com\/cs\/wp-json\/wp\/v2\/media?parent=8058"}],"wp:term":[{"taxonomy":"product_brand","embeddable":true,"href":"https:\/\/whitelip.com\/cs\/wp-json\/wp\/v2\/product_brand?post=8058"},{"taxonomy":"product_cat","embeddable":true,"href":"https:\/\/whitelip.com\/cs\/wp-json\/wp\/v2\/product_cat?post=8058"},{"taxonomy":"product_tag","embeddable":true,"href":"https:\/\/whitelip.com\/cs\/wp-json\/wp\/v2\/product_tag?post=8058"},{"taxonomy":"flavours","embeddable":true,"href":"https:\/\/whitelip.com\/cs\/wp-json\/wp\/v2\/flavours?post=8058"},{"taxonomy":"format","embeddable":true,"href":"https:\/\/whitelip.com\/cs\/wp-json\/wp\/v2\/format?post=8058"},{"taxonomy":"nicotine","embeddable":true,"href":"https:\/\/whitelip.com\/cs\/wp-json\/wp\/v2\/nicotine?post=8058"}],"curies":[{"name":"wp","href":"https:\/\/api.w.org\/{rel}","templated":true}]}}