{"id":8056,"date":"2024-11-28T12:36:30","date_gmt":"2024-11-28T12:36:30","guid":{"rendered":"https:\/\/whitelip.com\/helwit-cherry\/"},"modified":"2026-05-09T13:56:37","modified_gmt":"2026-05-09T13:56:37","slug":"helwit-cherry","status":"publish","type":"product","link":"https:\/\/whitelip.com\/cs\/helwit\/helwit-cherry\/","title":{"rendered":"HELWIT Cherry"},"content":{"rendered":"<h2><b>HELWIT Cherry<\/b><\/h2>\n<p><span style=\"font-weight: 400;\">Nikotinov\u00e9 s\u00e1\u010dky HELWIT Cherry nab\u00edzej\u00ed lahodnou sm\u011bs sladk\u00e9 a trpk\u00e9 t\u0159e\u0161\u0148ov\u00e9 p\u0159\u00edchuti, kter\u00e1 poskytuje osv\u011b\u017euj\u00edc\u00ed z\u00e1\u017eitek pro milovn\u00edky ovoce. Ka\u017ed\u00fd s\u00e1\u010dek tenk\u00e9ho form\u00e1tu obsahuje 9 mg nikotinu na gram, co\u017e odpov\u00edd\u00e1 p\u0159ibli\u017en\u011b 4,5 mg na s\u00e1\u010dek, a p\u0159in\u00e1\u0161\u00ed tak vyv\u00e1\u017een\u00fd a uspokojiv\u00fd pocit. S\u00e1\u010dky jsou navr\u017eeny pro diskr\u00e9tn\u00ed pou\u017eit\u00ed bez zabarven\u00ed zub\u016f, tak\u017ee jsou ide\u00e1ln\u00ed pro po\u017eitek na cest\u00e1ch. Tyto s\u00e1\u010dky vyr\u00e1b\u00ed \u0161v\u00e9dsk\u00fd v\u00fdrobce YOIK AB, kter\u00fd je zn\u00e1m\u00fd spojen\u00edm modern\u00edch postup\u016f s tradi\u010dn\u00ed kvalitou, a jsou tak p\u0159\u00edkladem vysok\u00fdch standard\u016f a inovativn\u00edch kombinac\u00ed chut\u00ed.<\/span><\/p>\n<table>\n<tbody>\n<tr>\n<td><b>Atribut<\/b><\/td>\n<td><b>Podrobnosti na<\/b><\/td>\n<\/tr>\n<tr>\n<td><b>Obsah na plechovku<\/b><\/td>\n<td><span style=\"font-weight: 400;\">10 g (20 s\u00e1\u010dk\u016f)<\/span><\/td>\n<\/tr>\n<tr>\n<td><b>Obsah nikotinu<\/b><\/td>\n<td><span style=\"font-weight: 400;\">9 mg\/g (4,5 mg na s\u00e1\u010dek)<\/span><\/td>\n<\/tr>\n<tr>\n<td><b>Form\u00e1t pouzdra<\/b><\/td>\n<td><span style=\"font-weight: 400;\">Slim<\/span><\/td>\n<\/tr>\n<tr>\n<td><b>V\u00fdrobce<\/b><\/td>\n<td><span style=\"font-weight: 400;\">YOIK AB<\/span><\/td>\n<\/tr>\n<tr>\n<td><b>P\u0159\u00edchu\u0165<\/b><\/td>\n<td><span style=\"font-weight: 400;\">Cherry<\/span><\/td>\n<\/tr>\n<tr>\n<td><b>Typ<\/b><\/td>\n<td><span style=\"font-weight: 400;\">Celob\u00edl\u00e9 pouzdro<\/span><\/td>\n<\/tr>\n<\/tbody>\n<\/table>","protected":false},"excerpt":{"rendered":"<p>Sladkokysel\u00fd <strong data-start=\"11\" data-end=\"21\">cherry<\/strong> pro osv\u011b\u017euj\u00edc\u00ed ovocn\u00fd n\u00e1dech. <strong data-start=\"53\" data-end=\"61\">Slim<\/strong>, zcela b\u00edl\u00e9 s\u00e1\u010dky bez tab\u00e1ku se nen\u00e1padn\u011b um\u00edst\u00ed pod rty a nezanech\u00e1vaj\u00ed skvrny na zubech. Ka\u017ed\u00fd s\u00e1\u010dek obsahuje <strong data-start=\"167\" data-end=\"187\">~4,5 mg nikotinu<\/strong> (9 mg\/g), co\u017e p\u0159in\u00e1\u0161\u00ed vyv\u00e1\u017een\u00e9 a uspokojiv\u00e9 uvol\u0148ov\u00e1n\u00ed.<\/p>","protected":false},"featured_media":8057,"comment_status":"open","ping_status":"closed","template":"","format":[206],"meta":{"_acf_changed":false},"product_brand":[],"product_cat":[52],"product_tag":[16595],"flavours":[196],"nicotine":[231,236],"class_list":{"0":"post-8056","1":"product","2":"type-product","3":"status-publish","4":"has-post-thumbnail","6":"product_cat-helwit","7":"product_tag-4-5-mg-pouch","8":"pa_quantity-1-pack","9":"pa_quantity-10-pack","10":"pa_quantity-3-pack","11":"pa_quantity-30-pack","12":"pa_quantity-5-pack","13":"pa_quantity-60-pack","14":"flavours-fruits-berries","15":"format-slim","16":"nicotine-9-mg-g","17":"nicotine-strong","19":"first","20":"instock","21":"taxable","22":"shipping-taxable","23":"purchasable","24":"product-type-variable"},"acf":[],"_links":{"self":[{"href":"https:\/\/whitelip.com\/cs\/wp-json\/wp\/v2\/product\/8056","targetHints":{"allow":["GET"]}}],"collection":[{"href":"https:\/\/whitelip.com\/cs\/wp-json\/wp\/v2\/product"}],"about":[{"href":"https:\/\/whitelip.com\/cs\/wp-json\/wp\/v2\/types\/product"}],"replies":[{"embeddable":true,"href":"https:\/\/whitelip.com\/cs\/wp-json\/wp\/v2\/comments?post=8056"}],"wp:featuredmedia":[{"embeddable":true,"href":"https:\/\/whitelip.com\/cs\/wp-json\/wp\/v2\/media\/8057"}],"wp:attachment":[{"href":"https:\/\/whitelip.com\/cs\/wp-json\/wp\/v2\/media?parent=8056"}],"wp:term":[{"taxonomy":"product_brand","embeddable":true,"href":"https:\/\/whitelip.com\/cs\/wp-json\/wp\/v2\/product_brand?post=8056"},{"taxonomy":"product_cat","embeddable":true,"href":"https:\/\/whitelip.com\/cs\/wp-json\/wp\/v2\/product_cat?post=8056"},{"taxonomy":"product_tag","embeddable":true,"href":"https:\/\/whitelip.com\/cs\/wp-json\/wp\/v2\/product_tag?post=8056"},{"taxonomy":"flavours","embeddable":true,"href":"https:\/\/whitelip.com\/cs\/wp-json\/wp\/v2\/flavours?post=8056"},{"taxonomy":"format","embeddable":true,"href":"https:\/\/whitelip.com\/cs\/wp-json\/wp\/v2\/format?post=8056"},{"taxonomy":"nicotine","embeddable":true,"href":"https:\/\/whitelip.com\/cs\/wp-json\/wp\/v2\/nicotine?post=8056"}],"curies":[{"name":"wp","href":"https:\/\/api.w.org\/{rel}","templated":true}]}}