{"id":8050,"date":"2024-11-28T12:36:29","date_gmt":"2024-11-28T12:36:29","guid":{"rendered":"https:\/\/whitelip.com\/iceberg-bubblegum-extreme\/"},"modified":"2026-05-11T10:11:24","modified_gmt":"2026-05-11T10:11:24","slug":"iceberg-bubblegum-extreme","status":"publish","type":"product","link":"https:\/\/whitelip.com\/cs\/iceberg\/iceberg-bubblegum-extreme\/","title":{"rendered":"ICEBERG Bubblegum Extreme"},"content":{"rendered":"<h2><b>ICEBERG Bubblegum Extreme<\/b><\/h2>\n<p><span style=\"font-weight: 400;\">Nikotinov\u00e9 s\u00e1\u010dky ICEBERG Bubblegum Extreme p\u0159in\u00e1\u0161ej\u00ed nostalgickou a sladkou \u017ev\u00fdka\u010dkovou p\u0159\u00edchu\u0165 v kombinaci se siln\u00fdm nikotinov\u00fdm \u00fa\u010dinkem, co\u017e je vhodn\u00e9 pro zku\u0161en\u00e9 u\u017eivatele. Hrav\u00e1 a uspokojiv\u00e1 chu\u0165 je vyv\u00e1\u017eena siln\u00fdm n\u00e1razem, co\u017e z n\u00ed \u010din\u00ed z\u00e1bavnou a z\u00e1rove\u0148 silnou volbu pro ty, kte\u0159\u00ed maj\u00ed r\u00e1di jedine\u010dn\u00e9 chu\u0165ov\u00e9 profily. Tyto tenk\u00e9 beztab\u00e1kov\u00e9 s\u00e1\u010dky jsou navr\u017eeny pro diskr\u00e9tn\u00ed a pohodln\u00e9 pou\u017eit\u00ed a nab\u00edzej\u00ed chu\u0165ov\u011b v\u00fdrazn\u00fd a nepo\u0159\u00e1dn\u00fd zp\u016fsob, jak si nikotin vychutnat kdekoli.<\/span><\/p>\n<table>\n<tbody>\n<tr>\n<td><b>Atribut<\/b><\/td>\n<td><b>Podrobnosti na<\/b><\/td>\n<\/tr>\n<tr>\n<td><span style=\"font-weight: 400;\">Obsah na plechovku<\/span><\/td>\n<td><span style=\"font-weight: 400;\">12 g (20 s\u00e1\u010dk\u016f)<\/span><\/td>\n<\/tr>\n<tr>\n<td><span style=\"font-weight: 400;\">Obsah nikotinu<\/span><\/td>\n<td><span style=\"font-weight: 400;\">50 mg\/g (35 mg na s\u00e1\u010dek)<\/span><\/td>\n<\/tr>\n<tr>\n<td><span style=\"font-weight: 400;\">Form\u00e1t pouzdra<\/span><\/td>\n<td><span style=\"font-weight: 400;\">Slim<\/span><\/td>\n<\/tr>\n<tr>\n<td><span style=\"font-weight: 400;\">V\u00fdrobce<\/span><\/td>\n<td><span style=\"font-weight: 400;\">ICEBERG<\/span><\/td>\n<\/tr>\n<tr>\n<td><span style=\"font-weight: 400;\">P\u0159\u00edchu\u0165<\/span><\/td>\n<td><span style=\"font-weight: 400;\">\u017dv\u00fdka\u010dka<\/span><\/td>\n<\/tr>\n<tr>\n<td><span style=\"font-weight: 400;\">Typ<\/span><\/td>\n<td><span style=\"font-weight: 400;\">Celob\u00edl\u00fd s\u00e1\u010dek, bez tab\u00e1ku<\/span><\/td>\n<\/tr>\n<\/tbody>\n<\/table>\n<p>\u00a0<\/p>","protected":false},"excerpt":{"rendered":"<p>ICEBERG Bubblegum nab\u00edz\u00ed nostalgickou, sladkou chu\u0165 <strong data-start=\"44\" data-end=\"57\">bubblegum<\/strong> s hrav\u00fdm a uspokojiv\u00fdm profilem. <strong data-start=\"101\" data-end=\"109\">Slim<\/strong> beztab\u00e1kov\u00e9 s\u00e1\u010dky diskr\u00e9tn\u011b sed\u00ed pod rty a nezanech\u00e1vaj\u00ed skvrny. Ka\u017ed\u00fd s\u00e1\u010dek obsahuje <strong data-start=\"198\" data-end=\"216\">35 mg nikotinu<\/strong>, co\u017e p\u0159edstavuje siln\u00fd z\u00e1sah pro zku\u0161en\u00e9 u\u017eivatele. Vyrobeno spole\u010dnost\u00ed Neoptolem v Polsku.<\/p>","protected":false},"featured_media":8051,"comment_status":"open","ping_status":"closed","template":"","format":[206],"meta":{"_acf_changed":false},"product_brand":[],"product_cat":[50],"product_tag":[16603],"flavours":[185],"nicotine":[226,233],"class_list":{"0":"post-8050","1":"product","2":"type-product","3":"status-publish","4":"has-post-thumbnail","6":"product_cat-iceberg","7":"product_tag-35-mg-pouch","8":"pa_quantity-1-pack","9":"pa_quantity-10-pack","10":"pa_quantity-3-pack","11":"pa_quantity-30-pack","12":"pa_quantity-5-pack","13":"pa_quantity-60-pack","14":"flavours-candy","15":"format-slim","16":"nicotine-50-mg-g","17":"nicotine-extreme","19":"first","20":"instock","21":"taxable","22":"shipping-taxable","23":"purchasable","24":"product-type-variable"},"acf":[],"_links":{"self":[{"href":"https:\/\/whitelip.com\/cs\/wp-json\/wp\/v2\/product\/8050","targetHints":{"allow":["GET"]}}],"collection":[{"href":"https:\/\/whitelip.com\/cs\/wp-json\/wp\/v2\/product"}],"about":[{"href":"https:\/\/whitelip.com\/cs\/wp-json\/wp\/v2\/types\/product"}],"replies":[{"embeddable":true,"href":"https:\/\/whitelip.com\/cs\/wp-json\/wp\/v2\/comments?post=8050"}],"wp:featuredmedia":[{"embeddable":true,"href":"https:\/\/whitelip.com\/cs\/wp-json\/wp\/v2\/media\/8051"}],"wp:attachment":[{"href":"https:\/\/whitelip.com\/cs\/wp-json\/wp\/v2\/media?parent=8050"}],"wp:term":[{"taxonomy":"product_brand","embeddable":true,"href":"https:\/\/whitelip.com\/cs\/wp-json\/wp\/v2\/product_brand?post=8050"},{"taxonomy":"product_cat","embeddable":true,"href":"https:\/\/whitelip.com\/cs\/wp-json\/wp\/v2\/product_cat?post=8050"},{"taxonomy":"product_tag","embeddable":true,"href":"https:\/\/whitelip.com\/cs\/wp-json\/wp\/v2\/product_tag?post=8050"},{"taxonomy":"flavours","embeddable":true,"href":"https:\/\/whitelip.com\/cs\/wp-json\/wp\/v2\/flavours?post=8050"},{"taxonomy":"format","embeddable":true,"href":"https:\/\/whitelip.com\/cs\/wp-json\/wp\/v2\/format?post=8050"},{"taxonomy":"nicotine","embeddable":true,"href":"https:\/\/whitelip.com\/cs\/wp-json\/wp\/v2\/nicotine?post=8050"}],"curies":[{"name":"wp","href":"https:\/\/api.w.org\/{rel}","templated":true}]}}