{"id":8042,"date":"2024-11-28T12:36:07","date_gmt":"2024-11-28T12:36:07","guid":{"rendered":"https:\/\/whitelip.com\/iceberg-cherry-apricot-gum-extreme\/"},"modified":"2026-04-15T13:42:24","modified_gmt":"2026-04-15T13:42:24","slug":"iceberg-cherry-apricot-gum-extreme","status":"publish","type":"product","link":"https:\/\/whitelip.com\/cs\/iceberg\/iceberg-cherry-apricot-gum-extreme\/","title":{"rendered":"ICEBERG Cherry Apricot Gum Extreme"},"content":{"rendered":"<h2><b>ICEBERG Cherry Apricot Gum Extreme<\/b><\/h2>\n<p><span style=\"font-weight: 400;\">Nikotinov\u00e9 s\u00e1\u010dky ICEBERG Cherry Apricot Gum Extreme kombinuj\u00ed v\u00fdraznou sladkost t\u0159e\u0161n\u00ed s jemnou p\u0159\u00edchut\u00ed merun\u011bk a jsou zakon\u010deny jemnou \u017ev\u00fdka\u010dkovou p\u0159\u00edchut\u00ed. Tento jedine\u010dn\u00fd chu\u0165ov\u00fd profil nab\u00edz\u00ed n\u00e1dhern\u00fd ovocn\u00fd z\u00e1\u017eitek spojen\u00fd s intenzivn\u00edm nikotinov\u00fdm n\u00e1razem, tak\u017ee je ide\u00e1ln\u00ed pro zku\u0161en\u00e9 u\u017eivatele. Tyto tenk\u00e9 beztab\u00e1kov\u00e9 s\u00e1\u010dky jsou vytvo\u0159eny pro diskr\u00e9tn\u00ed a pohodln\u00e9 pou\u017e\u00edv\u00e1n\u00ed a poskytuj\u00ed chu\u0165ov\u011b v\u00fdraznou a silnou nikotinovou variantu pro ty, kte\u0159\u00ed jsou na cest\u00e1ch.<\/span><\/p>\n<table>\n<tbody>\n<tr>\n<td><b>Atribut<\/b><\/td>\n<td><b>Podrobnosti na<\/b><\/td>\n<\/tr>\n<tr>\n<td><span style=\"font-weight: 400;\">Obsah na plechovku<\/span><\/td>\n<td><span style=\"font-weight: 400;\">12 g (20 s\u00e1\u010dk\u016f)<\/span><\/td>\n<\/tr>\n<tr>\n<td><span style=\"font-weight: 400;\">Obsah nikotinu<\/span><\/td>\n<td><span style=\"font-weight: 400;\">50 mg\/g (35 mg na s\u00e1\u010dek)<\/span><\/td>\n<\/tr>\n<tr>\n<td><span style=\"font-weight: 400;\">Form\u00e1t pouzdra<\/span><\/td>\n<td><span style=\"font-weight: 400;\">Slim<\/span><\/td>\n<\/tr>\n<tr>\n<td><span style=\"font-weight: 400;\">V\u00fdrobce<\/span><\/td>\n<td><span style=\"font-weight: 400;\">ICEBERG<\/span><\/td>\n<\/tr>\n<tr>\n<td><span style=\"font-weight: 400;\">P\u0159\u00edchu\u0165<\/span><\/td>\n<td><span style=\"font-weight: 400;\">T\u0159e\u0161\u0148ov\u00e1 meru\u0148kov\u00e1 \u017ev\u00fdka\u010dka<\/span><\/td>\n<\/tr>\n<tr>\n<td><span style=\"font-weight: 400;\">Typ<\/span><\/td>\n<td><span style=\"font-weight: 400;\">Celob\u00edl\u00fd s\u00e1\u010dek, bez tab\u00e1ku<\/span><\/td>\n<\/tr>\n<\/tbody>\n<\/table>\n<p>\u00a0<\/p>","protected":false},"excerpt":{"rendered":"<p><span style=\"font-weight: 400;\">Nikotinov\u00e9 s\u00e1\u010dky ICEBERG Cherry Apricot Gum Extreme kombinuj\u00ed v\u00fdraznou sladkost t\u0159e\u0161n\u00ed s jemnou p\u0159\u00edchut\u00ed merun\u011bk a jsou zakon\u010deny jemnou \u017ev\u00fdka\u010dkovou p\u0159\u00edchut\u00ed. Tento jedine\u010dn\u00fd chu\u0165ov\u00fd profil nab\u00edz\u00ed n\u00e1dhern\u00fd ovocn\u00fd z\u00e1\u017eitek spojen\u00fd s intenzivn\u00edm nikotinov\u00fdm n\u00e1razem, tak\u017ee je ide\u00e1ln\u00ed pro zku\u0161en\u00e9 u\u017eivatele. Tyto tenk\u00e9 beztab\u00e1kov\u00e9 s\u00e1\u010dky jsou vytvo\u0159eny pro diskr\u00e9tn\u00ed a pohodln\u00e9 pou\u017e\u00edv\u00e1n\u00ed a poskytuj\u00ed chu\u0165ov\u011b v\u00fdraznou a silnou nikotinovou variantu pro ty, kte\u0159\u00ed jsou na cest\u00e1ch.<\/span><\/p>","protected":false},"featured_media":8043,"comment_status":"open","ping_status":"closed","template":"","format":[206],"meta":{"_acf_changed":false},"product_brand":[],"product_cat":[50],"product_tag":[16603],"flavours":[196],"nicotine":[226,233],"class_list":{"0":"post-8042","1":"product","2":"type-product","3":"status-publish","4":"has-post-thumbnail","6":"product_cat-iceberg","7":"product_tag-35-mg-pouch","8":"pa_quantity-1-pack","9":"pa_quantity-10-pack","10":"pa_quantity-3-pack","11":"pa_quantity-30-pack","12":"pa_quantity-5-pack","13":"pa_quantity-60-pack","14":"flavours-fruits-berries","15":"format-slim","16":"nicotine-50-mg-g","17":"nicotine-extreme","19":"first","20":"instock","21":"taxable","22":"shipping-taxable","23":"purchasable","24":"product-type-variable"},"acf":[],"_links":{"self":[{"href":"https:\/\/whitelip.com\/cs\/wp-json\/wp\/v2\/product\/8042","targetHints":{"allow":["GET"]}}],"collection":[{"href":"https:\/\/whitelip.com\/cs\/wp-json\/wp\/v2\/product"}],"about":[{"href":"https:\/\/whitelip.com\/cs\/wp-json\/wp\/v2\/types\/product"}],"replies":[{"embeddable":true,"href":"https:\/\/whitelip.com\/cs\/wp-json\/wp\/v2\/comments?post=8042"}],"wp:featuredmedia":[{"embeddable":true,"href":"https:\/\/whitelip.com\/cs\/wp-json\/wp\/v2\/media\/8043"}],"wp:attachment":[{"href":"https:\/\/whitelip.com\/cs\/wp-json\/wp\/v2\/media?parent=8042"}],"wp:term":[{"taxonomy":"product_brand","embeddable":true,"href":"https:\/\/whitelip.com\/cs\/wp-json\/wp\/v2\/product_brand?post=8042"},{"taxonomy":"product_cat","embeddable":true,"href":"https:\/\/whitelip.com\/cs\/wp-json\/wp\/v2\/product_cat?post=8042"},{"taxonomy":"product_tag","embeddable":true,"href":"https:\/\/whitelip.com\/cs\/wp-json\/wp\/v2\/product_tag?post=8042"},{"taxonomy":"flavours","embeddable":true,"href":"https:\/\/whitelip.com\/cs\/wp-json\/wp\/v2\/flavours?post=8042"},{"taxonomy":"format","embeddable":true,"href":"https:\/\/whitelip.com\/cs\/wp-json\/wp\/v2\/format?post=8042"},{"taxonomy":"nicotine","embeddable":true,"href":"https:\/\/whitelip.com\/cs\/wp-json\/wp\/v2\/nicotine?post=8042"}],"curies":[{"name":"wp","href":"https:\/\/api.w.org\/{rel}","templated":true}]}}