{"id":8013,"date":"2024-11-28T12:35:41","date_gmt":"2024-11-28T12:35:41","guid":{"rendered":"https:\/\/whitelip.com\/zxs-melon-freeze-large\/"},"modified":"2026-05-06T15:36:54","modified_gmt":"2026-05-06T15:36:54","slug":"zxs-melon-freeze-large","status":"publish","type":"product","link":"https:\/\/whitelip.com\/cs\/zxs\/zxs-melon-freeze-large\/","title":{"rendered":"Z!XS Meloun Freeze Large"},"content":{"rendered":"<h2><b>Z!XS Meloun Freeze Large<\/b><\/h2>\n<p><span style=\"font-weight: 400;\">Z!XS Melon Freeze Large kombinuje <\/span><b>sladk\u00e1 a \u0161\u0165avnat\u00e1 chu\u0165 melounu<\/b><span style=\"font-weight: 400;\"> s ostr\u00fdm <\/span><b>mentolov\u00fd twist<\/b><span style=\"font-weight: 400;\">, a p\u0159in\u00e1\u0161\u00ed osv\u011b\u017euj\u00edc\u00ed a povzbuzuj\u00edc\u00ed nikotinov\u00fd z\u00e1\u017eitek. Tato jedine\u010dn\u00e1 kombinace vyva\u017euje ovocnou sladkost s chladiv\u00fdm, ledov\u00fdm pocitem, tak\u017ee je ide\u00e1ln\u00ed pro u\u017eivatele, kte\u0159\u00ed tou\u017e\u00ed po osv\u011b\u017euj\u00edc\u00ed a v\u00fdrazn\u00e9 chuti. Ka\u017ed\u00fd velk\u00fd, zcela b\u00edl\u00fd s\u00e1\u010dek obsahuje <\/span><b>12 mg nikotinu<\/b><span style=\"font-weight: 400;\">, a nab\u00edz\u00ed siln\u00e9 a stabiln\u00ed uvoln\u011bn\u00ed, kter\u00e9 je ide\u00e1ln\u00ed pro zku\u0161en\u00e9 u\u017eivatele.<\/span><\/p>\n<p><span style=\"font-weight: 400;\">Velk\u00fd form\u00e1t zaji\u0161\u0165uje pln\u011bj\u0161\u00ed a uspokojiv\u011bj\u0161\u00ed usazen\u00ed pod rty p\u0159i zachov\u00e1n\u00ed pohodl\u00ed a diskr\u00e9tnosti. Z!XS Melon Freeze Large je vyroben zcela bez tab\u00e1ku a z vysoce kvalitn\u00edch rostlinn\u00fdch materi\u00e1l\u016f a p\u0159edstavuje modern\u00ed a \u010distou nikotinovou alternativu se sv\u011b\u017e\u00edm a ovocn\u00fdm charakterem.<\/span><\/p>\n<table>\n<tbody>\n<tr>\n<td><b>Atribut<\/b><\/td>\n<td><b>Podrobnosti na<\/b><\/td>\n<\/tr>\n<tr>\n<td><b>Zna\u010dka<\/b><\/td>\n<td><span style=\"font-weight: 400;\">Z!XS<\/span><\/td>\n<\/tr>\n<tr>\n<td><b>Typ v\u00fdrobku<\/b><\/td>\n<td><span style=\"font-weight: 400;\">V\u0161echny b\u00edl\u00e9 nikotinov\u00e9 s\u00e1\u010dky<\/span><\/td>\n<\/tr>\n<tr>\n<td><b>Form\u00e1t<\/b><\/td>\n<td><span style=\"font-weight: 400;\">Velk\u00e9<\/span><\/td>\n<\/tr>\n<tr>\n<td><b>P\u0159\u00edchu\u0165<\/b><\/td>\n<td><span style=\"font-weight: 400;\">Meloun a mentol<\/span><\/td>\n<\/tr>\n<tr>\n<td><b>S\u00edla nikotinu<\/b><\/td>\n<td><span style=\"font-weight: 400;\">12 mg na s\u00e1\u010dek<\/span><\/td>\n<\/tr>\n<tr>\n<td><b>Hmotnost porce<\/b><\/td>\n<td><span style=\"font-weight: 400;\">1,0 gram\u016f<\/span><\/td>\n<\/tr>\n<tr>\n<td><b>Po\u010det porc\u00ed<\/b><\/td>\n<td><span style=\"font-weight: 400;\">20 za plechovku<\/span><\/td>\n<\/tr>\n<tr>\n<td><b>Celkov\u00e1 hmotnost plechovky<\/b><\/td>\n<td><span style=\"font-weight: 400;\">20 gram\u016f<\/span><\/td>\n<\/tr>\n<tr>\n<td><b>V\u00fdrobce<\/b><\/td>\n<td><span style=\"font-weight: 400;\">Z!XS International<\/span><\/td>\n<\/tr>\n<tr>\n<td><b>Pozoruhodn\u00e9 funkce<\/b><\/td>\n<td><span style=\"font-weight: 400;\">Beztab\u00e1kov\u00e1, velkoform\u00e1tov\u00e1, sladk\u00e1 melounov\u00e1 p\u0159\u00edchu\u0165 s chladiv\u00fdm mentolov\u00fdm n\u00e1dechem.<\/span><\/td>\n<\/tr>\n<\/tbody>\n<\/table>","protected":false},"excerpt":{"rendered":"<p>Z!XS <strong data-start=\"5\" data-end=\"21\">Zmrazen\u00ed melounu<\/strong> <strong data-start=\"22\" data-end=\"31\">Velk\u00e9<\/strong> kombinuje sladk\u00fd, \u0161\u0165avnat\u00fd meloun se sv\u011b\u017e\u00ed mentolovou p\u0159\u00edchut\u00ed, kter\u00e1 osv\u011b\u017euje a povzbuzuje. Zcela b\u00edl\u00fd <strong data-start=\"141\" data-end=\"150\">Velk\u00e9<\/strong> s\u00e1\u010dky jsou diskr\u00e9tn\u00ed a pohodln\u00e9. Ka\u017ed\u00fd s\u00e1\u010dek obsahuje <strong data-start=\"209\" data-end=\"227\">12 mg nikotinu<\/strong> pro siln\u00e9 a stabiln\u00ed uvoln\u011bn\u00ed.<\/p>","protected":false},"featured_media":8014,"comment_status":"open","ping_status":"closed","template":"","format":[206],"meta":{"_acf_changed":false},"product_brand":[],"product_cat":[39],"product_tag":[16561],"flavours":[196],"nicotine":[213,232],"class_list":{"0":"post-8013","1":"product","2":"type-product","3":"status-publish","4":"has-post-thumbnail","6":"product_cat-zxs","7":"product_tag-12-mg-pouch","8":"pa_quantity-1-pack","9":"pa_quantity-10-pack","10":"pa_quantity-3-pack","11":"pa_quantity-30-pack","12":"pa_quantity-5-pack","13":"pa_quantity-60-pack","14":"flavours-fruits-berries","15":"format-slim","16":"nicotine-16-mg-g","17":"nicotine-extra-strong","19":"first","20":"instock","21":"taxable","22":"shipping-taxable","23":"purchasable","24":"product-type-variable"},"acf":[],"_links":{"self":[{"href":"https:\/\/whitelip.com\/cs\/wp-json\/wp\/v2\/product\/8013","targetHints":{"allow":["GET"]}}],"collection":[{"href":"https:\/\/whitelip.com\/cs\/wp-json\/wp\/v2\/product"}],"about":[{"href":"https:\/\/whitelip.com\/cs\/wp-json\/wp\/v2\/types\/product"}],"replies":[{"embeddable":true,"href":"https:\/\/whitelip.com\/cs\/wp-json\/wp\/v2\/comments?post=8013"}],"wp:featuredmedia":[{"embeddable":true,"href":"https:\/\/whitelip.com\/cs\/wp-json\/wp\/v2\/media\/8014"}],"wp:attachment":[{"href":"https:\/\/whitelip.com\/cs\/wp-json\/wp\/v2\/media?parent=8013"}],"wp:term":[{"taxonomy":"product_brand","embeddable":true,"href":"https:\/\/whitelip.com\/cs\/wp-json\/wp\/v2\/product_brand?post=8013"},{"taxonomy":"product_cat","embeddable":true,"href":"https:\/\/whitelip.com\/cs\/wp-json\/wp\/v2\/product_cat?post=8013"},{"taxonomy":"product_tag","embeddable":true,"href":"https:\/\/whitelip.com\/cs\/wp-json\/wp\/v2\/product_tag?post=8013"},{"taxonomy":"flavours","embeddable":true,"href":"https:\/\/whitelip.com\/cs\/wp-json\/wp\/v2\/flavours?post=8013"},{"taxonomy":"format","embeddable":true,"href":"https:\/\/whitelip.com\/cs\/wp-json\/wp\/v2\/format?post=8013"},{"taxonomy":"nicotine","embeddable":true,"href":"https:\/\/whitelip.com\/cs\/wp-json\/wp\/v2\/nicotine?post=8013"}],"curies":[{"name":"wp","href":"https:\/\/api.w.org\/{rel}","templated":true}]}}