{"id":8001,"date":"2024-11-28T12:35:41","date_gmt":"2024-11-28T12:35:41","guid":{"rendered":"https:\/\/whitelip.com\/77-cola-cherry-medium\/"},"modified":"2026-04-21T10:11:45","modified_gmt":"2026-04-21T10:11:45","slug":"77-cola-cherry-medium","status":"publish","type":"product","link":"https:\/\/whitelip.com\/cs\/77\/77-cola-cherry-medium\/","title":{"rendered":"77 Cola &amp; Cherry Medium"},"content":{"rendered":"<h2><strong>77 Cola &amp; Cherry Medium<\/strong><\/h2>\n<p><span style=\"font-weight: 400;\">77 Cola &amp; Cherry Medium nikotinov\u00fdch s\u00e1\u010dk\u016f nab\u00edz\u00ed jedine\u010dn\u00e9 spojen\u00ed klasick\u00e9 kolov\u00e9 a t\u0159e\u0161\u0148ov\u00e9 p\u0159\u00edchut\u011b, kter\u00e9 p\u0159in\u00e1\u0161\u00ed jedine\u010dn\u00fd chu\u0165ov\u00fd z\u00e1\u017eitek. Ka\u017ed\u00fd tenk\u00fd, celob\u00edl\u00fd s\u00e1\u010dek obsahuje 10,4 mg nikotinu, co\u017e p\u0159in\u00e1\u0161\u00ed siln\u00fd pocit vhodn\u00fd pro zku\u0161en\u00e9 u\u017eivatele. Diskr\u00e9tn\u00ed design zaji\u0161\u0165uje pohodln\u00e9 uchycen\u00ed pod rty, co\u017e umo\u017e\u0148uje u\u017e\u00edv\u00e1n\u00ed kdykoli bez pot\u0159\u00edsn\u011bn\u00ed zub\u016f. Tyto beztab\u00e1kov\u00e9 s\u00e1\u010dky, vyr\u00e1b\u011bn\u00e9 spole\u010dnost\u00ed 77 Group, jsou p\u0159\u00edkladem vysoce kvalitn\u00edch standard\u016f a inovativn\u00edch kombinac\u00ed p\u0159\u00edchut\u00ed.<\/span><\/p>\n<table>\n<tbody>\n<tr>\n<td><b>Atribut<\/b><\/td>\n<td><b>Podrobnosti na<\/b><\/td>\n<\/tr>\n<tr>\n<td><b>Obsah na plechovku<\/b><\/td>\n<td><span style=\"font-weight: 400;\">13 g (20 s\u00e1\u010dk\u016f)<\/span><\/td>\n<\/tr>\n<tr>\n<td><b>Obsah nikotinu<\/b><\/td>\n<td><span style=\"font-weight: 400;\">16 mg\/g (10,4 mg na s\u00e1\u010dek)<\/span><\/td>\n<\/tr>\n<tr>\n<td><b>Form\u00e1t pouzdra<\/b><\/td>\n<td><span style=\"font-weight: 400;\">Slim<\/span><\/td>\n<\/tr>\n<tr>\n<td><b>V\u00fdrobce<\/b><\/td>\n<td><span style=\"font-weight: 400;\">77 Skupina<\/span><\/td>\n<\/tr>\n<tr>\n<td><b>P\u0159\u00edchu\u0165<\/b><\/td>\n<td><span style=\"font-weight: 400;\">Cola a t\u0159e\u0161e\u0148<\/span><\/td>\n<\/tr>\n<tr>\n<td><b>Typ<\/b><\/td>\n<td><span style=\"font-weight: 400;\">Celob\u00edl\u00e9 pouzdro<\/span><\/td>\n<\/tr>\n<\/tbody>\n<\/table>","protected":false},"excerpt":{"rendered":"<p>V\u00fdrazn\u00e9 <strong data-start=\"12\" data-end=\"31\">cola a t\u0159e\u0161e\u0148<\/strong> sm\u011bs s n\u00e1dechem perliv\u00e9 sladkosti pro \u010distou, osv\u011b\u017euj\u00edc\u00ed chu\u0165. Na <strong data-start=\"104\" data-end=\"123\">\u0161t\u00edhl\u00fd,<\/strong> celob\u00edl\u00e9 s\u00e1\u010dky diskr\u00e9tn\u011b a pohodln\u011b sed\u00ed pod rty, tak\u017ee je m\u016f\u017eete kdykoli pou\u017e\u00edt beze skvrn. Ka\u017ed\u00fd s\u00e1\u010dek obsahuje <strong data-start=\"226\" data-end=\"246\">10,4 mg nikotinu<\/strong>, kter\u00e9 p\u0159in\u00e1\u0161ej\u00ed stabiln\u00ed st\u0159edn\u011b siln\u00fd z\u00e1\u017eitek ze skupiny 77.<\/p>","protected":false},"featured_media":8002,"comment_status":"open","ping_status":"closed","template":"","format":[206],"meta":{"_acf_changed":false},"product_brand":[],"product_cat":[23],"product_tag":[16543],"flavours":[193,196],"nicotine":[218,232],"class_list":{"0":"post-8001","1":"product","2":"type-product","3":"status-publish","4":"has-post-thumbnail","6":"product_cat-23","7":"product_tag-10-4-mg-pouch","8":"pa_quantity-1-pack","9":"pa_quantity-10-pack","10":"pa_quantity-3-pack","11":"pa_quantity-30-pack","12":"pa_quantity-5-pack","13":"pa_quantity-60-pack","14":"flavours-cola","15":"flavours-fruits-berries","16":"format-slim","17":"nicotine-20-mg-g","18":"nicotine-extra-strong","20":"first","21":"outofstock","22":"taxable","23":"shipping-taxable","24":"purchasable","25":"product-type-variable"},"acf":[],"_links":{"self":[{"href":"https:\/\/whitelip.com\/cs\/wp-json\/wp\/v2\/product\/8001","targetHints":{"allow":["GET"]}}],"collection":[{"href":"https:\/\/whitelip.com\/cs\/wp-json\/wp\/v2\/product"}],"about":[{"href":"https:\/\/whitelip.com\/cs\/wp-json\/wp\/v2\/types\/product"}],"replies":[{"embeddable":true,"href":"https:\/\/whitelip.com\/cs\/wp-json\/wp\/v2\/comments?post=8001"}],"wp:featuredmedia":[{"embeddable":true,"href":"https:\/\/whitelip.com\/cs\/wp-json\/wp\/v2\/media\/8002"}],"wp:attachment":[{"href":"https:\/\/whitelip.com\/cs\/wp-json\/wp\/v2\/media?parent=8001"}],"wp:term":[{"taxonomy":"product_brand","embeddable":true,"href":"https:\/\/whitelip.com\/cs\/wp-json\/wp\/v2\/product_brand?post=8001"},{"taxonomy":"product_cat","embeddable":true,"href":"https:\/\/whitelip.com\/cs\/wp-json\/wp\/v2\/product_cat?post=8001"},{"taxonomy":"product_tag","embeddable":true,"href":"https:\/\/whitelip.com\/cs\/wp-json\/wp\/v2\/product_tag?post=8001"},{"taxonomy":"flavours","embeddable":true,"href":"https:\/\/whitelip.com\/cs\/wp-json\/wp\/v2\/flavours?post=8001"},{"taxonomy":"format","embeddable":true,"href":"https:\/\/whitelip.com\/cs\/wp-json\/wp\/v2\/format?post=8001"},{"taxonomy":"nicotine","embeddable":true,"href":"https:\/\/whitelip.com\/cs\/wp-json\/wp\/v2\/nicotine?post=8001"}],"curies":[{"name":"wp","href":"https:\/\/api.w.org\/{rel}","templated":true}]}}