{"id":7999,"date":"2024-11-28T12:35:40","date_gmt":"2024-11-28T12:35:40","guid":{"rendered":"https:\/\/whitelip.com\/zyn-peach-3mg\/"},"modified":"2026-04-15T14:11:23","modified_gmt":"2026-04-15T14:11:23","slug":"zyn-peach-3mg","status":"publish","type":"product","link":"https:\/\/whitelip.com\/cs\/zyn\/zyn-peach-3mg\/","title":{"rendered":"ZYN Peach 3mg"},"content":{"rendered":"<h2><strong>ZYN Peach 3mg<\/strong><\/h2>\n<p><span style=\"font-weight: 400;\">ZYN Peach 3mg nab\u00edz\u00ed lahodnou kombinaci broskv\u00ed, zelen\u00fdch hrozn\u016f a ovocn\u00e9ho \u010daje, inspirovanou klasick\u00fdm italsk\u00fdm koktejlem Bellini. Tato sm\u011bs poskytuje sladkou a ovocnou chu\u0165 a p\u0159in\u00e1\u0161\u00ed m\u00edrn\u00fd nikotinov\u00fd z\u00e1\u017eitek.<\/span><\/p>\n<p><span style=\"font-weight: 400;\">Ka\u017ed\u00e9 miniaturn\u00ed, celob\u00edl\u00e9 s\u00e1\u010dek obsahuje 3 mg nikotinu, co\u017e zaji\u0161\u0165uje vyv\u00e1\u017een\u00e9 a plynul\u00e9 uvol\u0148ov\u00e1n\u00ed vhodn\u00e9 pro ty, kte\u0159\u00ed preferuj\u00ed leh\u010d\u00ed nikotinovou variantu. Mini such\u00fd form\u00e1t zaji\u0161\u0165uje diskr\u00e9tn\u00ed a pohodln\u00e9 usazen\u00ed pod ret, co\u017e umo\u017e\u0148uje \u010dist\u00e9 pou\u017eit\u00ed bez skvrn kdykoliv. ZYN Peach 3 mg, vyroben\u00fd v\u00fdhradn\u011b z vysoce kvalitn\u00edch rostlinn\u00fdch materi\u00e1l\u016f, nab\u00edz\u00ed modern\u00ed a p\u0159\u00edjemnou nikotinovou alternativu s jedine\u010dn\u00fdm chu\u0165ov\u00fdm profilem.<\/span><\/p>\n<table>\n<tbody>\n<tr>\n<td><b>Atribut<\/b><\/td>\n<td><b>Podrobnosti na<\/b><\/td>\n<\/tr>\n<tr>\n<td><span style=\"font-weight: 400;\">Zna\u010dka<\/span><\/td>\n<td><span style=\"font-weight: 400;\">ZYN<\/span><\/td>\n<\/tr>\n<tr>\n<td><span style=\"font-weight: 400;\">Typ v\u00fdrobku<\/span><\/td>\n<td><span style=\"font-weight: 400;\">V\u0161echny b\u00edl\u00e9 nikotinov\u00e9 s\u00e1\u010dky<\/span><\/td>\n<\/tr>\n<tr>\n<td><span style=\"font-weight: 400;\">Form\u00e1t<\/span><\/td>\n<td><span style=\"font-weight: 400;\">Mini Dry<\/span><\/td>\n<\/tr>\n<tr>\n<td><span style=\"font-weight: 400;\">P\u0159\u00edchu\u0165<\/span><\/td>\n<td><span style=\"font-weight: 400;\">Broskvov\u00fd, zelen\u00fd hroznov\u00fd a ovocn\u00fd \u010daj<\/span><\/td>\n<\/tr>\n<tr>\n<td><span style=\"font-weight: 400;\">S\u00edla nikotinu<\/span><\/td>\n<td><span style=\"font-weight: 400;\">3 mg na s\u00e1\u010dek<\/span><\/td>\n<\/tr>\n<tr>\n<td><span style=\"font-weight: 400;\">Hmotnost porce<\/span><\/td>\n<td><span style=\"font-weight: 400;\">0,4 gramu<\/span><\/td>\n<\/tr>\n<tr>\n<td><span style=\"font-weight: 400;\">Po\u010det porc\u00ed<\/span><\/td>\n<td><span style=\"font-weight: 400;\">20 za plechovku<\/span><\/td>\n<\/tr>\n<tr>\n<td><span style=\"font-weight: 400;\">Celkov\u00e1 hmotnost plechovky<\/span><\/td>\n<td><span style=\"font-weight: 400;\">8 gram\u016f<\/span><\/td>\n<\/tr>\n<tr>\n<td><span style=\"font-weight: 400;\">V\u00fdrobce<\/span><\/td>\n<td><span style=\"font-weight: 400;\">\u0160v\u00e9dsk\u00e1 z\u00e1palka<\/span><\/td>\n<\/tr>\n<tr>\n<td><span style=\"font-weight: 400;\">Pozoruhodn\u00e9 funkce<\/span><\/td>\n<td><span style=\"font-weight: 400;\">Bez tab\u00e1ku, mini form\u00e1t, ovocn\u00e1 p\u0159\u00edchu\u0165 inspirovan\u00e1 koktejlem Bellini<\/span><\/td>\n<\/tr>\n<\/tbody>\n<\/table>","protected":false},"excerpt":{"rendered":"<p><strong>ZYN Peach 3mg d\u0159\u00edve ZYN Bellini 3mg. B\u011bhem p\u0159echodu se mohou prod\u00e1vat ob\u011b proveden\u00ed.<\/strong><\/p>\n<p>ZYN <strong data-start=\"4\" data-end=\"13\">Peach<\/strong> m\u00eds\u00ed sladkou broskev, zelen\u00e9 hrozny a ovocn\u00fd \u010daj, co\u017e vytv\u00e1\u0159\u00ed ovocn\u00fd profil inspirovan\u00fd Bellini. Ka\u017ed\u00fd s\u00e1\u010dek obsahuje <strong data-start=\"121\" data-end=\"138\">3 mg nikotinu<\/strong> pro jemn\u00e9 a m\u00edrn\u00e9 uvoln\u011bn\u00ed.<\/p>","protected":false},"featured_media":2898,"comment_status":"open","ping_status":"closed","template":"","format":[205],"meta":{"_acf_changed":false},"product_brand":[],"product_cat":[37],"product_tag":[16579],"flavours":[196],"nicotine":[230,236],"class_list":{"0":"post-7999","1":"product","2":"type-product","3":"status-publish","4":"has-post-thumbnail","6":"product_cat-zyn","7":"product_tag-3-mg-pouch","8":"pa_quantity-1-pack","9":"pa_quantity-10-pack","10":"pa_quantity-3-pack","11":"pa_quantity-30-pack","12":"pa_quantity-5-pack","13":"pa_quantity-60-pack","14":"flavours-fruits-berries","15":"format-mini","16":"nicotine-8-mg-g","17":"nicotine-strong","19":"first","20":"instock","21":"taxable","22":"shipping-taxable","23":"purchasable","24":"product-type-variable"},"acf":[],"_links":{"self":[{"href":"https:\/\/whitelip.com\/cs\/wp-json\/wp\/v2\/product\/7999","targetHints":{"allow":["GET"]}}],"collection":[{"href":"https:\/\/whitelip.com\/cs\/wp-json\/wp\/v2\/product"}],"about":[{"href":"https:\/\/whitelip.com\/cs\/wp-json\/wp\/v2\/types\/product"}],"replies":[{"embeddable":true,"href":"https:\/\/whitelip.com\/cs\/wp-json\/wp\/v2\/comments?post=7999"}],"wp:featuredmedia":[{"embeddable":true,"href":"https:\/\/whitelip.com\/cs\/wp-json\/wp\/v2\/media\/2898"}],"wp:attachment":[{"href":"https:\/\/whitelip.com\/cs\/wp-json\/wp\/v2\/media?parent=7999"}],"wp:term":[{"taxonomy":"product_brand","embeddable":true,"href":"https:\/\/whitelip.com\/cs\/wp-json\/wp\/v2\/product_brand?post=7999"},{"taxonomy":"product_cat","embeddable":true,"href":"https:\/\/whitelip.com\/cs\/wp-json\/wp\/v2\/product_cat?post=7999"},{"taxonomy":"product_tag","embeddable":true,"href":"https:\/\/whitelip.com\/cs\/wp-json\/wp\/v2\/product_tag?post=7999"},{"taxonomy":"flavours","embeddable":true,"href":"https:\/\/whitelip.com\/cs\/wp-json\/wp\/v2\/flavours?post=7999"},{"taxonomy":"format","embeddable":true,"href":"https:\/\/whitelip.com\/cs\/wp-json\/wp\/v2\/format?post=7999"},{"taxonomy":"nicotine","embeddable":true,"href":"https:\/\/whitelip.com\/cs\/wp-json\/wp\/v2\/nicotine?post=7999"}],"curies":[{"name":"wp","href":"https:\/\/api.w.org\/{rel}","templated":true}]}}