{"id":7985,"date":"2024-12-20T19:39:09","date_gmt":"2024-12-20T19:39:09","guid":{"rendered":"https:\/\/whitelip.com\/xqs-fizzy-cola-light\/"},"modified":"2026-04-13T17:36:45","modified_gmt":"2026-04-13T17:36:45","slug":"xqs-fizzy-cola-light","status":"publish","type":"product","link":"https:\/\/whitelip.com\/cs\/xqs\/xqs-fizzy-cola-light\/","title":{"rendered":"XQS Fizzy Cola Light"},"content":{"rendered":"<h2><b>XQS Fizzy Cola Light<\/b><\/h2>\n<p><span style=\"font-weight: 400;\">XQS Fizzy Cola Light p\u0159in\u00e1\u0161\u00ed <\/span><b>sladk\u00e1 a pikantn\u00ed kolov\u00e1 p\u0159\u00edchu\u0165<\/b><span style=\"font-weight: 400;\"> s jemn\u011b perliv\u00fdm pocitem, kter\u00fd nab\u00edz\u00ed z\u00e1bavn\u00fd a osv\u011b\u017euj\u00edc\u00ed nikotinov\u00fd z\u00e1\u017eitek. Tato lehk\u00e1 a nostalgick\u00e1 chu\u0165 je ide\u00e1ln\u00ed pro u\u017eivatele, kte\u0159\u00ed hledaj\u00ed m\u00edrnou nikotinovou variantu s hrav\u00fdm n\u00e1dechem. Ka\u017ed\u00fd tenk\u00fd, zcela b\u00edl\u00fd s\u00e1\u010dek obsahuje <\/span><b>4 mg nikotinu<\/b><span style=\"font-weight: 400;\">, kter\u00fd poskytuje jemn\u00e9 a stabiln\u00ed uvol\u0148ov\u00e1n\u00ed pro p\u0159\u00edjemn\u00e9 ka\u017edodenn\u00ed pou\u017e\u00edv\u00e1n\u00ed.<\/span><\/p>\n<p><span style=\"font-weight: 400;\">Tenk\u00fd form\u00e1t zaji\u0161\u0165uje diskr\u00e9tn\u00ed a pohodln\u00e9 ulo\u017een\u00ed pod rty a umo\u017e\u0148uje \u010dist\u00e9 pou\u017eit\u00ed beze skvrn, a\u0165 jste kdekoli. XQS Fizzy Cola Light, vyroben\u00fd zcela bez tab\u00e1ku a z vysoce kvalitn\u00edch rostlinn\u00fdch materi\u00e1l\u016f, je modern\u00ed nikotinovou alternativou pro ty, kte\u0159\u00ed maj\u00ed r\u00e1di jemnou kolovou p\u0159\u00edchu\u0165 s leh\u010d\u00ed silou nikotinu.<\/span><\/p>\n<table>\n<tbody>\n<tr>\n<td><b>Atribut<\/b><\/td>\n<td><b>Podrobnosti na<\/b><\/td>\n<\/tr>\n<tr>\n<td><b>Zna\u010dka<\/b><\/td>\n<td><span style=\"font-weight: 400;\">XQS<\/span><\/td>\n<\/tr>\n<tr>\n<td><b>Typ v\u00fdrobku<\/b><\/td>\n<td><span style=\"font-weight: 400;\">V\u0161echny b\u00edl\u00e9 nikotinov\u00e9 s\u00e1\u010dky<\/span><\/td>\n<\/tr>\n<tr>\n<td><b>Form\u00e1t<\/b><\/td>\n<td><span style=\"font-weight: 400;\">Slim<\/span><\/td>\n<\/tr>\n<tr>\n<td><b>P\u0159\u00edchu\u0165<\/b><\/td>\n<td><span style=\"font-weight: 400;\">\u0160umiv\u00e1 cola<\/span><\/td>\n<\/tr>\n<tr>\n<td><b>S\u00edla nikotinu<\/b><\/td>\n<td><span style=\"font-weight: 400;\">4 mg na s\u00e1\u010dek (5 mg\/g)<\/span><\/td>\n<\/tr>\n<tr>\n<td><b>Hmotnost porce<\/b><\/td>\n<td><span style=\"font-weight: 400;\">0,75 gramu<\/span><\/td>\n<\/tr>\n<tr>\n<td><b>Po\u010det porc\u00ed<\/b><\/td>\n<td><span style=\"font-weight: 400;\">20 za plechovku<\/span><\/td>\n<\/tr>\n<tr>\n<td><b>Celkov\u00e1 hmotnost plechovky<\/b><\/td>\n<td><span style=\"font-weight: 400;\">15 gram\u016f<\/span><\/td>\n<\/tr>\n<tr>\n<td><b>V\u00fdrobce<\/b><\/td>\n<td><span style=\"font-weight: 400;\">XQS International<\/span><\/td>\n<\/tr>\n<tr>\n<td><b>Pozoruhodn\u00e9 funkce<\/b><\/td>\n<td><span style=\"font-weight: 400;\">Bez tab\u00e1ku, tenk\u00fd form\u00e1t, sladk\u00e1 a pikantn\u00ed kolov\u00e1 p\u0159\u00edchu\u0165 s \u0161umiv\u00fdm n\u00e1dechem<\/span><\/td>\n<\/tr>\n<\/tbody>\n<\/table>","protected":false},"excerpt":{"rendered":"<p>XQS <strong data-start=\"4\" data-end=\"18\">\u0160umiv\u00e1 cola<\/strong> <strong data-start=\"19\" data-end=\"28\">Sv\u011btlo<\/strong> p\u0159in\u00e1\u0161\u00ed sladkou, pikantn\u00ed kolu s jemn\u00fdm perliv\u00fdm n\u00e1dechem, kter\u00e1 je z\u00e1bavn\u00e1 a osv\u011b\u017euj\u00edc\u00ed. Na <strong data-start=\"120\" data-end=\"128\">slim<\/strong>, celob\u00edl\u00e1 pouzdra jsou diskr\u00e9tn\u00ed a pohodln\u00e1. Ka\u017ed\u00fd s\u00e1\u010dek obsahuje <strong>4 mg nikotinu<\/strong> pro jemn\u00e9 a stabiln\u00ed uvol\u0148ov\u00e1n\u00ed vhodn\u00e9 pro ka\u017edodenn\u00ed pou\u017eit\u00ed.<\/p>","protected":false},"featured_media":7986,"comment_status":"open","ping_status":"closed","template":"","format":[206],"meta":{"_acf_changed":false},"product_brand":[],"product_cat":[27],"product_tag":[16585],"flavours":[193],"nicotine":[230,236],"class_list":{"0":"post-7985","1":"product","2":"type-product","3":"status-publish","4":"has-post-thumbnail","6":"product_cat-xqs","7":"product_tag-4-mg-pouch","8":"pa_quantity-1-pack","9":"pa_quantity-10-pack","10":"pa_quantity-5-pack","11":"flavours-cola","12":"format-slim","13":"nicotine-8-mg-g","14":"nicotine-strong","16":"first","17":"outofstock","18":"taxable","19":"shipping-taxable","20":"purchasable","21":"product-type-variable"},"acf":[],"_links":{"self":[{"href":"https:\/\/whitelip.com\/cs\/wp-json\/wp\/v2\/product\/7985","targetHints":{"allow":["GET"]}}],"collection":[{"href":"https:\/\/whitelip.com\/cs\/wp-json\/wp\/v2\/product"}],"about":[{"href":"https:\/\/whitelip.com\/cs\/wp-json\/wp\/v2\/types\/product"}],"replies":[{"embeddable":true,"href":"https:\/\/whitelip.com\/cs\/wp-json\/wp\/v2\/comments?post=7985"}],"wp:featuredmedia":[{"embeddable":true,"href":"https:\/\/whitelip.com\/cs\/wp-json\/wp\/v2\/media\/7986"}],"wp:attachment":[{"href":"https:\/\/whitelip.com\/cs\/wp-json\/wp\/v2\/media?parent=7985"}],"wp:term":[{"taxonomy":"product_brand","embeddable":true,"href":"https:\/\/whitelip.com\/cs\/wp-json\/wp\/v2\/product_brand?post=7985"},{"taxonomy":"product_cat","embeddable":true,"href":"https:\/\/whitelip.com\/cs\/wp-json\/wp\/v2\/product_cat?post=7985"},{"taxonomy":"product_tag","embeddable":true,"href":"https:\/\/whitelip.com\/cs\/wp-json\/wp\/v2\/product_tag?post=7985"},{"taxonomy":"flavours","embeddable":true,"href":"https:\/\/whitelip.com\/cs\/wp-json\/wp\/v2\/flavours?post=7985"},{"taxonomy":"format","embeddable":true,"href":"https:\/\/whitelip.com\/cs\/wp-json\/wp\/v2\/format?post=7985"},{"taxonomy":"nicotine","embeddable":true,"href":"https:\/\/whitelip.com\/cs\/wp-json\/wp\/v2\/nicotine?post=7985"}],"curies":[{"name":"wp","href":"https:\/\/api.w.org\/{rel}","templated":true}]}}