{"id":7977,"date":"2024-11-28T12:35:39","date_gmt":"2024-11-28T12:35:39","guid":{"rendered":"https:\/\/whitelip.com\/77-forest-fruits-light\/"},"modified":"2026-04-29T10:11:28","modified_gmt":"2026-04-29T10:11:28","slug":"77-forest-fruits-light","status":"publish","type":"product","link":"https:\/\/whitelip.com\/cs\/77\/77-forest-fruits-light\/","title":{"rendered":"77 Lesn\u00ed ovoce Light"},"content":{"rendered":"<h2><strong>77 Lesn\u00ed ovoce Light<\/strong><\/h2>\n<p><span style=\"font-weight: 400;\">77 Nikotinov\u00e9 s\u00e1\u010dky Forest Fruits Light nab\u00edzej\u00ed sladkou a pikantn\u00ed sm\u011bs lesn\u00edch plod\u016f v tenk\u00e9m, zcela b\u00edl\u00e9m form\u00e1tu. Ka\u017ed\u00fd s\u00e1\u010dek obsahuje 5,2 mg nikotinu a poskytuje jemn\u00fd pocit vhodn\u00fd pro ty, kte\u0159\u00ed hledaj\u00ed jemn\u00fd nikotinov\u00fd z\u00e1\u017eitek. Diskr\u00e9tn\u00ed design zaji\u0161\u0165uje pohodln\u00e9 uchycen\u00ed pod rty, co\u017e umo\u017e\u0148uje u\u017e\u00edv\u00e1n\u00ed kdykoli bez pot\u0159\u00edsn\u011bn\u00ed zub\u016f. Tyto beztab\u00e1kov\u00e9 s\u00e1\u010dky, vyr\u00e1b\u011bn\u00e9 spole\u010dnost\u00ed 77 Group, jsou p\u0159\u00edkladem vysoce kvalitn\u00edch standard\u016f a inovativn\u00edch kombinac\u00ed p\u0159\u00edchut\u00ed.<\/span><\/p>\n<table>\n<tbody>\n<tr>\n<td><b>Atribut<\/b><\/td>\n<td><b>Podrobnosti na<\/b><\/td>\n<\/tr>\n<tr>\n<td><b>Obsah na plechovku<\/b><\/td>\n<td><span style=\"font-weight: 400;\">10 g (20 s\u00e1\u010dk\u016f)<\/span><\/td>\n<\/tr>\n<tr>\n<td><b>Obsah nikotinu<\/b><\/td>\n<td><span style=\"font-weight: 400;\">8 mg\/g (5,2 mg na s\u00e1\u010dek)<\/span><\/td>\n<\/tr>\n<tr>\n<td><b>Form\u00e1t pouzdra<\/b><\/td>\n<td><span style=\"font-weight: 400;\">Slim<\/span><\/td>\n<\/tr>\n<tr>\n<td><b>V\u00fdrobce<\/b><\/td>\n<td><span style=\"font-weight: 400;\">77 Skupina<\/span><\/td>\n<\/tr>\n<tr>\n<td><b>P\u0159\u00edchu\u0165<\/b><\/td>\n<td><span style=\"font-weight: 400;\">Lesn\u00ed plody<\/span><\/td>\n<\/tr>\n<tr>\n<td><b>Typ<\/b><\/td>\n<td><span style=\"font-weight: 400;\">Celob\u00edl\u00e9 pouzdro<\/span><\/td>\n<\/tr>\n<\/tbody>\n<\/table>","protected":false},"excerpt":{"rendered":"<p>Sladce pikantn\u00ed <strong data-start=\"12\" data-end=\"29\">lesn\u00ed plody<\/strong> pro jasnou ovocnou chu\u0165. Na <strong data-start=\"62\" data-end=\"81\">\u0161t\u00edhl\u00fd, <\/strong>celob\u00edl\u00e9 s\u00e1\u010dky diskr\u00e9tn\u011b a pohodln\u011b sed\u00ed pod rty a umo\u017e\u0148uj\u00ed \u010dist\u00e9 a kdykoli pou\u017eiteln\u00e9 pou\u017eit\u00ed. Ka\u017ed\u00fd s\u00e1\u010dek obsahuje <strong data-start=\"179\" data-end=\"198\">5,2 mg nikotinu<\/strong>, kter\u00e1 p\u0159in\u00e1\u0161\u00ed jemn\u00fd z\u00e1\u017eitek lehk\u00e9 s\u00edly od skupiny 77.<\/p>","protected":false},"featured_media":67536,"comment_status":"open","ping_status":"closed","template":"","format":[206],"meta":{"_acf_changed":false},"product_brand":[],"product_cat":[23],"product_tag":[16547],"flavours":[196],"nicotine":[230,236],"class_list":{"0":"post-7977","1":"product","2":"type-product","3":"status-publish","4":"has-post-thumbnail","6":"product_cat-23","7":"product_tag-5-2-mg-pouch","8":"pa_quantity-1-pack","9":"pa_quantity-10-pack","10":"pa_quantity-3-pack","11":"pa_quantity-30-pack","12":"pa_quantity-5-pack","13":"pa_quantity-60-pack","14":"flavours-fruits-berries","15":"format-slim","16":"nicotine-8-mg-g","17":"nicotine-strong","19":"first","20":"instock","21":"taxable","22":"shipping-taxable","23":"purchasable","24":"product-type-variable"},"acf":[],"_links":{"self":[{"href":"https:\/\/whitelip.com\/cs\/wp-json\/wp\/v2\/product\/7977","targetHints":{"allow":["GET"]}}],"collection":[{"href":"https:\/\/whitelip.com\/cs\/wp-json\/wp\/v2\/product"}],"about":[{"href":"https:\/\/whitelip.com\/cs\/wp-json\/wp\/v2\/types\/product"}],"replies":[{"embeddable":true,"href":"https:\/\/whitelip.com\/cs\/wp-json\/wp\/v2\/comments?post=7977"}],"wp:featuredmedia":[{"embeddable":true,"href":"https:\/\/whitelip.com\/cs\/wp-json\/wp\/v2\/media\/67536"}],"wp:attachment":[{"href":"https:\/\/whitelip.com\/cs\/wp-json\/wp\/v2\/media?parent=7977"}],"wp:term":[{"taxonomy":"product_brand","embeddable":true,"href":"https:\/\/whitelip.com\/cs\/wp-json\/wp\/v2\/product_brand?post=7977"},{"taxonomy":"product_cat","embeddable":true,"href":"https:\/\/whitelip.com\/cs\/wp-json\/wp\/v2\/product_cat?post=7977"},{"taxonomy":"product_tag","embeddable":true,"href":"https:\/\/whitelip.com\/cs\/wp-json\/wp\/v2\/product_tag?post=7977"},{"taxonomy":"flavours","embeddable":true,"href":"https:\/\/whitelip.com\/cs\/wp-json\/wp\/v2\/flavours?post=7977"},{"taxonomy":"format","embeddable":true,"href":"https:\/\/whitelip.com\/cs\/wp-json\/wp\/v2\/format?post=7977"},{"taxonomy":"nicotine","embeddable":true,"href":"https:\/\/whitelip.com\/cs\/wp-json\/wp\/v2\/nicotine?post=7977"}],"curies":[{"name":"wp","href":"https:\/\/api.w.org\/{rel}","templated":true}]}}