{"id":65407,"date":"2026-02-02T11:07:56","date_gmt":"2026-02-02T11:07:56","guid":{"rendered":"https:\/\/whitelip.com\/?post_type=product&#038;p=65407"},"modified":"2026-04-09T10:04:14","modified_gmt":"2026-04-09T10:04:14","slug":"nois-cherry-ice-4mg","status":"publish","type":"product","link":"https:\/\/whitelip.com\/cs\/nois\/nois-cherry-ice-4mg\/","title":{"rendered":"NOIS Cherry Ice 4mg"},"content":{"rendered":"<h2>NOIS Cherry Ice 4mg<\/h2>\n<p data-start=\"303\" data-end=\"536\">NOIS Cherry Ice 4MG jsou nikotinov\u00e9 s\u00e1\u010dky s p\u0159\u00edchut\u00ed t\u0159e\u0161n\u011b a m\u00e1ty ve slim form\u00e1tu. P\u0159\u00edchu\u0165 se p\u0159edstavuje brzy a kombinuje sladk\u00e9 t\u0159e\u0161\u0148ov\u00e9 t\u00f3ny s chladiv\u00fdm m\u00e1tov\u00fdm z\u00e1v\u011brem. V\u00fdrobek je formulov\u00e1n s ni\u017e\u0161\u00edm obsahem nikotinu.<\/p>\n<p data-start=\"538\" data-end=\"719\">Ka\u017ed\u00fd s\u00e1\u010dek obsahuje 4 mg nikotinu. S\u00e1\u010dky jsou vyrobeny v tenk\u00e9m form\u00e1tu ur\u010den\u00e9m pro pohodln\u00e9 a diskr\u00e9tn\u00ed um\u00edst\u011bn\u00ed pod horn\u00ed ret. V\u00fdrobek neobsahuje tab\u00e1k.<\/p>\n<p data-start=\"721\" data-end=\"849\">Nikotinov\u00e9 s\u00e1\u010dky NOIS vyr\u00e1b\u00ed spole\u010dnost HRJ Production O\u00dc v Estonsku a jejich v\u00fdroba prob\u00edh\u00e1 podle zaveden\u00fdch standard\u016f kontroly kvality.<\/p>\n<table>\n<tbody>\n<tr>\n<td><b>Atribut<\/b><\/td>\n<td><b>Podrobnosti na<\/b><\/td>\n<\/tr>\n<tr>\n<td><b>Zna\u010dka<\/b><\/td>\n<td><span style=\"font-weight: 400;\">NOIS<\/span><\/td>\n<\/tr>\n<tr>\n<td><b>Typ v\u00fdrobku<\/b><\/td>\n<td><span style=\"font-weight: 400;\">V\u0161echny b\u00edl\u00e9 nikotinov\u00e9 s\u00e1\u010dky<\/span><\/td>\n<\/tr>\n<tr>\n<td><b>Form\u00e1t<\/b><\/td>\n<td><span style=\"font-weight: 400;\">Slim<\/span><\/td>\n<\/tr>\n<tr>\n<td><b>P\u0159\u00edchu\u0165<\/b><\/td>\n<td><span style=\"font-weight: 400;\">T\u0159e\u0161e\u0148, m\u00e1ta<\/span><\/td>\n<\/tr>\n<tr>\n<td><b>S\u00edla nikotinu<\/b><\/td>\n<td><span style=\"font-weight: 400;\">4 mg na s\u00e1\u010dek\u00a0<\/span><\/td>\n<\/tr>\n<tr>\n<td><b>Hmotnost porce<\/b><\/td>\n<td><span style=\"font-weight: 400;\">0,5 gramu<\/span><\/td>\n<\/tr>\n<tr>\n<td><b>Po\u010det porc\u00ed<\/b><\/td>\n<td><span style=\"font-weight: 400;\">30 na plechovku<\/span><\/td>\n<\/tr>\n<tr>\n<td><b>Celkov\u00e1 hmotnost plechovky<\/b><\/td>\n<td><span style=\"font-weight: 400;\">15 gram\u016f<\/span><\/td>\n<\/tr>\n<tr>\n<td><b>V\u00fdrobce<\/b><\/td>\n<td><span style=\"font-weight: 400;\">HRJ Production O\u00dc<\/span><\/td>\n<\/tr>\n<tr>\n<td><b>Pozoruhodn\u00e9 funkce<\/b><\/td>\n<td><span style=\"font-weight: 400;\">Bez tab\u00e1ku, tenk\u00fd form\u00e1t<\/span><\/td>\n<\/tr>\n<\/tbody>\n<\/table>","protected":false},"excerpt":{"rendered":"<p data-start=\"991\" data-end=\"1124\">NOIS Cherry Ice 4MG nikotinov\u00e9 s\u00e1\u010dky s <strong data-start=\"923\" data-end=\"942\">T\u0159e\u0161e\u0148 a m\u00e1ta<\/strong> p\u0159\u00edchu\u0165 v <strong data-start=\"953\" data-end=\"961\">Slim<\/strong> form\u00e1t. Ka\u017ed\u00fd s\u00e1\u010dek obsahuje <strong data-start=\"990\" data-end=\"1007\">4 mg nikotinu<\/strong>.<\/p>","protected":false},"featured_media":65435,"comment_status":"open","ping_status":"closed","template":"","format":[206],"meta":{"_acf_changed":false},"product_brand":[],"product_cat":[127],"product_tag":[16585],"flavours":[196,199],"nicotine":[230,236],"class_list":{"0":"post-65407","1":"product","2":"type-product","3":"status-publish","4":"has-post-thumbnail","6":"product_cat-nois","7":"product_tag-4-mg-pouch","8":"pa_quantity-1-pack","9":"pa_quantity-10-pack","10":"pa_quantity-3-pack","11":"pa_quantity-30-pack","12":"pa_quantity-5-pack","13":"pa_quantity-60-pack","14":"flavours-fruits-berries","15":"flavours-mint","16":"format-slim","17":"nicotine-8-mg-g","18":"nicotine-strong","20":"first","21":"outofstock","22":"taxable","23":"shipping-taxable","24":"purchasable","25":"product-type-variable","26":"has-default-attributes"},"acf":[],"_links":{"self":[{"href":"https:\/\/whitelip.com\/cs\/wp-json\/wp\/v2\/product\/65407","targetHints":{"allow":["GET"]}}],"collection":[{"href":"https:\/\/whitelip.com\/cs\/wp-json\/wp\/v2\/product"}],"about":[{"href":"https:\/\/whitelip.com\/cs\/wp-json\/wp\/v2\/types\/product"}],"replies":[{"embeddable":true,"href":"https:\/\/whitelip.com\/cs\/wp-json\/wp\/v2\/comments?post=65407"}],"wp:featuredmedia":[{"embeddable":true,"href":"https:\/\/whitelip.com\/cs\/wp-json\/wp\/v2\/media\/65435"}],"wp:attachment":[{"href":"https:\/\/whitelip.com\/cs\/wp-json\/wp\/v2\/media?parent=65407"}],"wp:term":[{"taxonomy":"product_brand","embeddable":true,"href":"https:\/\/whitelip.com\/cs\/wp-json\/wp\/v2\/product_brand?post=65407"},{"taxonomy":"product_cat","embeddable":true,"href":"https:\/\/whitelip.com\/cs\/wp-json\/wp\/v2\/product_cat?post=65407"},{"taxonomy":"product_tag","embeddable":true,"href":"https:\/\/whitelip.com\/cs\/wp-json\/wp\/v2\/product_tag?post=65407"},{"taxonomy":"flavours","embeddable":true,"href":"https:\/\/whitelip.com\/cs\/wp-json\/wp\/v2\/flavours?post=65407"},{"taxonomy":"format","embeddable":true,"href":"https:\/\/whitelip.com\/cs\/wp-json\/wp\/v2\/format?post=65407"},{"taxonomy":"nicotine","embeddable":true,"href":"https:\/\/whitelip.com\/cs\/wp-json\/wp\/v2\/nicotine?post=65407"}],"curies":[{"name":"wp","href":"https:\/\/api.w.org\/{rel}","templated":true}]}}