{"id":65358,"date":"2026-02-02T11:02:48","date_gmt":"2026-02-02T11:02:48","guid":{"rendered":"https:\/\/whitelip.com\/?post_type=product&#038;p=65358"},"modified":"2026-04-09T10:04:17","modified_gmt":"2026-04-09T10:04:17","slug":"nois-extreme-4mg-2","status":"publish","type":"product","link":"https:\/\/whitelip.com\/cs\/nois\/nois-extreme-4mg-2\/","title":{"rendered":"NOIS Extreme 4mg"},"content":{"rendered":"<h2>NOIS Extreme 4mg<\/h2>\n<p data-start=\"267\" data-end=\"560\">NOIS Extreme 4MG jsou nikotinov\u00e9 s\u00e1\u010dky s intenzivn\u00ed m\u00e1tovou p\u0159\u00edchut\u00ed v tenk\u00e9m form\u00e1tu. P\u0159\u00edchu\u0165 se p\u0159edstavuje brzy a p\u0159in\u00e1\u0161\u00ed ostr\u00fd, ledov\u00fd m\u00e1tov\u00fd charakter s chladiv\u00fdm mentolov\u00fdm z\u00e1v\u011brem. V\u00fdrobek je navr\u017een tak, aby poskytoval v\u00fdrazn\u00fd chu\u0165ov\u00fd z\u00e1\u017eitek p\u0159i zachov\u00e1n\u00ed ni\u017e\u0161\u00edho obsahu nikotinu.<\/p>\n<p data-start=\"562\" data-end=\"842\">Ka\u017ed\u00fd s\u00e1\u010dek obsahuje 4 mg nikotinu. S\u00e1\u010dky jsou vyr\u00e1b\u011bny ve form\u00e1tu NOIS slim, kter\u00fd byl vyvinut pro diskr\u00e9tn\u00ed a pohodln\u00e9 um\u00edst\u011bn\u00ed pod horn\u00ed ret. Materi\u00e1l je m\u011bkk\u00fd a p\u0159edem navlh\u010den\u00fd, co\u017e podporuje rychl\u00e9 uvol\u0148ov\u00e1n\u00ed chuti a nikotinu. V\u00fdrobek neobsahuje tab\u00e1k.<\/p>\n<p data-start=\"844\" data-end=\"977\">Nikotinov\u00e9 s\u00e1\u010dky NOIS vyr\u00e1b\u00ed spole\u010dnost HRJ Production O\u00dc v estonsk\u00e9m Tallinnu. V\u00fdroba prob\u00edh\u00e1 podle p\u0159\u00edsn\u00fdch norem kontroly kvality.<\/p>\n<table>\n<tbody>\n<tr>\n<td><b>Atribut<\/b><\/td>\n<td><b>Podrobnosti na<\/b><\/td>\n<\/tr>\n<tr>\n<td><b>Zna\u010dka<\/b><\/td>\n<td><span style=\"font-weight: 400;\">NOIS<\/span><\/td>\n<\/tr>\n<tr>\n<td><b>Typ v\u00fdrobku<\/b><\/td>\n<td><span style=\"font-weight: 400;\">V\u0161echny b\u00edl\u00e9 nikotinov\u00e9 s\u00e1\u010dky<\/span><\/td>\n<\/tr>\n<tr>\n<td><b>Form\u00e1t<\/b><\/td>\n<td><span style=\"font-weight: 400;\">Slim<\/span><\/td>\n<\/tr>\n<tr>\n<td><b>P\u0159\u00edchu\u0165<\/b><\/td>\n<td><span style=\"font-weight: 400;\">M\u00e1tov\u00fd<\/span><\/td>\n<\/tr>\n<tr>\n<td><b>S\u00edla nikotinu<\/b><\/td>\n<td><span style=\"font-weight: 400;\">4 mg na s\u00e1\u010dek\u00a0<\/span><\/td>\n<\/tr>\n<tr>\n<td><b>Hmotnost porce<\/b><\/td>\n<td><span style=\"font-weight: 400;\">0,5 gramu<\/span><\/td>\n<\/tr>\n<tr>\n<td><b>Po\u010det porc\u00ed<\/b><\/td>\n<td><span style=\"font-weight: 400;\">30 na plechovku<\/span><\/td>\n<\/tr>\n<tr>\n<td><b>Celkov\u00e1 hmotnost plechovky<\/b><\/td>\n<td><span style=\"font-weight: 400;\">15 gram\u016f<\/span><\/td>\n<\/tr>\n<tr>\n<td><b>V\u00fdrobce<\/b><\/td>\n<td><span style=\"font-weight: 400;\">HRJ Production O\u00dc<\/span><\/td>\n<\/tr>\n<tr>\n<td><b>Pozoruhodn\u00e9 funkce<\/b><\/td>\n<td><span style=\"font-weight: 400;\">Bez tab\u00e1ku, tenk\u00fd form\u00e1t<\/span><\/td>\n<\/tr>\n<\/tbody>\n<\/table>","protected":false},"excerpt":{"rendered":"<p data-start=\"991\" data-end=\"1124\">NOIS Extreme 4MG nikotinov\u00e9 s\u00e1\u010dky s <strong data-start=\"1048\" data-end=\"1056\">M\u00e1tov\u00fd<\/strong> p\u0159\u00edchu\u0165 v <strong data-start=\"1067\" data-end=\"1075\">Slim<\/strong> form\u00e1t. Ka\u017ed\u00fd s\u00e1\u010dek obsahuje <strong data-start=\"1104\" data-end=\"1121\">4 mg nikotinu<\/strong>.<\/p>","protected":false},"featured_media":65320,"comment_status":"open","ping_status":"closed","template":"","format":[206],"meta":{"_acf_changed":false},"product_brand":[],"product_cat":[127],"product_tag":[16585],"flavours":[199],"nicotine":[230,236],"class_list":{"0":"post-65358","1":"product","2":"type-product","3":"status-publish","4":"has-post-thumbnail","6":"product_cat-nois","7":"product_tag-4-mg-pouch","8":"pa_quantity-1-pack","9":"pa_quantity-10-pack","10":"pa_quantity-3-pack","11":"pa_quantity-30-pack","12":"pa_quantity-5-pack","13":"pa_quantity-60-pack","14":"flavours-mint","15":"format-slim","16":"nicotine-8-mg-g","17":"nicotine-strong","19":"first","20":"outofstock","21":"taxable","22":"shipping-taxable","23":"purchasable","24":"product-type-variable","25":"has-default-attributes"},"acf":[],"_links":{"self":[{"href":"https:\/\/whitelip.com\/cs\/wp-json\/wp\/v2\/product\/65358","targetHints":{"allow":["GET"]}}],"collection":[{"href":"https:\/\/whitelip.com\/cs\/wp-json\/wp\/v2\/product"}],"about":[{"href":"https:\/\/whitelip.com\/cs\/wp-json\/wp\/v2\/types\/product"}],"replies":[{"embeddable":true,"href":"https:\/\/whitelip.com\/cs\/wp-json\/wp\/v2\/comments?post=65358"}],"wp:featuredmedia":[{"embeddable":true,"href":"https:\/\/whitelip.com\/cs\/wp-json\/wp\/v2\/media\/65320"}],"wp:attachment":[{"href":"https:\/\/whitelip.com\/cs\/wp-json\/wp\/v2\/media?parent=65358"}],"wp:term":[{"taxonomy":"product_brand","embeddable":true,"href":"https:\/\/whitelip.com\/cs\/wp-json\/wp\/v2\/product_brand?post=65358"},{"taxonomy":"product_cat","embeddable":true,"href":"https:\/\/whitelip.com\/cs\/wp-json\/wp\/v2\/product_cat?post=65358"},{"taxonomy":"product_tag","embeddable":true,"href":"https:\/\/whitelip.com\/cs\/wp-json\/wp\/v2\/product_tag?post=65358"},{"taxonomy":"flavours","embeddable":true,"href":"https:\/\/whitelip.com\/cs\/wp-json\/wp\/v2\/flavours?post=65358"},{"taxonomy":"format","embeddable":true,"href":"https:\/\/whitelip.com\/cs\/wp-json\/wp\/v2\/format?post=65358"},{"taxonomy":"nicotine","embeddable":true,"href":"https:\/\/whitelip.com\/cs\/wp-json\/wp\/v2\/nicotine?post=65358"}],"curies":[{"name":"wp","href":"https:\/\/api.w.org\/{rel}","templated":true}]}}