{"id":65096,"date":"2026-02-02T08:52:46","date_gmt":"2026-02-02T08:52:46","guid":{"rendered":"https:\/\/whitelip.com\/?post_type=product&#038;p=65096"},"modified":"2026-04-18T18:01:37","modified_gmt":"2026-04-18T18:01:37","slug":"togo-mighty-sour","status":"publish","type":"product","link":"https:\/\/whitelip.com\/cs\/togo\/togo-mighty-sour\/","title":{"rendered":"TOGO Mighty Sour"},"content":{"rendered":"<h1>TOGO Mighty Sour<\/h1>\n<p data-start=\"254\" data-end=\"552\">TOGO Mighty Sour jsou nikotinov\u00e9 s\u00e1\u010dky s kombinac\u00ed p\u0159\u00edchut\u00ed bezov\u00e9ho kv\u011btu, jablka a limetky s kysel\u00fdm profilem. P\u0159\u00edchu\u0165 se p\u0159edstavuje brzy a kombinuje kv\u011btinov\u00e9 t\u00f3ny z kv\u011btu \u010dern\u00e9ho bezu s k\u0159upav\u00fdm jablkem a v\u00fdrazn\u00fdm citrusov\u00fdm charakterem z limetky. V\u00fdrobek vyr\u00e1b\u00ed spole\u010dnost Togo Nicotine AB.<\/p>\n<p data-start=\"554\" data-end=\"738\">S\u00e1\u010dky jsou porcov\u00e1ny po 0,6 gramu. Plechovka obsahuje 20 nikotinov\u00fdch s\u00e1\u010dk\u016f s celkov\u00fdm obsahem 12 gram\u016f. Obsah nikotinu je 8 mg v jednom s\u00e1\u010dku a 13,33 mg nikotinu v jednom gramu.<\/p>\n<p data-start=\"740\" data-end=\"863\">TOGO Mighty Sour je sou\u010d\u00e1st\u00ed \u0159ady nikotinov\u00fdch s\u00e1\u010dk\u016f TOGO a je vyvinuta s jasn\u011b definovan\u00fdm kysel\u00fdm chu\u0165ov\u00fdm profilem.<\/p>\n<table>\n<tbody>\n<tr>\n<td><b>Atribut<\/b><\/td>\n<td><b>Podrobnosti na<\/b><\/td>\n<\/tr>\n<tr>\n<td><span style=\"font-weight: 400;\">Obsah na plechovku<\/span><\/td>\n<td><span style=\"font-weight: 400;\">12 g (20 s\u00e1\u010dk\u016f)<\/span><\/td>\n<\/tr>\n<tr>\n<td><span style=\"font-weight: 400;\">Obsah nikotinu<\/span><\/td>\n<td><span style=\"font-weight: 400;\">8 mg na s\u00e1\u010dek<\/span><\/td>\n<\/tr>\n<tr>\n<td><span style=\"font-weight: 400;\">Form\u00e1t pouzdra<\/span><\/td>\n<td><span style=\"font-weight: 400;\">Slim<\/span><\/td>\n<\/tr>\n<tr>\n<td><span style=\"font-weight: 400;\">V\u00fdrobce<\/span><\/td>\n<td><span style=\"font-weight: 400;\">TOGO Nicotine AB<\/span><\/td>\n<\/tr>\n<tr>\n<td><span style=\"font-weight: 400;\">P\u0159\u00edchu\u0165<\/span><\/td>\n<td>Bezinek, jablko, limetka<\/td>\n<\/tr>\n<tr>\n<td><span style=\"font-weight: 400;\">Typ<\/span><\/td>\n<td><span style=\"font-weight: 400;\">Celob\u00edl\u00fd s\u00e1\u010dek, bez tab\u00e1ku<\/span><\/td>\n<\/tr>\n<\/tbody>\n<\/table>","protected":false},"excerpt":{"rendered":"<p data-start=\"901\" data-end=\"1023\">Nikotinov\u00e9 s\u00e1\u010dky TOGO Mighty Sour s <strong data-start=\"934\" data-end=\"966\">Bezov\u00fd kv\u011bt, jablko a limetka<\/strong> p\u0159\u00edchu\u0165. Ka\u017ed\u00fd s\u00e1\u010dek obsahuje <strong data-start=\"995\" data-end=\"1012\">8 mg nikotinu<\/strong>.<\/p>","protected":false},"featured_media":65125,"comment_status":"open","ping_status":"closed","template":"","format":[206],"meta":{"_acf_changed":false},"product_brand":[],"product_cat":[13788],"product_tag":[16583],"flavours":[190,195],"nicotine":[210,232],"class_list":{"0":"post-65096","1":"product","2":"type-product","3":"status-publish","4":"has-post-thumbnail","6":"product_cat-togo","7":"product_tag-8-mg-pouch","8":"pa_quantity-1-pack","9":"pa_quantity-10-pack","10":"pa_quantity-3-pack","11":"pa_quantity-30-pack","12":"pa_quantity-5-pack","13":"pa_quantity-60-pack","14":"flavours-citrus","15":"flavours-flower","16":"format-slim","17":"nicotine-13-mg-g","18":"nicotine-extra-strong","20":"first","21":"instock","22":"taxable","23":"shipping-taxable","24":"purchasable","25":"product-type-variable"},"acf":[],"_links":{"self":[{"href":"https:\/\/whitelip.com\/cs\/wp-json\/wp\/v2\/product\/65096","targetHints":{"allow":["GET"]}}],"collection":[{"href":"https:\/\/whitelip.com\/cs\/wp-json\/wp\/v2\/product"}],"about":[{"href":"https:\/\/whitelip.com\/cs\/wp-json\/wp\/v2\/types\/product"}],"replies":[{"embeddable":true,"href":"https:\/\/whitelip.com\/cs\/wp-json\/wp\/v2\/comments?post=65096"}],"wp:featuredmedia":[{"embeddable":true,"href":"https:\/\/whitelip.com\/cs\/wp-json\/wp\/v2\/media\/65125"}],"wp:attachment":[{"href":"https:\/\/whitelip.com\/cs\/wp-json\/wp\/v2\/media?parent=65096"}],"wp:term":[{"taxonomy":"product_brand","embeddable":true,"href":"https:\/\/whitelip.com\/cs\/wp-json\/wp\/v2\/product_brand?post=65096"},{"taxonomy":"product_cat","embeddable":true,"href":"https:\/\/whitelip.com\/cs\/wp-json\/wp\/v2\/product_cat?post=65096"},{"taxonomy":"product_tag","embeddable":true,"href":"https:\/\/whitelip.com\/cs\/wp-json\/wp\/v2\/product_tag?post=65096"},{"taxonomy":"flavours","embeddable":true,"href":"https:\/\/whitelip.com\/cs\/wp-json\/wp\/v2\/flavours?post=65096"},{"taxonomy":"format","embeddable":true,"href":"https:\/\/whitelip.com\/cs\/wp-json\/wp\/v2\/format?post=65096"},{"taxonomy":"nicotine","embeddable":true,"href":"https:\/\/whitelip.com\/cs\/wp-json\/wp\/v2\/nicotine?post=65096"}],"curies":[{"name":"wp","href":"https:\/\/api.w.org\/{rel}","templated":true}]}}