{"id":65067,"date":"2026-02-02T08:47:28","date_gmt":"2026-02-02T08:47:28","guid":{"rendered":"https:\/\/whitelip.com\/?post_type=product&#038;p=65067"},"modified":"2026-05-09T10:11:19","modified_gmt":"2026-05-09T10:11:19","slug":"togo-pommie-orange","status":"publish","type":"product","link":"https:\/\/whitelip.com\/cs\/togo\/togo-pommie-orange\/","title":{"rendered":"TOGO Pommie Orange"},"content":{"rendered":"<h2>TOGO Pommie Orange<\/h2>\n<p data-start=\"295\" data-end=\"531\">TOGO Pommie Orange jsou nikotinov\u00e9 s\u00e1\u010dky s p\u0159\u00edchut\u00ed gran\u00e1tov\u00e9ho jablka a pomeran\u010de. P\u0159\u00edchu\u0165 se p\u0159edstavuje brzy a kombinuje sladk\u00e9 t\u00f3ny gran\u00e1tov\u00e9ho jablka s jasn\u00fdm citrusov\u00fdm charakterem pomeran\u010de. V\u00fdrobek vyr\u00e1b\u00ed spole\u010dnost Togo Nicotine AB.<\/p>\n<p data-start=\"533\" data-end=\"748\">S\u00e1\u010dky se dod\u00e1vaj\u00ed v tenk\u00e9m form\u00e1tu a ka\u017ed\u00fd s\u00e1\u010dek v\u00e1\u017e\u00ed 0,6 gramu. Plechovka obsahuje 20 nikotinov\u00fdch s\u00e1\u010dk\u016f s celkov\u00fdm obsahem 12 gram\u016f. Obsah nikotinu je 8 mg v jednom s\u00e1\u010dku a 13,33 mg nikotinu v jednom gramu.<\/p>\n<p data-start=\"750\" data-end=\"880\">TOGO Pommie Orange je sou\u010d\u00e1st\u00ed \u0159ady nikotinov\u00fdch s\u00e1\u010dk\u016f TOGO a je vyvinuta s vyv\u00e1\u017een\u00fdm profilem ovocn\u00e9 a citrusov\u00e9 chuti.<\/p>\n<table>\n<tbody>\n<tr>\n<td><b>Atribut<\/b><\/td>\n<td><b>Podrobnosti na<\/b><\/td>\n<\/tr>\n<tr>\n<td><span style=\"font-weight: 400;\">Obsah na plechovku<\/span><\/td>\n<td><span style=\"font-weight: 400;\">12 g (20 s\u00e1\u010dk\u016f)<\/span><\/td>\n<\/tr>\n<tr>\n<td><span style=\"font-weight: 400;\">Obsah nikotinu<\/span><\/td>\n<td><span style=\"font-weight: 400;\">8 mg na s\u00e1\u010dek<\/span><\/td>\n<\/tr>\n<tr>\n<td><span style=\"font-weight: 400;\">Form\u00e1t pouzdra<\/span><\/td>\n<td><span style=\"font-weight: 400;\">Slim<\/span><\/td>\n<\/tr>\n<tr>\n<td><span style=\"font-weight: 400;\">V\u00fdrobce<\/span><\/td>\n<td><span style=\"font-weight: 400;\">TOGO Nicotine AB<\/span><\/td>\n<\/tr>\n<tr>\n<td><span style=\"font-weight: 400;\">P\u0159\u00edchu\u0165<\/span><\/td>\n<td>Gran\u00e1tov\u00e9 jablko, pomeran\u010d<\/td>\n<\/tr>\n<tr>\n<td><span style=\"font-weight: 400;\">Typ<\/span><\/td>\n<td><span style=\"font-weight: 400;\">Celob\u00edl\u00fd s\u00e1\u010dek, bez tab\u00e1ku<\/span><\/td>\n<\/tr>\n<\/tbody>\n<\/table>","protected":false},"excerpt":{"rendered":"<p data-start=\"901\" data-end=\"1023\">TOGO Pommie Orange nikotinov\u00e9 s\u00e1\u010dky s <strong data-start=\"953\" data-end=\"979\">Gran\u00e1tov\u00e9 jablko a pomeran\u010d<\/strong> p\u0159\u00edchu\u0165. Ka\u017ed\u00fd s\u00e1\u010dek obsahuje <strong data-start=\"1008\" data-end=\"1025\">8 mg nikotinu<\/strong>.<\/p>","protected":false},"featured_media":65095,"comment_status":"open","ping_status":"closed","template":"","format":[206],"meta":{"_acf_changed":false},"product_brand":[],"product_cat":[13788],"product_tag":[16583],"flavours":[196],"nicotine":[210,232],"class_list":{"0":"post-65067","1":"product","2":"type-product","3":"status-publish","4":"has-post-thumbnail","6":"product_cat-togo","7":"product_tag-8-mg-pouch","8":"pa_quantity-1-pack","9":"pa_quantity-10-pack","10":"pa_quantity-3-pack","11":"pa_quantity-30-pack","12":"pa_quantity-5-pack","13":"pa_quantity-60-pack","14":"flavours-fruits-berries","15":"format-slim","16":"nicotine-13-mg-g","17":"nicotine-extra-strong","19":"first","20":"instock","21":"taxable","22":"shipping-taxable","23":"purchasable","24":"product-type-variable"},"acf":[],"_links":{"self":[{"href":"https:\/\/whitelip.com\/cs\/wp-json\/wp\/v2\/product\/65067","targetHints":{"allow":["GET"]}}],"collection":[{"href":"https:\/\/whitelip.com\/cs\/wp-json\/wp\/v2\/product"}],"about":[{"href":"https:\/\/whitelip.com\/cs\/wp-json\/wp\/v2\/types\/product"}],"replies":[{"embeddable":true,"href":"https:\/\/whitelip.com\/cs\/wp-json\/wp\/v2\/comments?post=65067"}],"wp:featuredmedia":[{"embeddable":true,"href":"https:\/\/whitelip.com\/cs\/wp-json\/wp\/v2\/media\/65095"}],"wp:attachment":[{"href":"https:\/\/whitelip.com\/cs\/wp-json\/wp\/v2\/media?parent=65067"}],"wp:term":[{"taxonomy":"product_brand","embeddable":true,"href":"https:\/\/whitelip.com\/cs\/wp-json\/wp\/v2\/product_brand?post=65067"},{"taxonomy":"product_cat","embeddable":true,"href":"https:\/\/whitelip.com\/cs\/wp-json\/wp\/v2\/product_cat?post=65067"},{"taxonomy":"product_tag","embeddable":true,"href":"https:\/\/whitelip.com\/cs\/wp-json\/wp\/v2\/product_tag?post=65067"},{"taxonomy":"flavours","embeddable":true,"href":"https:\/\/whitelip.com\/cs\/wp-json\/wp\/v2\/flavours?post=65067"},{"taxonomy":"format","embeddable":true,"href":"https:\/\/whitelip.com\/cs\/wp-json\/wp\/v2\/format?post=65067"},{"taxonomy":"nicotine","embeddable":true,"href":"https:\/\/whitelip.com\/cs\/wp-json\/wp\/v2\/nicotine?post=65067"}],"curies":[{"name":"wp","href":"https:\/\/api.w.org\/{rel}","templated":true}]}}