{"id":65032,"date":"2026-02-02T08:27:35","date_gmt":"2026-02-02T08:27:35","guid":{"rendered":"https:\/\/whitelip.com\/?post_type=product&#038;p=65032"},"modified":"2026-04-01T18:49:21","modified_gmt":"2026-04-01T18:49:21","slug":"denssi-watermelon-freeze-zeronic","status":"publish","type":"product","link":"https:\/\/whitelip.com\/cs\/uncategorized\/denssi-watermelon-freeze-zeronic\/","title":{"rendered":"Denssi Watermelon Freeze Zeronic"},"content":{"rendered":"<p data-start=\"291\" data-end=\"585\">DENSSI Watermelon Freeze Zeronic jsou nikotinem neobsahuj\u00edc\u00ed s\u00e1\u010dky s p\u0159\u00edchut\u00ed melounu a chlad\u00edc\u00edm efektem. P\u0159\u00edchu\u0165 se objevuje hned na za\u010d\u00e1tku a kombinuje ovocn\u00fd meloun s v\u00fdrazn\u00fdm chlad\u00edc\u00edm pocitem. Produkt neobsahuje nikotin a je vyr\u00e1b\u011bn v Evrop\u011b pod zna\u010dkou DENSSI.<\/p>\n<p data-start=\"587\" data-end=\"929\">S\u00e1\u010dky jsou navr\u017eeny tak, aby poskytovaly trval\u00e9 uvol\u0148ov\u00e1n\u00ed chuti bez pou\u017eit\u00ed nikotinu. Ka\u017ed\u00fd s\u00e1\u010dek v\u00e1\u017e\u00ed p\u0159ibli\u017en\u011b 0,7 gram\u016f, nebo 0,5 gram\u016f ve \u0160v\u00e9dsku a Finsku. Plechovka obsahuje p\u0159ibli\u017en\u011b 20 s\u00e1\u010dk\u016f. Produkt pou\u017e\u00edv\u00e1 p\u0159epracovanou sm\u011bs ur\u010denou k poskytnut\u00ed zn\u00e1m\u00e9ho pocitu s\u00e1\u010dku p\u0159i zachov\u00e1n\u00ed \u00fapln\u00e9 absence nikotinu.<\/p>\n<p data-start=\"931\" data-end=\"1090\">DENSSI Watermelon Freeze Zeronic je sou\u010d\u00e1st\u00ed \u0159ady nikotinem neobsahuj\u00edc\u00edch s\u00e1\u010dk\u016f DENSSI a je vyvinut pro u\u017eivatele hledaj\u00edc\u00ed chu\u0165 a intenzitu bez nikotinu.<\/p>\n<table style=\"height: 395px;\" width=\"375\">\n<tbody>\n<tr>\n<td><b>Atribut<\/b><\/td>\n<td><b>Podrobnosti na<\/b><\/td>\n<\/tr>\n<tr>\n<td><b>Zna\u010dka<\/b><\/td>\n<td>Denssi<\/td>\n<\/tr>\n<tr>\n<td><b>Typ v\u00fdrobku<\/b><\/td>\n<td><span style=\"font-weight: 400;\">Zcela b\u00edl\u00e9 s\u00e1\u010dky<\/span><\/td>\n<\/tr>\n<tr>\n<td><b>Form\u00e1t<\/b><\/td>\n<td>Slim<\/td>\n<\/tr>\n<tr>\n<td><b>P\u0159\u00edchu\u0165<\/b><\/td>\n<td>Meloun<\/td>\n<\/tr>\n<tr>\n<td><b>V\u00fdrobce<\/b><\/td>\n<td><span style=\"font-weight: 400;\">Denssi<\/span><\/td>\n<\/tr>\n<tr>\n<td><b>Po\u010det porc\u00ed<\/b><\/td>\n<td><span style=\"font-weight: 400;\">20 za plechovku<\/span><\/td>\n<\/tr>\n<tr>\n<td><b>Pozoruhodn\u00e9 funkce<\/b><\/td>\n<td><span style=\"font-weight: 400;\">Bez tab\u00e1ku, bez nikotinu<\/span><\/td>\n<\/tr>\n<tr>\n<td><\/td>\n<td><\/td>\n<\/tr>\n<tr>\n<td><\/td>\n<td><\/td>\n<\/tr>\n<tr>\n<td><\/td>\n<td><\/td>\n<\/tr>\n<\/tbody>\n<\/table>","protected":false},"excerpt":{"rendered":"<p data-start=\"1185\" data-end=\"1369\">DENSSI Watermelon Freeze Zeronic nikotinem prosycen\u00e9 s\u00e1\u010dky s <strong data-start=\"1182\" data-end=\"1196\">Meloun<\/strong> chut\u00ed a chlad\u00edc\u00edm charakterem.<\/p>","protected":false},"featured_media":65048,"comment_status":"open","ping_status":"closed","template":"","format":[206],"meta":{"_acf_changed":false},"product_brand":[],"product_cat":[15],"product_tag":[],"flavours":[196],"nicotine":[242],"class_list":{"0":"post-65032","1":"product","2":"type-product","3":"status-publish","4":"has-post-thumbnail","6":"product_cat-uncategorized","7":"pa_quantity-1-pack","8":"pa_quantity-10-pack","9":"pa_quantity-3-pack","10":"pa_quantity-30-pack","11":"pa_quantity-5-pack","12":"pa_quantity-60-pack","13":"flavours-fruits-berries","14":"format-slim","15":"nicotine-0-mg-g","17":"first","18":"instock","19":"taxable","20":"shipping-taxable","21":"purchasable","22":"product-type-variable"},"acf":[],"_links":{"self":[{"href":"https:\/\/whitelip.com\/cs\/wp-json\/wp\/v2\/product\/65032","targetHints":{"allow":["GET"]}}],"collection":[{"href":"https:\/\/whitelip.com\/cs\/wp-json\/wp\/v2\/product"}],"about":[{"href":"https:\/\/whitelip.com\/cs\/wp-json\/wp\/v2\/types\/product"}],"replies":[{"embeddable":true,"href":"https:\/\/whitelip.com\/cs\/wp-json\/wp\/v2\/comments?post=65032"}],"wp:featuredmedia":[{"embeddable":true,"href":"https:\/\/whitelip.com\/cs\/wp-json\/wp\/v2\/media\/65048"}],"wp:attachment":[{"href":"https:\/\/whitelip.com\/cs\/wp-json\/wp\/v2\/media?parent=65032"}],"wp:term":[{"taxonomy":"product_brand","embeddable":true,"href":"https:\/\/whitelip.com\/cs\/wp-json\/wp\/v2\/product_brand?post=65032"},{"taxonomy":"product_cat","embeddable":true,"href":"https:\/\/whitelip.com\/cs\/wp-json\/wp\/v2\/product_cat?post=65032"},{"taxonomy":"product_tag","embeddable":true,"href":"https:\/\/whitelip.com\/cs\/wp-json\/wp\/v2\/product_tag?post=65032"},{"taxonomy":"flavours","embeddable":true,"href":"https:\/\/whitelip.com\/cs\/wp-json\/wp\/v2\/flavours?post=65032"},{"taxonomy":"format","embeddable":true,"href":"https:\/\/whitelip.com\/cs\/wp-json\/wp\/v2\/format?post=65032"},{"taxonomy":"nicotine","embeddable":true,"href":"https:\/\/whitelip.com\/cs\/wp-json\/wp\/v2\/nicotine?post=65032"}],"curies":[{"name":"wp","href":"https:\/\/api.w.org\/{rel}","templated":true}]}}