{"id":64180,"date":"2026-01-26T13:14:29","date_gmt":"2026-01-26T13:14:29","guid":{"rendered":"https:\/\/whitelip.com\/?post_type=product&#038;p=64180"},"modified":"2026-04-17T11:29:18","modified_gmt":"2026-04-17T11:29:18","slug":"killa-flash-original","status":"publish","type":"product","link":"https:\/\/whitelip.com\/cs\/killa\/killa-flash-original\/","title":{"rendered":"KILLA Flash Original"},"content":{"rendered":"<h2>KILLA Flash Original<\/h2>\n<p data-start=\"270\" data-end=\"499\">KILLA Original jsou nikotinov\u00e9 s\u00e1\u010dky s m\u00e1tovou p\u0159\u00edchut\u00ed. P\u0159\u00edchu\u0165 je p\u0159edstavena brzy a m\u00e1 m\u00e1tov\u00fd a p\u0159\u00edmo\u010dar\u00fd charakter. V\u00fdrobek neobsahuje tab\u00e1k a je vyr\u00e1b\u011bn spole\u010dnost\u00ed N.G.P Tobacco ApS v D\u00e1nsku. S\u00e1\u010dky se vyr\u00e1b\u011bj\u00ed jako b\u00edl\u00e9 nikotinov\u00e9 s\u00e1\u010dky. Obsah nikotinu je uveden jako 5 mg nikotinu na gram. Celkov\u00e1 \u010dist\u00e1 hmotnost jedn\u00e9 plechovky je 24 gram\u016f. Slo\u017een\u00ed v\u00fdrobku obsahuje vodu, celul\u00f3zu, regul\u00e1tory kyselosti, zvlh\u010duj\u00edc\u00ed l\u00e1tky, p\u0159\u00edrodn\u00ed aromatick\u00e9 l\u00e1tky, nikotin a konzerva\u010dn\u00ed l\u00e1tky. KILLA Original je sou\u010d\u00e1st\u00ed \u0159ady beznikotinov\u00fdch s\u00e1\u010dk\u016f KILLA a vyr\u00e1b\u00ed se s ni\u017e\u0161\u00edm obsahem nikotinu na gram.<\/p>\n<table>\n<tbody>\n<tr>\n<td><b>Atribut<\/b><\/td>\n<td><b>Podrobnosti na<\/b><\/td>\n<\/tr>\n<tr>\n<td><span style=\"font-weight: 400;\">Obsah na plechovku<\/span><\/td>\n<td><span style=\"font-weight: 400;\">24g (20 s\u00e1\u010dk\u016f)<\/span><\/td>\n<\/tr>\n<tr>\n<td><span style=\"font-weight: 400;\">Obsah nikotinu<\/span><\/td>\n<td><span style=\"font-weight: 400;\">5 mg\/g (4 mg na s\u00e1\u010dek)<\/span><\/td>\n<\/tr>\n<tr>\n<td><span style=\"font-weight: 400;\">Form\u00e1t pouzdra<\/span><\/td>\n<td><span style=\"font-weight: 400;\">Slim<\/span><\/td>\n<\/tr>\n<tr>\n<td><span style=\"font-weight: 400;\">V\u00fdrobce<\/span><\/td>\n<td><span style=\"font-weight: 400;\">\u0158\u00ed\u0161e N.G.P<\/span><\/td>\n<\/tr>\n<tr>\n<td><span style=\"font-weight: 400;\">P\u0159\u00edchu\u0165<\/span><\/td>\n<td><span style=\"font-weight: 400;\">M\u00e1tov\u00fd<\/span><\/td>\n<\/tr>\n<tr>\n<td><span style=\"font-weight: 400;\">Typ<\/span><\/td>\n<td><span style=\"font-weight: 400;\">Celob\u00edl\u00fd s\u00e1\u010dek, bez tab\u00e1ku<\/span><\/td>\n<\/tr>\n<\/tbody>\n<\/table>","protected":false},"excerpt":{"rendered":"<p>KILLA Original nikotinov\u00e9 s\u00e1\u010dky s <b>m\u00e1ta <\/b>p\u0159\u00edchu\u0165. Obsah nikotinu je <strong data-start=\"1038\" data-end=\"1055\">5 mg na gram<\/strong>.<\/p>","protected":false},"featured_media":64228,"comment_status":"open","ping_status":"closed","template":"","format":[206],"meta":{"_acf_changed":false},"product_brand":[],"product_cat":[64],"product_tag":[16585],"flavours":[199],"nicotine":[224,234],"class_list":{"0":"post-64180","1":"product","2":"type-product","3":"status-publish","4":"has-post-thumbnail","6":"product_cat-killa","7":"product_tag-4-mg-pouch","8":"pa_quantity-1-pack","9":"pa_quantity-10-pack","10":"pa_quantity-3-pack","11":"pa_quantity-30-pack","12":"pa_quantity-5-pack","13":"pa_quantity-60-pack","14":"flavours-mint","15":"format-slim","16":"nicotine-4-mg-g","17":"nicotine-mild","19":"first","20":"outofstock","21":"taxable","22":"shipping-taxable","23":"purchasable","24":"product-type-variable"},"acf":[],"_links":{"self":[{"href":"https:\/\/whitelip.com\/cs\/wp-json\/wp\/v2\/product\/64180","targetHints":{"allow":["GET"]}}],"collection":[{"href":"https:\/\/whitelip.com\/cs\/wp-json\/wp\/v2\/product"}],"about":[{"href":"https:\/\/whitelip.com\/cs\/wp-json\/wp\/v2\/types\/product"}],"replies":[{"embeddable":true,"href":"https:\/\/whitelip.com\/cs\/wp-json\/wp\/v2\/comments?post=64180"}],"wp:featuredmedia":[{"embeddable":true,"href":"https:\/\/whitelip.com\/cs\/wp-json\/wp\/v2\/media\/64228"}],"wp:attachment":[{"href":"https:\/\/whitelip.com\/cs\/wp-json\/wp\/v2\/media?parent=64180"}],"wp:term":[{"taxonomy":"product_brand","embeddable":true,"href":"https:\/\/whitelip.com\/cs\/wp-json\/wp\/v2\/product_brand?post=64180"},{"taxonomy":"product_cat","embeddable":true,"href":"https:\/\/whitelip.com\/cs\/wp-json\/wp\/v2\/product_cat?post=64180"},{"taxonomy":"product_tag","embeddable":true,"href":"https:\/\/whitelip.com\/cs\/wp-json\/wp\/v2\/product_tag?post=64180"},{"taxonomy":"flavours","embeddable":true,"href":"https:\/\/whitelip.com\/cs\/wp-json\/wp\/v2\/flavours?post=64180"},{"taxonomy":"format","embeddable":true,"href":"https:\/\/whitelip.com\/cs\/wp-json\/wp\/v2\/format?post=64180"},{"taxonomy":"nicotine","embeddable":true,"href":"https:\/\/whitelip.com\/cs\/wp-json\/wp\/v2\/nicotine?post=64180"}],"curies":[{"name":"wp","href":"https:\/\/api.w.org\/{rel}","templated":true}]}}