{"id":63928,"date":"2026-01-26T12:32:24","date_gmt":"2026-01-26T12:32:24","guid":{"rendered":"https:\/\/whitelip.com\/?post_type=product&#038;p=63928"},"modified":"2026-05-07T10:11:43","modified_gmt":"2026-05-07T10:11:43","slug":"killa-flash-grape-ice","status":"publish","type":"product","link":"https:\/\/whitelip.com\/cs\/killa\/killa-flash-grape-ice\/","title":{"rendered":"KILLA Flash Grape Ice"},"content":{"rendered":"<h2>KILLA Flash Grape Ice<\/h2>\n<p data-start=\"280\" data-end=\"532\">KILLA Grape Ice jsou nikotinov\u00e9 s\u00e1\u010dky s p\u0159\u00edchut\u00ed hrozn\u016f a chladiv\u00e9ho ledu. P\u0159\u00edchu\u0165 je p\u0159edstavena brzy a kombinuje sladk\u00fd hroznov\u00fd profil s jasn\u00fdm chladiv\u00fdm charakterem. V\u00fdrobek neobsahuje tab\u00e1k a vyr\u00e1b\u00ed ho spole\u010dnost N.G.P Tobacco ApS v D\u00e1nsku. S\u00e1\u010dky se vyr\u00e1b\u011bj\u00ed jako b\u00edl\u00e9 nikotinov\u00e9 s\u00e1\u010dky. Obsah nikotinu je uveden jako 5 mg nikotinu na gram. Celkov\u00e1 \u010dist\u00e1 hmotnost jedn\u00e9 plechovky je 24 gram\u016f. Slo\u017een\u00ed v\u00fdrobku obsahuje vodu, celul\u00f3zu, regul\u00e1tory kyselosti, zvlh\u010duj\u00edc\u00ed l\u00e1tky, p\u0159\u00edrodn\u00ed aromatick\u00e9 l\u00e1tky, nikotin a konzerva\u010dn\u00ed l\u00e1tky. KILLA Grape Ice je sou\u010d\u00e1st\u00ed \u0159ady beznikotinov\u00fdch s\u00e1\u010dk\u016f KILLA a je navr\u017eena s ni\u017e\u0161\u00edm obsahem nikotinu na gram.<\/p>\n<table>\n<tbody>\n<tr>\n<td><b>Atribut<\/b><\/td>\n<td><b>Podrobnosti na<\/b><\/td>\n<\/tr>\n<tr>\n<td><span style=\"font-weight: 400;\">Obsah na plechovku<\/span><\/td>\n<td><span style=\"font-weight: 400;\">24g (20 s\u00e1\u010dk\u016f)<\/span><\/td>\n<\/tr>\n<tr>\n<td><span style=\"font-weight: 400;\">Obsah nikotinu<\/span><\/td>\n<td><span style=\"font-weight: 400;\">5 mg\/g (4 mg na s\u00e1\u010dek)<\/span><\/td>\n<\/tr>\n<tr>\n<td><span style=\"font-weight: 400;\">Form\u00e1t pouzdra<\/span><\/td>\n<td><span style=\"font-weight: 400;\">Slim<\/span><\/td>\n<\/tr>\n<tr>\n<td><span style=\"font-weight: 400;\">V\u00fdrobce<\/span><\/td>\n<td><span style=\"font-weight: 400;\">\u0158\u00ed\u0161e N.G.P<\/span><\/td>\n<\/tr>\n<tr>\n<td><span style=\"font-weight: 400;\">P\u0159\u00edchu\u0165<\/span><\/td>\n<td><span style=\"font-weight: 400;\">Hrozny<\/span><\/td>\n<\/tr>\n<tr>\n<td><span style=\"font-weight: 400;\">Typ<\/span><\/td>\n<td><span style=\"font-weight: 400;\">Celob\u00edl\u00fd s\u00e1\u010dek, bez tab\u00e1ku<\/span><\/td>\n<\/tr>\n<\/tbody>\n<\/table>","protected":false},"excerpt":{"rendered":"<p>Nikotinov\u00e9 s\u00e1\u010dky KILLA Grape Ice s <strong data-start=\"1032\" data-end=\"1045\">Hroznov\u00fd led<\/strong> p\u0159\u00edchu\u0165. Obsah nikotinu je <strong data-start=\"1074\" data-end=\"1091\">5 mg na gram<\/strong>.<\/p>","protected":false},"featured_media":63952,"comment_status":"open","ping_status":"closed","template":"","format":[205],"meta":{"_acf_changed":false},"product_brand":[],"product_cat":[64],"product_tag":[16585],"flavours":[196],"nicotine":[224,234],"class_list":{"0":"post-63928","1":"product","2":"type-product","3":"status-publish","4":"has-post-thumbnail","6":"product_cat-killa","7":"product_tag-4-mg-pouch","8":"pa_quantity-1-pack","9":"pa_quantity-10-pack","10":"pa_quantity-3-pack","11":"pa_quantity-30-pack","12":"pa_quantity-5-pack","13":"pa_quantity-60-pack","14":"flavours-fruits-berries","15":"format-mini","16":"nicotine-4-mg-g","17":"nicotine-mild","19":"first","20":"instock","21":"taxable","22":"shipping-taxable","23":"purchasable","24":"product-type-variable"},"acf":[],"_links":{"self":[{"href":"https:\/\/whitelip.com\/cs\/wp-json\/wp\/v2\/product\/63928","targetHints":{"allow":["GET"]}}],"collection":[{"href":"https:\/\/whitelip.com\/cs\/wp-json\/wp\/v2\/product"}],"about":[{"href":"https:\/\/whitelip.com\/cs\/wp-json\/wp\/v2\/types\/product"}],"replies":[{"embeddable":true,"href":"https:\/\/whitelip.com\/cs\/wp-json\/wp\/v2\/comments?post=63928"}],"wp:featuredmedia":[{"embeddable":true,"href":"https:\/\/whitelip.com\/cs\/wp-json\/wp\/v2\/media\/63952"}],"wp:attachment":[{"href":"https:\/\/whitelip.com\/cs\/wp-json\/wp\/v2\/media?parent=63928"}],"wp:term":[{"taxonomy":"product_brand","embeddable":true,"href":"https:\/\/whitelip.com\/cs\/wp-json\/wp\/v2\/product_brand?post=63928"},{"taxonomy":"product_cat","embeddable":true,"href":"https:\/\/whitelip.com\/cs\/wp-json\/wp\/v2\/product_cat?post=63928"},{"taxonomy":"product_tag","embeddable":true,"href":"https:\/\/whitelip.com\/cs\/wp-json\/wp\/v2\/product_tag?post=63928"},{"taxonomy":"flavours","embeddable":true,"href":"https:\/\/whitelip.com\/cs\/wp-json\/wp\/v2\/flavours?post=63928"},{"taxonomy":"format","embeddable":true,"href":"https:\/\/whitelip.com\/cs\/wp-json\/wp\/v2\/format?post=63928"},{"taxonomy":"nicotine","embeddable":true,"href":"https:\/\/whitelip.com\/cs\/wp-json\/wp\/v2\/nicotine?post=63928"}],"curies":[{"name":"wp","href":"https:\/\/api.w.org\/{rel}","templated":true}]}}