{"id":63789,"date":"2026-01-26T09:47:56","date_gmt":"2026-01-26T09:47:56","guid":{"rendered":"https:\/\/whitelip.com\/?post_type=product&#038;p=63789"},"modified":"2026-04-14T07:56:30","modified_gmt":"2026-04-14T07:56:30","slug":"fumi-blackcurrant-strong-2","status":"publish","type":"product","link":"https:\/\/whitelip.com\/cs\/fumi\/fumi-blackcurrant-strong-2\/","title":{"rendered":"FUMi Blackcurrant Strong"},"content":{"rendered":"<h2>FUMi Blackcurrant Strong<\/h2>\n<p data-start=\"258\" data-end=\"489\">FUMi Blackcurrant Strong jsou nikotinov\u00e9 s\u00e1\u010dky s p\u0159\u00edchut\u00ed lesn\u00edho ovoce ve slim form\u00e1tu. P\u0159\u00edchu\u0165 je uvedena brzy a m\u00e1 jasn\u00fd charakter bobul\u00ed. V\u00fdrobek neobsahuje tab\u00e1k a vyr\u00e1b\u00ed jej spole\u010dnost Helix Sweden pod zna\u010dkou FUMi. S\u00e1\u010dky jsou dod\u00e1v\u00e1ny ve form\u00e1tu slim, co\u017e znamen\u00e1, \u017ee s\u00e1\u010dky jsou u\u017e\u0161\u00ed ne\u017e tradi\u010dn\u00ed form\u00e1ty. Ka\u017ed\u00e1 plechovka obsahuje 20 nikotinov\u00fdch s\u00e1\u010dk\u016f. Obsah nikotinu je 8 mg v jednom s\u00e1\u010dku a 11,4 mg nikotinu v jednom gramu. V\u00fdrobek je klasifikov\u00e1n jako siln\u00fd na z\u00e1klad\u011b obsahu nikotinu v jednom s\u00e1\u010dku. FUMi Blackcurrant Strong je sou\u010d\u00e1st\u00ed \u0159ady beznikotinov\u00fdch s\u00e1\u010dk\u016f FUMi.<\/p>\n<table>\n<tbody>\n<tr>\n<td><b>Atribut<\/b><\/td>\n<td><b>Podrobnosti na<\/b><\/td>\n<\/tr>\n<tr>\n<td><span style=\"font-weight: 400;\">Obsah na plechovku<\/span><\/td>\n<td><span style=\"font-weight: 400;\">14 g (20 s\u00e1\u010dk\u016f)<\/span><\/td>\n<\/tr>\n<tr>\n<td><span style=\"font-weight: 400;\">Obsah nikotinu<\/span><\/td>\n<td><span style=\"font-weight: 400;\">8 mg na s\u00e1\u010dek<\/span><\/td>\n<\/tr>\n<tr>\n<td><span style=\"font-weight: 400;\">Form\u00e1t pouzdra<\/span><\/td>\n<td><span style=\"font-weight: 400;\">Slim<\/span><\/td>\n<\/tr>\n<tr>\n<td><span style=\"font-weight: 400;\">V\u00fdrobce<\/span><\/td>\n<td><span style=\"font-weight: 400;\">FUMI<\/span><\/td>\n<\/tr>\n<tr>\n<td><span style=\"font-weight: 400;\">P\u0159\u00edchu\u0165<\/span><\/td>\n<td><span style=\"font-weight: 400;\">\u010cern\u00fd ryb\u00edz, bobule<\/span><\/td>\n<\/tr>\n<tr>\n<td><span style=\"font-weight: 400;\">Typ<\/span><\/td>\n<td><span style=\"font-weight: 400;\">Celob\u00edl\u00fd s\u00e1\u010dek, bez tab\u00e1ku<\/span><\/td>\n<\/tr>\n<\/tbody>\n<\/table>","protected":false},"excerpt":{"rendered":"<p data-start=\"901\" data-end=\"1023\">FUMi Blackcurrant Siln\u00e9 nikotinov\u00e9 s\u00e1\u010dky s <strong data-start=\"948\" data-end=\"957\">Berry<\/strong> p\u0159\u00edchu\u0165 v <strong data-start=\"968\" data-end=\"976\">Slim<\/strong> form\u00e1t. Ka\u017ed\u00fd s\u00e1\u010dek obsahuje <strong data-start=\"1005\" data-end=\"1022\">8 mg nikotinu<\/strong>.<\/p>","protected":false},"featured_media":64591,"comment_status":"open","ping_status":"closed","template":"","format":[206],"meta":{"_acf_changed":false},"product_brand":[],"product_cat":[245],"product_tag":[16583],"flavours":[196],"nicotine":[208,236],"class_list":{"0":"post-63789","1":"product","2":"type-product","3":"status-publish","4":"has-post-thumbnail","6":"product_cat-fumi","7":"product_tag-8-mg-pouch","8":"pa_quantity-1-pack","9":"pa_quantity-10-pack","10":"pa_quantity-3-pack","11":"pa_quantity-30-pack","12":"pa_quantity-5-pack","13":"pa_quantity-60-pack","14":"flavours-fruits-berries","15":"format-slim","16":"nicotine-11-mg-g","17":"nicotine-strong","19":"first","20":"instock","21":"taxable","22":"shipping-taxable","23":"purchasable","24":"product-type-variable"},"acf":[],"_links":{"self":[{"href":"https:\/\/whitelip.com\/cs\/wp-json\/wp\/v2\/product\/63789","targetHints":{"allow":["GET"]}}],"collection":[{"href":"https:\/\/whitelip.com\/cs\/wp-json\/wp\/v2\/product"}],"about":[{"href":"https:\/\/whitelip.com\/cs\/wp-json\/wp\/v2\/types\/product"}],"replies":[{"embeddable":true,"href":"https:\/\/whitelip.com\/cs\/wp-json\/wp\/v2\/comments?post=63789"}],"wp:featuredmedia":[{"embeddable":true,"href":"https:\/\/whitelip.com\/cs\/wp-json\/wp\/v2\/media\/64591"}],"wp:attachment":[{"href":"https:\/\/whitelip.com\/cs\/wp-json\/wp\/v2\/media?parent=63789"}],"wp:term":[{"taxonomy":"product_brand","embeddable":true,"href":"https:\/\/whitelip.com\/cs\/wp-json\/wp\/v2\/product_brand?post=63789"},{"taxonomy":"product_cat","embeddable":true,"href":"https:\/\/whitelip.com\/cs\/wp-json\/wp\/v2\/product_cat?post=63789"},{"taxonomy":"product_tag","embeddable":true,"href":"https:\/\/whitelip.com\/cs\/wp-json\/wp\/v2\/product_tag?post=63789"},{"taxonomy":"flavours","embeddable":true,"href":"https:\/\/whitelip.com\/cs\/wp-json\/wp\/v2\/flavours?post=63789"},{"taxonomy":"format","embeddable":true,"href":"https:\/\/whitelip.com\/cs\/wp-json\/wp\/v2\/format?post=63789"},{"taxonomy":"nicotine","embeddable":true,"href":"https:\/\/whitelip.com\/cs\/wp-json\/wp\/v2\/nicotine?post=63789"}],"curies":[{"name":"wp","href":"https:\/\/api.w.org\/{rel}","templated":true}]}}