{"id":63336,"date":"2026-01-23T10:07:58","date_gmt":"2026-01-23T10:07:58","guid":{"rendered":"https:\/\/whitelip.com\/?post_type=product&#038;p=63336"},"modified":"2026-04-22T10:11:50","modified_gmt":"2026-04-22T10:11:50","slug":"egl-glacier-pop-6mg","status":"publish","type":"product","link":"https:\/\/whitelip.com\/cs\/egl\/egl-glacier-pop-6mg\/","title":{"rendered":"EGL Glacier Pop 6mg"},"content":{"rendered":"<h1 data-start=\"2075\" data-end=\"2113\">EGL Glacier Pop 6mg<\/h1>\n<p data-start=\"226\" data-end=\"455\">EGL Glacier Pop jsou nikotinov\u00e9 s\u00e1\u010dky od zna\u010dky EGL. P\u0159\u00edchu\u0165 se projev\u00ed na za\u010d\u00e1tku a m\u00e1 jasn\u00fd sladk\u00fd profil. Produkt pat\u0159\u00ed do kategorie nikotinov\u00fdch s\u00e1\u010dk\u016f a je ur\u010den k pou\u017eit\u00ed bez tab\u00e1ku.<\/p>\n<p data-start=\"457\" data-end=\"631\">EGL Galcier Pop je sou\u010d\u00e1st\u00ed \u0159ady nikotinov\u00fdch s\u00e1\u010dk\u016f EGL a je ur\u010den k um\u00edst\u011bn\u00ed pod horn\u00ed ret. V\u00fdrobek obsahuje nikotin a je ur\u010den pro dosp\u011bl\u00e9 u\u017eivatele.<\/p>\n<table>\n<tbody>\n<tr>\n<td><b>Atribut<\/b><\/td>\n<td><b>Podrobnosti na<\/b><\/td>\n<\/tr>\n<tr>\n<td><b>Obsah na plechovku<\/b><\/td>\n<td><span style=\"font-weight: 400;\">18 s\u00e1\u010dk\u016f<\/span><\/td>\n<\/tr>\n<tr>\n<td><b>Obsah nikotinu<\/b><\/td>\n<td><span style=\"font-weight: 400;\">6 mg na s\u00e1\u010dek<\/span><\/td>\n<\/tr>\n<tr>\n<td><b>Form\u00e1t pouzdra<\/b><\/td>\n<td><span style=\"font-weight: 400;\">Slim<\/span><\/td>\n<\/tr>\n<tr>\n<td><b>V\u00fdrobce<\/b><\/td>\n<td>Smitify Group Ltd<\/td>\n<\/tr>\n<tr>\n<td><b>P\u0159\u00edchu\u0165<\/b><\/td>\n<td>Sladk\u00e9<\/td>\n<\/tr>\n<tr>\n<td><b>Typ<\/b><\/td>\n<td><span style=\"font-weight: 400;\">Celob\u00edl\u00e9 pouzdro<\/span><\/td>\n<\/tr>\n<\/tbody>\n<\/table>","protected":false},"excerpt":{"rendered":"<p>Nikotnov\u00e9 s\u00e1\u010dky EGL Glacier Pop se <b>sladkou <\/b>p\u0159\u00edchu\u0165.<\/p>","protected":false},"featured_media":63393,"comment_status":"open","ping_status":"closed","template":"","format":[206],"meta":{"_acf_changed":false},"product_brand":[],"product_cat":[13692],"product_tag":[16559],"flavours":[185],"nicotine":[],"class_list":{"0":"post-63336","1":"product","2":"type-product","3":"status-publish","4":"has-post-thumbnail","6":"product_cat-egl","7":"product_tag-6-mg-pouch","8":"pa_quantity-1-pack","9":"pa_quantity-10-pack","10":"pa_quantity-3-pack","11":"pa_quantity-30-pack","12":"pa_quantity-5-pack","13":"pa_quantity-60-pack","14":"flavours-candy","15":"format-slim","17":"first","18":"instock","19":"taxable","20":"shipping-taxable","21":"purchasable","22":"product-type-variable"},"acf":[],"_links":{"self":[{"href":"https:\/\/whitelip.com\/cs\/wp-json\/wp\/v2\/product\/63336","targetHints":{"allow":["GET"]}}],"collection":[{"href":"https:\/\/whitelip.com\/cs\/wp-json\/wp\/v2\/product"}],"about":[{"href":"https:\/\/whitelip.com\/cs\/wp-json\/wp\/v2\/types\/product"}],"replies":[{"embeddable":true,"href":"https:\/\/whitelip.com\/cs\/wp-json\/wp\/v2\/comments?post=63336"}],"wp:featuredmedia":[{"embeddable":true,"href":"https:\/\/whitelip.com\/cs\/wp-json\/wp\/v2\/media\/63393"}],"wp:attachment":[{"href":"https:\/\/whitelip.com\/cs\/wp-json\/wp\/v2\/media?parent=63336"}],"wp:term":[{"taxonomy":"product_brand","embeddable":true,"href":"https:\/\/whitelip.com\/cs\/wp-json\/wp\/v2\/product_brand?post=63336"},{"taxonomy":"product_cat","embeddable":true,"href":"https:\/\/whitelip.com\/cs\/wp-json\/wp\/v2\/product_cat?post=63336"},{"taxonomy":"product_tag","embeddable":true,"href":"https:\/\/whitelip.com\/cs\/wp-json\/wp\/v2\/product_tag?post=63336"},{"taxonomy":"flavours","embeddable":true,"href":"https:\/\/whitelip.com\/cs\/wp-json\/wp\/v2\/flavours?post=63336"},{"taxonomy":"format","embeddable":true,"href":"https:\/\/whitelip.com\/cs\/wp-json\/wp\/v2\/format?post=63336"},{"taxonomy":"nicotine","embeddable":true,"href":"https:\/\/whitelip.com\/cs\/wp-json\/wp\/v2\/nicotine?post=63336"}],"curies":[{"name":"wp","href":"https:\/\/api.w.org\/{rel}","templated":true}]}}