{"id":62589,"date":"2026-01-19T13:27:36","date_gmt":"2026-01-19T13:27:36","guid":{"rendered":"https:\/\/whitelip.com\/?post_type=product&#038;p=62589"},"modified":"2026-05-06T20:01:27","modified_gmt":"2026-05-06T20:01:27","slug":"juice-head-peach-pineapple-14mg","status":"publish","type":"product","link":"https:\/\/whitelip.com\/cs\/juice-head\/juice-head-peach-pineapple-14mg\/","title":{"rendered":"Juice Head Peach Pineapple 14mg"},"content":{"rendered":"<h1 data-start=\"2075\" data-end=\"2113\">Juice Head Peach Pineapple 14mg<\/h1>\n<p data-start=\"1151\" data-end=\"1449\">Juice Head Peach Pineapple 14 mg jsou nikotinov\u00e9 s\u00e1\u010dky s p\u0159\u00edchut\u00ed broskve a ananasu ve slim form\u00e1tu. P\u0159\u00edchu\u0165 je p\u0159edstavena brzy a m\u00e1 ovocn\u00fd charakter kombinuj\u00edc\u00ed broskev a ananas. V\u00fdrobek neobsahuje tab\u00e1k a vyr\u00e1b\u00ed jej spole\u010dnost Streamline Group Inc. pod zna\u010dkou Juice Head. S\u00e1\u010dky jsou dod\u00e1v\u00e1ny ve slim form\u00e1tu a skl\u00e1daj\u00ed se z \u00fazk\u00fdch s\u00e1\u010dk\u016f. Obsah nikotinu je 14 mg v jednom s\u00e1\u010dku a 20 mg nikotinu v jednom gramu. V\u00fdrobek je klasifikov\u00e1n jako ultra siln\u00fd na z\u00e1klad\u011b obsahu nikotinu v jednom s\u00e1\u010dku. Juice Head Peach Pineapple 14 mg je sou\u010d\u00e1st\u00ed \u0159ady beznikotinov\u00fdch s\u00e1\u010dk\u016f Juice Head.<\/p>\n<table>\n<tbody>\n<tr>\n<td><b>Atribut<\/b><\/td>\n<td><b>Podrobnosti na<\/b><\/td>\n<\/tr>\n<tr>\n<td><b>Obsah na plechovku<\/b><\/td>\n<td><span style=\"font-weight: 400;\">20 s\u00e1\u010dk\u016f<\/span><\/td>\n<\/tr>\n<tr>\n<td><b>Obsah nikotinu<\/b><\/td>\n<td><span style=\"font-weight: 400;\">20 mg\/g (14 mg na s\u00e1\u010dek)<\/span><\/td>\n<\/tr>\n<tr>\n<td><b>Form\u00e1t pouzdra<\/b><\/td>\n<td><span style=\"font-weight: 400;\">Slim<\/span><\/td>\n<\/tr>\n<tr>\n<td><b>V\u00fdrobce<\/b><\/td>\n<td>Streamline Group Inc<\/td>\n<\/tr>\n<tr>\n<td><b>P\u0159\u00edchu\u0165<\/b><\/td>\n<td>Broskev a ananas<\/td>\n<\/tr>\n<tr>\n<td><b>Typ<\/b><\/td>\n<td><span style=\"font-weight: 400;\">Celob\u00edl\u00e9 pouzdro<\/span><\/td>\n<\/tr>\n<\/tbody>\n<\/table>","protected":false},"excerpt":{"rendered":"<p><strong>Evropsk\u00e1 verze<\/strong><\/p>\n<p>&nbsp;<\/p>\n<p>Juice Head Peach Pineapple 14mg nikotinov\u00e9 s\u00e1\u010dky s <strong data-start=\"1865\" data-end=\"1888\">Broskev a ananas<\/strong> p\u0159\u00edchu\u0165 v <strong data-start=\"1899\" data-end=\"1907\">Slim<\/strong> form\u00e1t. Ka\u017ed\u00fd s\u00e1\u010dek obsahuje <strong data-start=\"1936\" data-end=\"1954\">14 mg nikotinu<\/strong>.<\/p>","protected":false},"featured_media":62988,"comment_status":"open","ping_status":"closed","template":"","format":[206],"meta":{"_acf_changed":false},"product_brand":[],"product_cat":[13598],"product_tag":[16581],"flavours":[196],"nicotine":[218,232],"class_list":{"0":"post-62589","1":"product","2":"type-product","3":"status-publish","4":"has-post-thumbnail","6":"product_cat-juice-head","7":"product_tag-14-mg-pouch","8":"pa_quantity-1-pack","9":"pa_quantity-10-pack","10":"pa_quantity-3-pack","11":"pa_quantity-30-pack","12":"pa_quantity-5-pack","13":"pa_quantity-60-pack","14":"flavours-fruits-berries","15":"format-slim","16":"nicotine-20-mg-g","17":"nicotine-extra-strong","19":"first","20":"instock","21":"taxable","22":"shipping-taxable","23":"purchasable","24":"product-type-variable"},"acf":[],"_links":{"self":[{"href":"https:\/\/whitelip.com\/cs\/wp-json\/wp\/v2\/product\/62589","targetHints":{"allow":["GET"]}}],"collection":[{"href":"https:\/\/whitelip.com\/cs\/wp-json\/wp\/v2\/product"}],"about":[{"href":"https:\/\/whitelip.com\/cs\/wp-json\/wp\/v2\/types\/product"}],"replies":[{"embeddable":true,"href":"https:\/\/whitelip.com\/cs\/wp-json\/wp\/v2\/comments?post=62589"}],"wp:featuredmedia":[{"embeddable":true,"href":"https:\/\/whitelip.com\/cs\/wp-json\/wp\/v2\/media\/62988"}],"wp:attachment":[{"href":"https:\/\/whitelip.com\/cs\/wp-json\/wp\/v2\/media?parent=62589"}],"wp:term":[{"taxonomy":"product_brand","embeddable":true,"href":"https:\/\/whitelip.com\/cs\/wp-json\/wp\/v2\/product_brand?post=62589"},{"taxonomy":"product_cat","embeddable":true,"href":"https:\/\/whitelip.com\/cs\/wp-json\/wp\/v2\/product_cat?post=62589"},{"taxonomy":"product_tag","embeddable":true,"href":"https:\/\/whitelip.com\/cs\/wp-json\/wp\/v2\/product_tag?post=62589"},{"taxonomy":"flavours","embeddable":true,"href":"https:\/\/whitelip.com\/cs\/wp-json\/wp\/v2\/flavours?post=62589"},{"taxonomy":"format","embeddable":true,"href":"https:\/\/whitelip.com\/cs\/wp-json\/wp\/v2\/format?post=62589"},{"taxonomy":"nicotine","embeddable":true,"href":"https:\/\/whitelip.com\/cs\/wp-json\/wp\/v2\/nicotine?post=62589"}],"curies":[{"name":"wp","href":"https:\/\/api.w.org\/{rel}","templated":true}]}}